{"id":18,"date":"2020-04-14T12:32:48","date_gmt":"2020-04-14T12:32:48","guid":{"rendered":"https:\/\/songbook.qodeinteractive.com\/checkout\/"},"modified":"2020-04-14T12:32:48","modified_gmt":"2020-04-14T12:32:48","slug":"checkout","status":"publish","type":"page","link":"https:\/\/d-t-musikakademie.de\/en\/checkout\/","title":{"rendered":"Checkout"},"content":{"rendered":"<p>[woocommerce_checkout]<\/p>\n<p> Il n&#8217;a pas \u00e9t\u00e9 mis en \u00e9vidence de b\u00e9n\u00e9fice de l&#8217;association dans la population \u00e9tudi\u00e9e. L&#8217;utilisation concomitante du riociguat avec les inhibiteurs des PDE5, tels que le tadalafil, est contre-indiqu\u00e9e voir rubrique Contre-indications. Dans un essai clinique comparant l&#8217;administration simultan\u00e9e de 5 mg de tadalafil et 5 mg de finast\u00e9ride \u00e0 un placebo et 5 mg de finast\u00e9ride pour soulager les sympt\u00f4mes de l&#8217;hypertrophie b\u00e9nigne de la prostate, aucun nouvel effet ind\u00e9sirable n&#8217;a \u00e9t\u00e9 identifi\u00e9. <a href=\"https:\/\/www.cialispascherfr24.com\/\">cialispascherfr24.com<\/a> Aucune \u00e9tude d&#8217;interaction m\u00e9dicamenteuse \u00e9valuant les effets du tadalafil et des inhibiteurs de la 5- alpha r\u00e9ductase 5-ARI n&#8217;ayant \u00e9t\u00e9 effectu\u00e9e, il conviendra d&#8217;\u00eatre prudent en cas d&#8217;administration concomitante de tadalafil et de 5-ARI.<\/p>","protected":false},"excerpt":{"rendered":"<p>Il n&#8217;a pas \u00e9t\u00e9 mis en \u00e9vidence de b\u00e9n\u00e9fice de l&#8217;association dans la population \u00e9tudi\u00e9e. L&#8217;utilisation concomitante du riociguat avec les inhibiteurs des PDE5, tels que le tadalafil, est contre-indiqu\u00e9e voir rubrique Contre-indications. Dans un essai clinique comparant l&#8217;administration simultan\u00e9e de 5 mg de tadalafil et 5 mg de finast\u00e9ride \u00e0 un placebo et 5 [&hellip;]<\/p>\n","protected":false},"author":1,"featured_media":0,"parent":0,"menu_order":0,"comment_status":"closed","ping_status":"closed","template":"","meta":{"footnotes":""},"class_list":["post-18","page","type-page","status-publish","hentry"],"_links":{"self":[{"href":"https:\/\/d-t-musikakademie.de\/en\/wp-json\/wp\/v2\/pages\/18","targetHints":{"allow":["GET"]}}],"collection":[{"href":"https:\/\/d-t-musikakademie.de\/en\/wp-json\/wp\/v2\/pages"}],"about":[{"href":"https:\/\/d-t-musikakademie.de\/en\/wp-json\/wp\/v2\/types\/page"}],"author":[{"embeddable":true,"href":"https:\/\/d-t-musikakademie.de\/en\/wp-json\/wp\/v2\/users\/1"}],"replies":[{"embeddable":true,"href":"https:\/\/d-t-musikakademie.de\/en\/wp-json\/wp\/v2\/comments?post=18"}],"version-history":[{"count":0,"href":"https:\/\/d-t-musikakademie.de\/en\/wp-json\/wp\/v2\/pages\/18\/revisions"}],"wp:attachment":[{"href":"https:\/\/d-t-musikakademie.de\/en\/wp-json\/wp\/v2\/media?parent=18"}],"curies":[{"name":"wp","href":"https:\/\/api.w.org\/{rel}","templated":true}]}}