{"id":4207,"date":"2025-11-05T06:35:49","date_gmt":"2025-11-05T06:35:49","guid":{"rendered":"https:\/\/hwb.thetechvillehub.com\/?page_id=4207"},"modified":"2026-05-15T08:53:48","modified_gmt":"2026-05-15T08:53:48","slug":"auszeichnungen","status":"publish","type":"page","link":"https:\/\/d-t-musikakademie.de\/en\/auszeichnungen\/","title":{"rendered":"Awards"},"content":{"rendered":"<div data-elementor-type=\"wp-page\" data-elementor-id=\"4207\" class=\"elementor elementor-4207\" data-elementor-post-type=\"page\">\n\t\t\t\t\t\t<section class=\"elementor-section elementor-top-section elementor-element elementor-element-e1cf83a elementor-section-height-min-height elementor-section-boxed elementor-section-height-default elementor-section-items-middle qodef-elementor-content-no\" data-id=\"e1cf83a\" data-element_type=\"section\" data-e-type=\"section\" data-settings=\"{&quot;background_background&quot;:&quot;classic&quot;}\">\n\t\t\t\t\t\t<div class=\"elementor-container elementor-column-gap-default\">\n\t\t\t\t\t<div class=\"elementor-column elementor-col-100 elementor-top-column elementor-element elementor-element-1a57730\" data-id=\"1a57730\" data-element_type=\"column\" data-e-type=\"column\">\n\t\t\t<div class=\"elementor-widget-wrap elementor-element-populated\">\n\t\t\t\t\t\t<div class=\"elementor-element elementor-element-88bf103 elementor-hidden-desktop elementor-hidden-tablet elementor-hidden-mobile elementor-widget elementor-widget-eael-breadcrumbs\" data-id=\"88bf103\" data-element_type=\"widget\" data-e-type=\"widget\" data-widget_type=\"eael-breadcrumbs.default\">\n\t\t\t\t<div class=\"elementor-widget-container\">\n\t\t\t\t\t\t\t<div class=\"eael-breadcrumbs\">\n\t\t\t<div class=\"eael-breadcrumbs__content\"><a href=\"https:\/\/d-t-musikakademie.de\/en\">Home<\/a> <span class=\"eael-breadcrumb-separator\">\/ \u00dcber uns \/<\/span> <span class = \"eael-current\">Page<\/span><\/div>\t\t<\/div>\n\t\t\t\t\t\t<\/div>\n\t\t\t\t<\/div>\n\t\t\t\t<div class=\"elementor-element elementor-element-fc9ade1 elementor-icon-list--layout-inline elementor-align-center elementor-list-item-link-full_width elementor-widget elementor-widget-icon-list\" data-id=\"fc9ade1\" data-element_type=\"widget\" data-e-type=\"widget\" data-widget_type=\"icon-list.default\">\n\t\t\t\t\t\t\t<ul class=\"elementor-icon-list-items elementor-inline-items\">\n\t\t\t\t\t\t\t<li class=\"elementor-icon-list-item elementor-inline-item\">\n\t\t\t\t\t\t\t\t\t\t\t<a href=\"https:\/\/d-t-musikakademie.de\/en\/\">\n\n\t\t\t\t\t\t\t\t\t\t\t<span class=\"elementor-icon-list-text\">Home<\/span>\n\t\t\t\t\t\t\t\t\t\t\t<\/a>\n\t\t\t\t\t\t\t\t\t<\/li>\n\t\t\t\t\t\t\t\t<li class=\"elementor-icon-list-item elementor-inline-item\">\n\t\t\t\t\t\t\t\t\t\t<span class=\"elementor-icon-list-text\">About Us  <\/span>\n\t\t\t\t\t\t\t\t\t<\/li>\n\t\t\t\t\t\t<\/ul>\n\t\t\t\t\t\t<\/div>\n\t\t\t\t<div class=\"elementor-element elementor-element-f1321f6 elementor-widget elementor-widget-heading\" data-id=\"f1321f6\" data-element_type=\"widget\" data-e-type=\"widget\" data-widget_type=\"heading.default\">\n\t\t\t\t\t<h2 class=\"elementor-heading-title elementor-size-default\">Awards<\/h2>\t\t\t\t<\/div>\n\t\t\t\t\t<\/div>\n\t\t<\/div>\n\t\t\t\t\t<\/div>\n\t\t<\/section>\n\t\t\t\t<section class=\"elementor-section elementor-top-section elementor-element elementor-element-28d726b elementor-section-boxed elementor-section-height-default elementor-section-height-default qodef-elementor-content-no\" data-id=\"28d726b\" data-element_type=\"section\" data-e-type=\"section\">\n\t\t\t\t\t\t<div class=\"elementor-container elementor-column-gap-default\">\n\t\t\t\t\t<div class=\"elementor-column elementor-col-100 elementor-top-column elementor-element elementor-element-eb13639\" data-id=\"eb13639\" data-element_type=\"column\" data-e-type=\"column\">\n\t\t\t<div class=\"elementor-widget-wrap elementor-element-populated\">\n\t\t\t\t\t\t<div class=\"elementor-element elementor-element-1f1e33d elementor-widget elementor-widget-image\" data-id=\"1f1e33d\" data-element_type=\"widget\" data-e-type=\"widget\" data-widget_type=\"image.default\">\n\t\t\t\t\t\t\t\t\t\t\t\t\t\t\t\t<a href=\"https:\/\/hwb.thetechvillehub.com\/wp-content\/uploads\/2026\/03\/medaillen-scaled.jpg\" data-elementor-open-lightbox=\"yes\" data-elementor-lightbox-title=\"medaillen\" data-e-action-hash=\"#elementor-action%3Aaction%3Dlightbox%26settings%3DeyJpZCI6NjkwNywidXJsIjoiaHR0cHM6XC9cL2QtdC1tdXNpa2FrYWRlbWllLmRlXC93cC1jb250ZW50XC91cGxvYWRzXC8yMDI2XC8wM1wvbWVkYWlsbGVuLXNjYWxlZC5qcGcifQ%3D%3D\">\n\t\t\t\t\t\t\t<img fetchpriority=\"high\" decoding=\"async\" width=\"768\" height=\"634\" src=\"https:\/\/d-t-musikakademie.de\/wp-content\/uploads\/2026\/03\/medaillen-768x634.jpg\" class=\"attachment-medium_large size-medium_large wp-image-6907\" alt=\"\" srcset=\"https:\/\/d-t-musikakademie.de\/wp-content\/uploads\/2026\/03\/medaillen-768x634.jpg 768w, https:\/\/d-t-musikakademie.de\/wp-content\/uploads\/2026\/03\/medaillen-300x248.jpg 300w, https:\/\/d-t-musikakademie.de\/wp-content\/uploads\/2026\/03\/medaillen-1024x845.jpg 1024w, https:\/\/d-t-musikakademie.de\/wp-content\/uploads\/2026\/03\/medaillen-1536x1268.jpg 1536w, https:\/\/d-t-musikakademie.de\/wp-content\/uploads\/2026\/03\/medaillen-2048x1691.jpg 2048w, https:\/\/d-t-musikakademie.de\/wp-content\/uploads\/2026\/03\/medaillen-15x12.jpg 15w\" sizes=\"(max-width: 768px) 100vw, 768px\" \/>\t\t\t\t\t\t\t\t<\/a>\n\t\t\t\t\t\t\t\t\t\t\t\t\t\t\t<\/div>\n\t\t\t\t<div class=\"elementor-element elementor-element-6ce58ab elementor-widget elementor-widget-text-editor\" data-id=\"6ce58ab\" data-element_type=\"widget\" data-e-type=\"widget\" data-widget_type=\"text-editor.default\">\n\t\t\t\t\t\t\t\t\t<p class=\"translation-block\"><strong>A\u015f\u0131k Veysel<\/strong> medals made of gold and bronze<\/p>\t\t\t\t\t\t\t\t<\/div>\n\t\t\t\t\t<\/div>\n\t\t<\/div>\n\t\t\t\t\t<\/div>\n\t\t<\/section>\n\t\t\t\t<section class=\"elementor-section elementor-top-section elementor-element elementor-element-61492d7 elementor-section-boxed elementor-section-height-default elementor-section-height-default qodef-elementor-content-no\" data-id=\"61492d7\" data-element_type=\"section\" data-e-type=\"section\">\n\t\t\t\t\t\t<div class=\"elementor-container elementor-column-gap-default\">\n\t\t\t\t\t<div class=\"elementor-column elementor-col-100 elementor-top-column elementor-element elementor-element-62d12f2\" data-id=\"62d12f2\" data-element_type=\"column\" data-e-type=\"column\">\n\t\t\t<div class=\"elementor-widget-wrap elementor-element-populated\">\n\t\t\t\t\t\t<div class=\"elementor-element elementor-element-1c2a346 elementor-widget elementor-widget-image\" data-id=\"1c2a346\" data-element_type=\"widget\" data-e-type=\"widget\" data-widget_type=\"image.default\">\n\t\t\t\t\t\t\t\t\t\t\t\t\t\t\t<img decoding=\"async\" width=\"374\" height=\"277\" src=\"https:\/\/d-t-musikakademie.de\/wp-content\/uploads\/2026\/01\/RTEmagicC_Medaille_UEbergabe.jpg-1.jpg\" class=\"attachment-full size-full wp-image-6550\" alt=\"\" srcset=\"https:\/\/d-t-musikakademie.de\/wp-content\/uploads\/2026\/01\/RTEmagicC_Medaille_UEbergabe.jpg-1.jpg 374w, https:\/\/d-t-musikakademie.de\/wp-content\/uploads\/2026\/01\/RTEmagicC_Medaille_UEbergabe.jpg-1-300x222.jpg 300w, https:\/\/d-t-musikakademie.de\/wp-content\/uploads\/2026\/01\/RTEmagicC_Medaille_UEbergabe.jpg-1-16x12.jpg 16w\" sizes=\"(max-width: 374px) 100vw, 374px\" \/>\t\t\t\t\t\t\t\t\t\t\t\t\t\t\t<\/div>\n\t\t\t\t<div class=\"elementor-element elementor-element-4eb0319 elementor-widget elementor-widget-text-editor\" data-id=\"4eb0319\" data-element_type=\"widget\" data-e-type=\"widget\" data-widget_type=\"text-editor.default\">\n\t\t\t\t\t\t\t\t\t<p class=\"p1\">As part of the first \u201cBa\u011flama Symposium\u201d in Germany, Adil Arslan, Director of the deutsch-t\u00fcrkische\nMusikakademie, presented the first three copies of the \u00c2\u015f\u0131k Veysel medallion to: Prof. Martin\nRennert (President of the Berlin University of the Arts and patron of the \u201cBa\u011flama \u2013 Instrument of\nthe Year 2013\u201d project), Dr. Hubert Kolland (President of the Berlin State Music Council), and\nProf. Christian H\u00f6ppner (Secretary General of the German Music Council and Vice President of the\nEuropean Music Council) \u2013 (pictured from left to right).<\/p><p class=\"p1\">The \u00c2\u015f\u0131k Veysel medallion was specially commissioned by the deutsch-t\u00fcrkische Musikakademie from the artist Maria Lucia Hardegen as part of the \u201cBa\u011flama \u2013 Instrument of the Year 2013\u201d project and is available through the academy. This special edition consists of 100 individually numbered, handmade medallions accompanied by a name list.<\/p>\t\t\t\t\t\t\t\t<\/div>\n\t\t\t\t\t<\/div>\n\t\t<\/div>\n\t\t\t\t\t<\/div>\n\t\t<\/section>\n\t\t\t\t<section class=\"elementor-section elementor-top-section elementor-element elementor-element-51e0826 qodef-elementor-content-grid elementor-section-boxed elementor-section-height-default elementor-section-height-default\" data-id=\"51e0826\" data-element_type=\"section\" data-e-type=\"section\">\n\t\t\t\t\t\t<div class=\"elementor-container elementor-column-gap-default\">\n\t\t\t\t\t<div class=\"elementor-column elementor-col-100 elementor-top-column elementor-element elementor-element-a081ee5\" data-id=\"a081ee5\" data-element_type=\"column\" data-e-type=\"column\" data-settings=\"{&quot;background_background&quot;:&quot;classic&quot;}\">\n\t\t\t<div class=\"elementor-widget-wrap elementor-element-populated\">\n\t\t\t\t\t\t<div class=\"elementor-element elementor-element-b65213e elementor-widget elementor-widget-image\" data-id=\"b65213e\" data-element_type=\"widget\" data-e-type=\"widget\" data-widget_type=\"image.default\">\n\t\t\t\t\t\t\t\t\t\t\t\t\t\t\t<img decoding=\"async\" width=\"192\" height=\"300\" src=\"https:\/\/d-t-musikakademie.de\/wp-content\/uploads\/2025\/11\/award-2-192x300.png\" class=\"attachment-medium size-medium wp-image-4269\" alt=\"\" srcset=\"https:\/\/d-t-musikakademie.de\/wp-content\/uploads\/2025\/11\/award-2-192x300.png 192w, https:\/\/d-t-musikakademie.de\/wp-content\/uploads\/2025\/11\/award-2-657x1024.png 657w, https:\/\/d-t-musikakademie.de\/wp-content\/uploads\/2025\/11\/award-2-768x1198.png 768w, https:\/\/d-t-musikakademie.de\/wp-content\/uploads\/2025\/11\/award-2-985x1536.png 985w, https:\/\/d-t-musikakademie.de\/wp-content\/uploads\/2025\/11\/award-2-1313x2048.png 1313w, https:\/\/d-t-musikakademie.de\/wp-content\/uploads\/2025\/11\/award-2-scaled.png 1642w\" sizes=\"(max-width: 192px) 100vw, 192px\" \/>\t\t\t\t\t\t\t\t\t\t\t\t\t\t\t<\/div>\n\t\t\t\t<div class=\"elementor-element elementor-element-7814be6 elementor-widget elementor-widget-text-editor\" data-id=\"7814be6\" data-element_type=\"widget\" data-e-type=\"widget\" data-widget_type=\"text-editor.default\">\n\t\t\t\t\t\t\t\t\t<h1 class=\"p1\">Karneval der Kulturen<\/h1>\t\t\t\t\t\t\t\t<\/div>\n\t\t\t\t<div class=\"elementor-element elementor-element-c3ac599 elementor-widget elementor-widget-text-editor\" data-id=\"c3ac599\" data-element_type=\"widget\" data-e-type=\"widget\" data-widget_type=\"text-editor.default\">\n\t\t\t\t\t\t\t\t\t<p class=\"p1\">In 2007, at the \u201cKarneval der Kulturen\u201d festival held in Berlin, the deutsch-t\u00fcrkische Musikakademie\u2019s\nfolk dance group was awarded second place in the folk dance competition.<\/p>\t\t\t\t\t\t\t\t<\/div>\n\t\t\t\t\t<\/div>\n\t\t<\/div>\n\t\t\t\t\t<\/div>\n\t\t<\/section>\n\t\t\t\t<section class=\"elementor-section elementor-top-section elementor-element elementor-element-bffef02 elementor-section-boxed elementor-section-height-default elementor-section-height-default qodef-elementor-content-no\" data-id=\"bffef02\" data-element_type=\"section\" data-e-type=\"section\">\n\t\t\t\t\t\t<div class=\"elementor-container elementor-column-gap-wider\">\n\t\t\t\t\t<div class=\"elementor-column elementor-col-50 elementor-top-column elementor-element elementor-element-64d6d44\" data-id=\"64d6d44\" data-element_type=\"column\" data-e-type=\"column\">\n\t\t\t<div class=\"elementor-widget-wrap elementor-element-populated\">\n\t\t\t\t\t\t<div class=\"elementor-element elementor-element-1927821 elementor-widget elementor-widget-image\" data-id=\"1927821\" data-element_type=\"widget\" data-e-type=\"widget\" data-widget_type=\"image.default\">\n\t\t\t\t\t\t\t\t\t\t\t\t\t\t\t\t<a href=\"https:\/\/hwb.thetechvillehub.com\/wp-content\/uploads\/2025\/11\/award-3a.png\" data-elementor-open-lightbox=\"yes\" data-elementor-lightbox-title=\"award 3a\" data-e-action-hash=\"#elementor-action%3Aaction%3Dlightbox%26settings%3DeyJpZCI6NDI3MiwidXJsIjoiaHR0cHM6XC9cL2QtdC1tdXNpa2FrYWRlbWllLmRlXC93cC1jb250ZW50XC91cGxvYWRzXC8yMDI1XC8xMVwvYXdhcmQtM2EucG5nIn0%3D\">\n\t\t\t\t\t\t\t<img loading=\"lazy\" decoding=\"async\" width=\"211\" height=\"300\" src=\"https:\/\/d-t-musikakademie.de\/wp-content\/uploads\/2025\/11\/award-3a-211x300.png\" class=\"attachment-medium size-medium wp-image-4272\" alt=\"\" srcset=\"https:\/\/d-t-musikakademie.de\/wp-content\/uploads\/2025\/11\/award-3a-211x300.png 211w, https:\/\/d-t-musikakademie.de\/wp-content\/uploads\/2025\/11\/award-3a-721x1024.png 721w, https:\/\/d-t-musikakademie.de\/wp-content\/uploads\/2025\/11\/award-3a.png 735w\" sizes=\"(max-width: 211px) 100vw, 211px\" \/>\t\t\t\t\t\t\t\t<\/a>\n\t\t\t\t\t\t\t\t\t\t\t\t\t\t\t<\/div>\n\t\t\t\t<div class=\"elementor-element elementor-element-c577936 elementor-widget elementor-widget-text-editor\" data-id=\"c577936\" data-element_type=\"widget\" data-e-type=\"widget\" data-widget_type=\"text-editor.default\">\n\t\t\t\t\t\t\t\t\t<p class=\"p1\">In 2003, under the patronage of the German Federal Presidency, a student of the deutsch-t\u00fcrkische Musikakademie was awarded first place in the ba\u011flama competition organized by the DEUTSCHER MUSIKRAT.<\/p>\t\t\t\t\t\t\t\t<\/div>\n\t\t\t\t\t<\/div>\n\t\t<\/div>\n\t\t\t\t<div class=\"elementor-column elementor-col-50 elementor-top-column elementor-element elementor-element-ed9f408\" data-id=\"ed9f408\" data-element_type=\"column\" data-e-type=\"column\">\n\t\t\t<div class=\"elementor-widget-wrap elementor-element-populated\">\n\t\t\t\t\t\t<div class=\"elementor-element elementor-element-eff8941 elementor-widget elementor-widget-image\" data-id=\"eff8941\" data-element_type=\"widget\" data-e-type=\"widget\" data-widget_type=\"image.default\">\n\t\t\t\t\t\t\t\t\t\t\t\t\t\t\t\t<a href=\"https:\/\/hwb.thetechvillehub.com\/wp-content\/uploads\/2025\/11\/award-3b.png\" data-elementor-open-lightbox=\"yes\" data-elementor-lightbox-title=\"award 3b\" data-e-action-hash=\"#elementor-action%3Aaction%3Dlightbox%26settings%3DeyJpZCI6NDI3MywidXJsIjoiaHR0cHM6XC9cL2QtdC1tdXNpa2FrYWRlbWllLmRlXC93cC1jb250ZW50XC91cGxvYWRzXC8yMDI1XC8xMVwvYXdhcmQtM2IucG5nIn0%3D\">\n\t\t\t\t\t\t\t<img loading=\"lazy\" decoding=\"async\" width=\"211\" height=\"300\" src=\"https:\/\/d-t-musikakademie.de\/wp-content\/uploads\/2025\/11\/award-3b-211x300.png\" class=\"attachment-medium size-medium wp-image-4273\" alt=\"\" srcset=\"https:\/\/d-t-musikakademie.de\/wp-content\/uploads\/2025\/11\/award-3b-211x300.png 211w, https:\/\/d-t-musikakademie.de\/wp-content\/uploads\/2025\/11\/award-3b-721x1024.png 721w, https:\/\/d-t-musikakademie.de\/wp-content\/uploads\/2025\/11\/award-3b.png 735w\" sizes=\"(max-width: 211px) 100vw, 211px\" \/>\t\t\t\t\t\t\t\t<\/a>\n\t\t\t\t\t\t\t\t\t\t\t\t\t\t\t<\/div>\n\t\t\t\t<div class=\"elementor-element elementor-element-32eb340 elementor-widget elementor-widget-text-editor\" data-id=\"32eb340\" data-element_type=\"widget\" data-e-type=\"widget\" data-widget_type=\"text-editor.default\">\n\t\t\t\t\t\t\t\t\t<p class=\"p1\">In 2013, a student of the deutsch-t\u00fcrkische Musikakademie received an award in the TAG DER BA\u011eLAMA competition organized by the LANDESMUSIKRAT BERLIN.<\/p>\t\t\t\t\t\t\t\t<\/div>\n\t\t\t\t\t<\/div>\n\t\t<\/div>\n\t\t\t\t\t<\/div>\n\t\t<\/section>\n\t\t\t\t<section class=\"elementor-section elementor-top-section elementor-element elementor-element-5d7c1f4 elementor-section-boxed elementor-section-height-default elementor-section-height-default qodef-elementor-content-no\" data-id=\"5d7c1f4\" data-element_type=\"section\" data-e-type=\"section\">\n\t\t\t\t\t\t<div class=\"elementor-container elementor-column-gap-default\">\n\t\t\t\t\t<div class=\"elementor-column elementor-col-100 elementor-top-column elementor-element elementor-element-3b0dc12\" data-id=\"3b0dc12\" data-element_type=\"column\" data-e-type=\"column\">\n\t\t\t<div class=\"elementor-widget-wrap elementor-element-populated\">\n\t\t\t\t\t\t<div class=\"elementor-element elementor-element-78f60f6 gallery-spacing-custom elementor-widget elementor-widget-image-gallery\" data-id=\"78f60f6\" data-element_type=\"widget\" data-e-type=\"widget\" data-widget_type=\"image-gallery.default\">\n\t\t\t\t\t\t\t<div class=\"elementor-image-gallery\">\n\t\t\t\n\t\t<style type=\"text\/css\">\n\t\t\t#gallery-1 {\n\t\t\t\tmargin: auto;\n\t\t\t}\n\t\t\t#gallery-1 .gallery-item {\n\t\t\t\tfloat: left;\n\t\t\t\tmargin-top: 10px;\n\t\t\t\ttext-align: center;\n\t\t\t\twidth: 25%;\n\t\t\t}\n\t\t\t#gallery-1 img {\n\t\t\t\tborder: 2px solid #cfcfcf;\n\t\t\t}\n\t\t\t#gallery-1 .gallery-caption {\n\t\t\t\tmargin-left: 0;\n\t\t\t}\n\t\t\t\/* see gallery_shortcode() in wp-includes\/media.php *\/\n\t\t<\/style>\n\t\t<div id='gallery-1' class='gallery galleryid-4207 gallery-columns-4 gallery-size-medium_large'><dl class='gallery-item'>\n\t\t\t<dt class='gallery-icon portrait'>\n\t\t\t\t<a data-elementor-open-lightbox=\"yes\" data-elementor-lightbox-slideshow=\"78f60f6\" data-elementor-lightbox-title=\"00\" data-e-action-hash=\"#elementor-action%3Aaction%3Dlightbox%26settings%3DeyJpZCI6NjgyNSwidXJsIjoiaHR0cHM6XC9cL2QtdC1tdXNpa2FrYWRlbWllLmRlXC93cC1jb250ZW50XC91cGxvYWRzXC8yMDI2XC8wM1wvMDAtMy5qcGciLCJzbGlkZXNob3ciOiI3OGY2MGY2In0%3D\" href='https:\/\/d-t-musikakademie.de\/wp-content\/uploads\/2026\/03\/00-3.jpg'><img loading=\"lazy\" decoding=\"async\" width=\"768\" height=\"1086\" src=\"https:\/\/d-t-musikakademie.de\/wp-content\/uploads\/2026\/03\/00-3-768x1086.jpg\" class=\"attachment-medium_large size-medium_large\" alt=\"\" srcset=\"https:\/\/d-t-musikakademie.de\/wp-content\/uploads\/2026\/03\/00-3-768x1086.jpg 768w, https:\/\/d-t-musikakademie.de\/wp-content\/uploads\/2026\/03\/00-3-212x300.jpg 212w, https:\/\/d-t-musikakademie.de\/wp-content\/uploads\/2026\/03\/00-3-724x1024.jpg 724w, https:\/\/d-t-musikakademie.de\/wp-content\/uploads\/2026\/03\/00-3-8x12.jpg 8w, https:\/\/d-t-musikakademie.de\/wp-content\/uploads\/2026\/03\/00-3.jpg 992w\" sizes=\"(max-width: 768px) 100vw, 768px\" \/><\/a>\n\t\t\t<\/dt><\/dl><dl class='gallery-item'>\n\t\t\t<dt class='gallery-icon portrait'>\n\t\t\t\t<a data-elementor-open-lightbox=\"yes\" data-elementor-lightbox-slideshow=\"78f60f6\" data-elementor-lightbox-title=\"01\" data-e-action-hash=\"#elementor-action%3Aaction%3Dlightbox%26settings%3DeyJpZCI6NjgyNiwidXJsIjoiaHR0cHM6XC9cL2QtdC1tdXNpa2FrYWRlbWllLmRlXC93cC1jb250ZW50XC91cGxvYWRzXC8yMDI2XC8wM1wvMDEtMy5qcGciLCJzbGlkZXNob3ciOiI3OGY2MGY2In0%3D\" href='https:\/\/d-t-musikakademie.de\/wp-content\/uploads\/2026\/03\/01-3.jpg'><img loading=\"lazy\" decoding=\"async\" width=\"700\" height=\"991\" src=\"https:\/\/d-t-musikakademie.de\/wp-content\/uploads\/2026\/03\/01-3.jpg\" class=\"attachment-medium_large size-medium_large\" alt=\"\" srcset=\"https:\/\/d-t-musikakademie.de\/wp-content\/uploads\/2026\/03\/01-3.jpg 700w, https:\/\/d-t-musikakademie.de\/wp-content\/uploads\/2026\/03\/01-3-212x300.jpg 212w, https:\/\/d-t-musikakademie.de\/wp-content\/uploads\/2026\/03\/01-3-8x12.jpg 8w\" sizes=\"(max-width: 700px) 100vw, 700px\" \/><\/a>\n\t\t\t<\/dt><\/dl><dl class='gallery-item'>\n\t\t\t<dt class='gallery-icon portrait'>\n\t\t\t\t<a data-elementor-open-lightbox=\"yes\" data-elementor-lightbox-slideshow=\"78f60f6\" data-elementor-lightbox-title=\"02\" data-e-action-hash=\"#elementor-action%3Aaction%3Dlightbox%26settings%3DeyJpZCI6NjgyNywidXJsIjoiaHR0cHM6XC9cL2QtdC1tdXNpa2FrYWRlbWllLmRlXC93cC1jb250ZW50XC91cGxvYWRzXC8yMDI2XC8wM1wvMDItMy5qcGciLCJzbGlkZXNob3ciOiI3OGY2MGY2In0%3D\" href='https:\/\/d-t-musikakademie.de\/wp-content\/uploads\/2026\/03\/02-3.jpg'><img loading=\"lazy\" decoding=\"async\" width=\"700\" height=\"991\" src=\"https:\/\/d-t-musikakademie.de\/wp-content\/uploads\/2026\/03\/02-3.jpg\" class=\"attachment-medium_large size-medium_large\" alt=\"\" srcset=\"https:\/\/d-t-musikakademie.de\/wp-content\/uploads\/2026\/03\/02-3.jpg 700w, https:\/\/d-t-musikakademie.de\/wp-content\/uploads\/2026\/03\/02-3-212x300.jpg 212w, https:\/\/d-t-musikakademie.de\/wp-content\/uploads\/2026\/03\/02-3-8x12.jpg 8w\" sizes=\"(max-width: 700px) 100vw, 700px\" \/><\/a>\n\t\t\t<\/dt><\/dl><dl class='gallery-item'>\n\t\t\t<dt class='gallery-icon portrait'>\n\t\t\t\t<a data-elementor-open-lightbox=\"yes\" data-elementor-lightbox-slideshow=\"78f60f6\" data-elementor-lightbox-title=\"03\" data-e-action-hash=\"#elementor-action%3Aaction%3Dlightbox%26settings%3DeyJpZCI6NjgyOCwidXJsIjoiaHR0cHM6XC9cL2QtdC1tdXNpa2FrYWRlbWllLmRlXC93cC1jb250ZW50XC91cGxvYWRzXC8yMDI2XC8wM1wvMDMtMy5qcGciLCJzbGlkZXNob3ciOiI3OGY2MGY2In0%3D\" href='https:\/\/d-t-musikakademie.de\/wp-content\/uploads\/2026\/03\/03-3.jpg'><img loading=\"lazy\" decoding=\"async\" width=\"700\" height=\"991\" src=\"https:\/\/d-t-musikakademie.de\/wp-content\/uploads\/2026\/03\/03-3.jpg\" class=\"attachment-medium_large size-medium_large\" alt=\"\" srcset=\"https:\/\/d-t-musikakademie.de\/wp-content\/uploads\/2026\/03\/03-3.jpg 700w, https:\/\/d-t-musikakademie.de\/wp-content\/uploads\/2026\/03\/03-3-212x300.jpg 212w, https:\/\/d-t-musikakademie.de\/wp-content\/uploads\/2026\/03\/03-3-8x12.jpg 8w\" sizes=\"(max-width: 700px) 100vw, 700px\" \/><\/a>\n\t\t\t<\/dt><\/dl><br style=\"clear: both\" \/>\n\t\t<\/div>\n\t\t<\/div>\n\t\t\t\t\t\t<\/div>\n\t\t\t\t\t<\/div>\n\t\t<\/div>\n\t\t\t\t\t<\/div>\n\t\t<\/section>\n\t\t\t\t<\/div>","protected":false},"excerpt":{"rendered":"<p>Home \/ \u00dcber uns \/ Page Startseite \u00dcber Uns Auszeichnungen A\u015f\u0131k Veysel-Medaillen aus Gold und Bronze Im Rahmen des ersten \u201eBag\u0306lama-Symposiums\u201c in Deutschland u\u0308berreichte Adil Arslan, Direktor der deutsch-tu\u0308rkischen Musikakademie, die ersten drei Ausgaben der A\u0302s\u0327\u0131k Veysel- Medaille in folgender Reihenfolge: an Prof. Martin Rennert (Rektor der Universita\u0308t der Ku\u0308nste Berlin und Schirmherr des Projekts [&hellip;]<\/p>\n","protected":false},"author":1,"featured_media":0,"parent":0,"menu_order":0,"comment_status":"closed","ping_status":"closed","template":"page-full-width.php","meta":{"footnotes":""},"class_list":["post-4207","page","type-page","status-publish","hentry"],"_links":{"self":[{"href":"https:\/\/d-t-musikakademie.de\/en\/wp-json\/wp\/v2\/pages\/4207","targetHints":{"allow":["GET"]}}],"collection":[{"href":"https:\/\/d-t-musikakademie.de\/en\/wp-json\/wp\/v2\/pages"}],"about":[{"href":"https:\/\/d-t-musikakademie.de\/en\/wp-json\/wp\/v2\/types\/page"}],"author":[{"embeddable":true,"href":"https:\/\/d-t-musikakademie.de\/en\/wp-json\/wp\/v2\/users\/1"}],"replies":[{"embeddable":true,"href":"https:\/\/d-t-musikakademie.de\/en\/wp-json\/wp\/v2\/comments?post=4207"}],"version-history":[{"count":98,"href":"https:\/\/d-t-musikakademie.de\/en\/wp-json\/wp\/v2\/pages\/4207\/revisions"}],"predecessor-version":[{"id":7836,"href":"https:\/\/d-t-musikakademie.de\/en\/wp-json\/wp\/v2\/pages\/4207\/revisions\/7836"}],"wp:attachment":[{"href":"https:\/\/d-t-musikakademie.de\/en\/wp-json\/wp\/v2\/media?parent=4207"}],"curies":[{"name":"wp","href":"https:\/\/api.w.org\/{rel}","templated":true}]}}