{"id":4407,"date":"2025-11-12T13:43:41","date_gmt":"2025-11-12T13:43:41","guid":{"rendered":"https:\/\/hwb.thetechvillehub.com\/?page_id=4407"},"modified":"2026-05-15T10:40:20","modified_gmt":"2026-05-15T10:40:20","slug":"dozenten-adil-arslan","status":"publish","type":"page","link":"https:\/\/d-t-musikakademie.de\/en\/dozenten-adil-arslan\/","title":{"rendered":"dozenten-AD\u0130L ARSLAN"},"content":{"rendered":"<div data-elementor-type=\"wp-page\" data-elementor-id=\"4407\" class=\"elementor elementor-4407\" data-elementor-post-type=\"page\">\n\t\t\t\t\t\t<section class=\"elementor-section elementor-top-section elementor-element elementor-element-d62c380 elementor-section-full_width elementor-hidden-desktop elementor-hidden-tablet elementor-hidden-mobile elementor-section-height-default elementor-section-height-default qodef-elementor-content-no\" data-id=\"d62c380\" data-element_type=\"section\" data-e-type=\"section\">\n\t\t\t\t\t\t<div class=\"elementor-container elementor-column-gap-default\">\n\t\t\t\t\t<div class=\"elementor-column elementor-col-25 elementor-top-column elementor-element elementor-element-6be1a60 qodef-sticky-column elementor-hidden-tablet elementor-hidden-phone\" data-id=\"6be1a60\" data-element_type=\"column\" data-e-type=\"column\" data-settings=\"{&quot;background_background&quot;:&quot;classic&quot;}\">\n\t\t\t<div class=\"elementor-widget-wrap elementor-element-populated\">\n\t\t\t\t\t\t<div class=\"elementor-element elementor-element-833a852 elementor-widget elementor-widget-spacer\" data-id=\"833a852\" data-element_type=\"widget\" data-e-type=\"widget\" data-widget_type=\"spacer.default\">\n\t\t\t\t\t\t\t<div class=\"elementor-spacer\">\n\t\t\t<div class=\"elementor-spacer-inner\"><\/div>\n\t\t<\/div>\n\t\t\t\t\t\t<\/div>\n\t\t\t\t\t<\/div>\n\t\t<\/div>\n\t\t\t\t<div class=\"elementor-column elementor-col-25 elementor-top-column elementor-element elementor-element-8b496a6\" data-id=\"8b496a6\" data-element_type=\"column\" data-e-type=\"column\">\n\t\t\t<div class=\"elementor-widget-wrap elementor-element-populated\">\n\t\t\t\t\t\t<div class=\"elementor-element elementor-element-77ec771 elementor-widget elementor-widget-songbook_core_section_title\" data-id=\"77ec771\" data-element_type=\"widget\" data-e-type=\"widget\" data-widget_type=\"songbook_core_section_title.default\">\n\t\t\t\t<div class=\"elementor-widget-container\">\n\t\t\t\t\t<div class=\"qodef-shortcode qodef-m  qodef-section-title qodef-alignment--left\">\n\t\t\t<h1 class=\"qodef-m-title\" style=\"margin-top: 11px\">\n\t\t\t\t\tAD\u0130L ARSLAN<br \/>\t\t\t<\/h1>\n\t\t<\/div>\t\t\t\t<\/div>\n\t\t\t\t<\/div>\n\t\t\t\t<div class=\"elementor-element elementor-element-f9f9f8a elementor-widget elementor-widget-text-editor\" data-id=\"f9f9f8a\" data-element_type=\"widget\" data-e-type=\"widget\" data-widget_type=\"text-editor.default\">\n\t\t\t\t\t\t\t\t\t<p>Born in Tunceli Eastern Anatolia in 1962, Adil Arslan first became acquainted with the ba\u011flama at the age of six. Soon after first plucking the three stringed instrument with a long neck, the love of his life and his career as a child musician began to unfold.<\/p><p>After moving to Berlin in 1979, the ba\u011flama virtuoso, composer and singer Adil Arslan began developing a unique style of his own. Between 1982 and 1987 he performed for various European radio and television programs. In 1985 began the collaboration with Carlo Domeniconi, the Italian guitar virtuoso and composer, who shared his vision of fusing the best in the East with the best in the West. Inspired by Johann Wolfgang von Goethe\u2019s cycle of poems with the same title, Adil Arslan recorded an album on the ba\u011flama accompanied by a full orchestra, entitled West-\u00f6stlicher Divan. This album was released by CPR (Creative Partner Records) in Germany and by ART (Anatolien Radio and Television) in Turkey in 1986. In 1987, on the occasion of Berlin\u2019s 750th anniversary celebration, Adil Arslan and Carlo Domeniconi gave solo performances at the world premiere of a double concert for ba\u011flama, guitar and chamber orchestra at the Berlin Philharmonic Hall. Composed by Carlo Domeniconi, Concerto di Berlinbul was conducted by Prof. W. Thaerichen and accompanied by the Berlin Sibelius Chamber Orchestra. In a concert for Berlin\u2019s Academy of the Arts dedicated to traditional Turkish music, Adil Arslan lectured on the idiosyncrasies of ba\u011flama as a Turkish musical instrument. Concerto di Berlinbul was repeated at the Bellevue Palace in the presence of German President, Richard von Weizsaecker. The concert was received with great interest leading to successive performances in many other European cities with different orchestras.<\/p><p>Finally, Concerto di Berlinbul was recorded in Ankara with a guitar solo by Carlo Domneiconi and a ba\u011flama solo by Adil Arslan, accompanied by the Presidential Symphonic Orchestra Ankara (CSO) under the direction of G\u00fcrer Aykal and recorded as a CD by Raks wich was released in 1993.\nWhile teaching in various music schools in Berlin since 1981, Adil Arslan has continued to be an interpreter of folk music, although his primary influence is western classical music. Arslan\u2019s work is driven by the conviction that only a synthesis of Eastern and Western elements can begin to bridge the gap between these two worlds.<\/p><p>In 1992 Adil Arslan presented \u00dcryan to the public, a new album with his own compositions. He founded the deutsch-t\u00fcrkische Musikakademie and currently gives performances in the Berlin Philharmonic Hall, thus furthering the intercultural dialogue.<\/p>\t\t\t\t\t\t\t\t<\/div>\n\t\t\t\t<div class=\"elementor-element elementor-element-03d7b3a elementor-widget elementor-widget-songbook_core_section_title\" data-id=\"03d7b3a\" data-element_type=\"widget\" data-e-type=\"widget\" data-widget_type=\"songbook_core_section_title.default\">\n\t\t\t\t<div class=\"elementor-widget-container\">\n\t\t\t\t\t<div class=\"qodef-shortcode qodef-m  qodef-section-title qodef-alignment--left\">\n\t\t\t<h4 class=\"qodef-m-title\" >\n\t\t\t\t\tDiscography:\t\t\t<\/h4>\n\t\t<\/div>\t\t\t\t<\/div>\n\t\t\t\t<\/div>\n\t\t\t\t<div class=\"elementor-element elementor-element-4127a42 elementor-widget elementor-widget-songbook_core_section_title\" data-id=\"4127a42\" data-element_type=\"widget\" data-e-type=\"widget\" data-widget_type=\"songbook_core_section_title.default\">\n\t\t\t\t<div class=\"elementor-widget-container\">\n\t\t\t\t\t<div class=\"qodef-shortcode qodef-m  qodef-section-title qodef-alignment--left\">\n\t\t<h6 class=\"qodef-m-subtitle\" >\n\t\t<span>\n\t\t\t1986\t\t<\/span>\n\t<\/h6>\n\t\t\t<\/div>\t\t\t\t<\/div>\n\t\t\t\t<\/div>\n\t\t\t\t<div class=\"elementor-element elementor-element-c662a7e elementor-widget elementor-widget-text-editor\" data-id=\"c662a7e\" data-element_type=\"widget\" data-e-type=\"widget\" data-widget_type=\"text-editor.default\">\n\t\t\t\t\t\t\t\t\t<p class=\"p1\"><strong>West-\u00d6stlicher Divan LP\/CD\/MC<\/strong><\/p><p>CPR\/ART\/ADA Plak<\/p>\t\t\t\t\t\t\t\t<\/div>\n\t\t\t\t<div class=\"elementor-element elementor-element-1ad0273 elementor-widget elementor-widget-songbook_core_section_title\" data-id=\"1ad0273\" data-element_type=\"widget\" data-e-type=\"widget\" data-widget_type=\"songbook_core_section_title.default\">\n\t\t\t\t<div class=\"elementor-widget-container\">\n\t\t\t\t\t<div class=\"qodef-shortcode qodef-m  qodef-section-title qodef-alignment--left\">\n\t\t<h6 class=\"qodef-m-subtitle\" >\n\t\t<span>\n\t\t\t1992\t\t<\/span>\n\t<\/h6>\n\t\t\t<\/div>\t\t\t\t<\/div>\n\t\t\t\t<\/div>\n\t\t\t\t<div class=\"elementor-element elementor-element-1cc99ac elementor-widget elementor-widget-text-editor\" data-id=\"1cc99ac\" data-element_type=\"widget\" data-e-type=\"widget\" data-widget_type=\"text-editor.default\">\n\t\t\t\t\t\t\t\t\t<p><strong>\u00dcryan CD\/MC<\/strong><\/p><p>CPR\/ADA Plak<\/p>\t\t\t\t\t\t\t\t<\/div>\n\t\t\t\t<div class=\"elementor-element elementor-element-422e00c elementor-widget elementor-widget-songbook_core_section_title\" data-id=\"422e00c\" data-element_type=\"widget\" data-e-type=\"widget\" data-widget_type=\"songbook_core_section_title.default\">\n\t\t\t\t<div class=\"elementor-widget-container\">\n\t\t\t\t\t<div class=\"qodef-shortcode qodef-m  qodef-section-title qodef-alignment--left\">\n\t\t<h6 class=\"qodef-m-subtitle\" >\n\t\t<span>\n\t\t\t1993\t\t<\/span>\n\t<\/h6>\n\t\t\t<\/div>\t\t\t\t<\/div>\n\t\t\t\t<\/div>\n\t\t\t\t<div class=\"elementor-element elementor-element-ff7bf11 elementor-widget elementor-widget-text-editor\" data-id=\"ff7bf11\" data-element_type=\"widget\" data-e-type=\"widget\" data-widget_type=\"text-editor.default\">\n\t\t\t\t\t\t\t\t\t<p><strong>Concorto di Berlinbul CD<\/strong><\/p><p>RAKS<\/p>\t\t\t\t\t\t\t\t<\/div>\n\t\t\t\t\t<\/div>\n\t\t<\/div>\n\t\t\t\t<div class=\"elementor-column elementor-col-50 elementor-top-column elementor-element elementor-element-60d3430\" data-id=\"60d3430\" data-element_type=\"column\" data-e-type=\"column\" data-settings=\"{&quot;background_background&quot;:&quot;classic&quot;}\">\n\t\t\t<div class=\"elementor-widget-wrap elementor-element-populated\">\n\t\t\t\t\t\t<div class=\"elementor-element elementor-element-1d24f0a elementor-widget elementor-widget-spacer\" data-id=\"1d24f0a\" data-element_type=\"widget\" data-e-type=\"widget\" data-widget_type=\"spacer.default\">\n\t\t\t\t\t\t\t<div class=\"elementor-spacer\">\n\t\t\t<div class=\"elementor-spacer-inner\"><\/div>\n\t\t<\/div>\n\t\t\t\t\t\t<\/div>\n\t\t\t\t\t<\/div>\n\t\t<\/div>\n\t\t\t\t\t<\/div>\n\t\t<\/section>\n\t\t\t\t<section class=\"elementor-section elementor-top-section elementor-element elementor-element-9f73054 elementor-section-full_width elementor-section-height-default elementor-section-height-default qodef-elementor-content-no\" data-id=\"9f73054\" data-element_type=\"section\" data-e-type=\"section\">\n\t\t\t\t\t\t<div class=\"elementor-container elementor-column-gap-default\">\n\t\t\t\t\t<div class=\"elementor-column elementor-col-33 elementor-top-column elementor-element elementor-element-105975c elementor-hidden-tablet elementor-hidden-mobile\" data-id=\"105975c\" data-element_type=\"column\" data-e-type=\"column\" data-settings=\"{&quot;background_background&quot;:&quot;classic&quot;}\">\n\t\t\t<div class=\"elementor-widget-wrap elementor-element-populated\">\n\t\t\t\t\t<div class=\"elementor-background-overlay\"><\/div>\n\t\t\t\t\t\t<div class=\"elementor-element elementor-element-a86fb0b elementor-widget elementor-widget-spacer\" data-id=\"a86fb0b\" data-element_type=\"widget\" data-e-type=\"widget\" data-widget_type=\"spacer.default\">\n\t\t\t\t\t\t\t<div class=\"elementor-spacer\">\n\t\t\t<div class=\"elementor-spacer-inner\"><\/div>\n\t\t<\/div>\n\t\t\t\t\t\t<\/div>\n\t\t\t\t\t<\/div>\n\t\t<\/div>\n\t\t\t\t<div class=\"elementor-column elementor-col-33 elementor-top-column elementor-element elementor-element-307d74e\" data-id=\"307d74e\" data-element_type=\"column\" data-e-type=\"column\">\n\t\t\t<div class=\"elementor-widget-wrap elementor-element-populated\">\n\t\t\t\t\t\t<div class=\"elementor-element elementor-element-afe9405 elementor-widget elementor-widget-songbook_core_section_title\" data-id=\"afe9405\" data-element_type=\"widget\" data-e-type=\"widget\" data-widget_type=\"songbook_core_section_title.default\">\n\t\t\t\t<div class=\"elementor-widget-container\">\n\t\t\t\t\t<div class=\"qodef-shortcode qodef-m  qodef-section-title qodef-alignment--left\">\n\t\t\t<h1 class=\"qodef-m-title\" style=\"margin-top: 11px\">\n\t\t\t\t\tAD\u0130L ARSLAN<br \/>\t\t\t<\/h1>\n\t\t<\/div>\t\t\t\t<\/div>\n\t\t\t\t<\/div>\n\t\t\t\t<div class=\"elementor-element elementor-element-ee16d16 elementor-widget elementor-widget-text-editor\" data-id=\"ee16d16\" data-element_type=\"widget\" data-e-type=\"widget\" data-widget_type=\"text-editor.default\">\n\t\t\t\t\t\t\t\t\t<p>Born in 1962 in Tunceli, Adil Arslan is a distinguished ba\u011flama virtuoso, composer, and vocalist, recognized in Europe and Turkey. Residing in Berlin since 1979, Arslan quickly gained attention through his performances on radio and television programs.<\/p><p>Between 1980 and 1990, Adil Arslan studied under Nida T\u00fcfek\u00e7i, the founder and director of the Turkish Music State Conservatory at Istanbul Technical University, as well as the distinguished artist Ali Ekber \u00c7i\u00e7ek. During this period, he further developed his musical artistry through close interaction with these two eminent figures within the traditional me\u015fk (master-apprentice) practice.<\/p><p>In 1985, he collaborated with guitarist and composer Carlo Domeniconi to bridge Eastern and Western musical traditions. During this collaboration, he released the album \u201cSemahlar\u201d accompanied by a chamber orchestra and named the work \u201cWest-Eastern Divan\u201d in reference to Goethe\u2019s collection of the same name.<\/p><p>In 1987, on the occasion of Berlin\u2019s 750th anniversary, Arslan and Domeniconi performed the world premiere of the duo concerto \u201cConcerto di Berlinbul\u201d at the Berlin Philharmonie. Later that year, the concert was performed again at Berlin\u2019s Bellevue Palace in the presence of German President Richard von Weizs\u00e4cker. The work was also performed in various European cities by different orchestras.<\/p><p>In 1991, \u201cConcerto di Berlinbul\u201d was recorded with the Presidential Symphony Orchestra Ankara under the direction of G\u00fcrer Aykal during a dedicated working session and released in 1993 on CD by Raks.<\/p><p class=\"translation-block\">Between 1981 and 1997, Arslan taught ba\u011flama at various music schools in Berlin. In 1998, he founded the Deutsch-T\u00fcrkische Musikakademie in Berlin, which he has directed since. His music is rooted in folk traditions while integrating Western classical elements to foster intercultural dialogue.<\/p><p>His 1992 album \u201c\u00dcryan\u201d also includes his original compositions. Today, Arslan continues to present musical events at the Berlin Philharmonie, promoting cross-cultural exchange through his art.<\/p>\t\t\t\t\t\t\t\t<\/div>\n\t\t\t\t<div class=\"elementor-element elementor-element-ee5cd12 elementor-widget elementor-widget-songbook_core_section_title\" data-id=\"ee5cd12\" data-element_type=\"widget\" data-e-type=\"widget\" data-widget_type=\"songbook_core_section_title.default\">\n\t\t\t\t<div class=\"elementor-widget-container\">\n\t\t\t\t\t<div class=\"qodef-shortcode qodef-m  qodef-section-title qodef-alignment--left\">\n\t\t\t<h4 class=\"qodef-m-title\" >\n\t\t\t\t\tDiscography:\t\t\t<\/h4>\n\t\t<\/div>\t\t\t\t<\/div>\n\t\t\t\t<\/div>\n\t\t\t\t<div class=\"elementor-element elementor-element-449a8d2 elementor-widget elementor-widget-songbook_core_section_title\" data-id=\"449a8d2\" data-element_type=\"widget\" data-e-type=\"widget\" data-widget_type=\"songbook_core_section_title.default\">\n\t\t\t\t<div class=\"elementor-widget-container\">\n\t\t\t\t\t<div class=\"qodef-shortcode qodef-m  qodef-section-title qodef-alignment--left\">\n\t\t<h6 class=\"qodef-m-subtitle\" >\n\t\t<span>\n\t\t\t1986\t\t<\/span>\n\t<\/h6>\n\t\t\t<\/div>\t\t\t\t<\/div>\n\t\t\t\t<\/div>\n\t\t\t\t<div class=\"elementor-element elementor-element-31ac46c elementor-widget elementor-widget-text-editor\" data-id=\"31ac46c\" data-element_type=\"widget\" data-e-type=\"widget\" data-widget_type=\"text-editor.default\">\n\t\t\t\t\t\t\t\t\t<p class=\"p1\"><strong>West-\u00d6stlicher Divan <\/strong><\/p><p class=\"p1\">LP\/CD\/MC | CPR\/ART\/ADA Plak<\/p>\t\t\t\t\t\t\t\t<\/div>\n\t\t\t\t<div class=\"elementor-element elementor-element-f88dd0b elementor-widget elementor-widget-songbook_core_section_title\" data-id=\"f88dd0b\" data-element_type=\"widget\" data-e-type=\"widget\" data-widget_type=\"songbook_core_section_title.default\">\n\t\t\t\t<div class=\"elementor-widget-container\">\n\t\t\t\t\t<div class=\"qodef-shortcode qodef-m  qodef-section-title qodef-alignment--left\">\n\t\t<h6 class=\"qodef-m-subtitle\" >\n\t\t<span>\n\t\t\t1992\t\t<\/span>\n\t<\/h6>\n\t\t\t<\/div>\t\t\t\t<\/div>\n\t\t\t\t<\/div>\n\t\t\t\t<div class=\"elementor-element elementor-element-60d3c55 elementor-widget elementor-widget-text-editor\" data-id=\"60d3c55\" data-element_type=\"widget\" data-e-type=\"widget\" data-widget_type=\"text-editor.default\">\n\t\t\t\t\t\t\t\t\t<p><strong>\u00dcryan <\/strong><\/p><p>CD\/MC | ADA Plak<\/p>\t\t\t\t\t\t\t\t<\/div>\n\t\t\t\t<div class=\"elementor-element elementor-element-0a98c4f elementor-widget elementor-widget-songbook_core_section_title\" data-id=\"0a98c4f\" data-element_type=\"widget\" data-e-type=\"widget\" data-widget_type=\"songbook_core_section_title.default\">\n\t\t\t\t<div class=\"elementor-widget-container\">\n\t\t\t\t\t<div class=\"qodef-shortcode qodef-m  qodef-section-title qodef-alignment--left\">\n\t\t<h6 class=\"qodef-m-subtitle\" >\n\t\t<span>\n\t\t\t1993\t\t<\/span>\n\t<\/h6>\n\t\t\t<\/div>\t\t\t\t<\/div>\n\t\t\t\t<\/div>\n\t\t\t\t<div class=\"elementor-element elementor-element-d58be7b elementor-widget elementor-widget-text-editor\" data-id=\"d58be7b\" data-element_type=\"widget\" data-e-type=\"widget\" data-widget_type=\"text-editor.default\">\n\t\t\t\t\t\t\t\t\t<p><strong>Concorto di Berlinbul <\/strong><\/p><p>CD | RAKS<\/p>\t\t\t\t\t\t\t\t<\/div>\n\t\t\t\t\t<\/div>\n\t\t<\/div>\n\t\t\t\t<div class=\"elementor-column elementor-col-33 elementor-top-column elementor-element elementor-element-43dba28\" data-id=\"43dba28\" data-element_type=\"column\" data-e-type=\"column\" data-settings=\"{&quot;background_background&quot;:&quot;classic&quot;}\">\n\t\t\t<div class=\"elementor-widget-wrap elementor-element-populated\">\n\t\t\t\t\t\t<div class=\"elementor-element elementor-element-8e5d037 elementor-widget elementor-widget-spacer\" data-id=\"8e5d037\" data-element_type=\"widget\" data-e-type=\"widget\" data-widget_type=\"spacer.default\">\n\t\t\t\t\t\t\t<div class=\"elementor-spacer\">\n\t\t\t<div class=\"elementor-spacer-inner\"><\/div>\n\t\t<\/div>\n\t\t\t\t\t\t<\/div>\n\t\t\t\t\t<\/div>\n\t\t<\/div>\n\t\t\t\t\t<\/div>\n\t\t<\/section>\n\t\t\t\t<\/div>","protected":false},"excerpt":{"rendered":"<p>AD\u0130L ARSLAN Der 1962 in Tunceli (Ostanatolien) geborene Ba\u011flama-Virtuose, Komponist und S\u00e4nger Adil Arslan ist in Deutschland und in der T\u00fcrkei kein Unbekannter. Seit 1979 lebt der K\u00fcnstler in Berlin und erweckte in kurzer Zeit mit Auftritten in Rundfunk- und Fernsehprogrammen gro\u00dfe Aufmerksamkeit. 1985 arbeitete er mit dem Gitarren-Virtuosen und Komponisten Carlo Domeniconi zusammen, um [&hellip;]<\/p>\n","protected":false},"author":1,"featured_media":0,"parent":0,"menu_order":0,"comment_status":"closed","ping_status":"closed","template":"page-full-width.php","meta":{"footnotes":""},"class_list":["post-4407","page","type-page","status-publish","hentry"],"_links":{"self":[{"href":"https:\/\/d-t-musikakademie.de\/en\/wp-json\/wp\/v2\/pages\/4407","targetHints":{"allow":["GET"]}}],"collection":[{"href":"https:\/\/d-t-musikakademie.de\/en\/wp-json\/wp\/v2\/pages"}],"about":[{"href":"https:\/\/d-t-musikakademie.de\/en\/wp-json\/wp\/v2\/types\/page"}],"author":[{"embeddable":true,"href":"https:\/\/d-t-musikakademie.de\/en\/wp-json\/wp\/v2\/users\/1"}],"replies":[{"embeddable":true,"href":"https:\/\/d-t-musikakademie.de\/en\/wp-json\/wp\/v2\/comments?post=4407"}],"version-history":[{"count":55,"href":"https:\/\/d-t-musikakademie.de\/en\/wp-json\/wp\/v2\/pages\/4407\/revisions"}],"predecessor-version":[{"id":7810,"href":"https:\/\/d-t-musikakademie.de\/en\/wp-json\/wp\/v2\/pages\/4407\/revisions\/7810"}],"wp:attachment":[{"href":"https:\/\/d-t-musikakademie.de\/en\/wp-json\/wp\/v2\/media?parent=4407"}],"curies":[{"name":"wp","href":"https:\/\/api.w.org\/{rel}","templated":true}]}}