{"id":4502,"date":"2025-11-17T13:29:19","date_gmt":"2025-11-17T13:29:19","guid":{"rendered":"https:\/\/hwb.thetechvillehub.com\/?page_id=4502"},"modified":"2025-11-17T13:30:19","modified_gmt":"2025-11-17T13:30:19","slug":"dozenten-ugur-cit","status":"publish","type":"page","link":"https:\/\/d-t-musikakademie.de\/en\/dozenten-ugur-cit\/","title":{"rendered":"dozenten-Ugur \u00c7it"},"content":{"rendered":"<div data-elementor-type=\"wp-page\" data-elementor-id=\"4502\" class=\"elementor elementor-4502\" data-elementor-post-type=\"page\">\n\t\t\t\t\t\t<section class=\"elementor-section elementor-top-section elementor-element elementor-element-d62c380 elementor-section-full_width elementor-section-height-default elementor-section-height-default qodef-elementor-content-no\" data-id=\"d62c380\" data-element_type=\"section\" data-e-type=\"section\">\n\t\t\t\t\t\t<div class=\"elementor-container elementor-column-gap-default\">\n\t\t\t\t\t<div class=\"elementor-column elementor-col-25 elementor-top-column elementor-element elementor-element-6be1a60 qodef-sticky-column elementor-hidden-tablet elementor-hidden-phone\" data-id=\"6be1a60\" data-element_type=\"column\" data-e-type=\"column\" data-settings=\"{&quot;background_background&quot;:&quot;classic&quot;}\">\n\t\t\t<div class=\"elementor-widget-wrap elementor-element-populated\">\n\t\t\t\t\t\t<div class=\"elementor-element elementor-element-833a852 elementor-widget elementor-widget-spacer\" data-id=\"833a852\" data-element_type=\"widget\" data-e-type=\"widget\" data-widget_type=\"spacer.default\">\n\t\t\t\t\t\t\t<div class=\"elementor-spacer\">\n\t\t\t<div class=\"elementor-spacer-inner\"><\/div>\n\t\t<\/div>\n\t\t\t\t\t\t<\/div>\n\t\t\t\t\t<\/div>\n\t\t<\/div>\n\t\t\t\t<div class=\"elementor-column elementor-col-25 elementor-top-column elementor-element elementor-element-8b496a6\" data-id=\"8b496a6\" data-element_type=\"column\" data-e-type=\"column\">\n\t\t\t<div class=\"elementor-widget-wrap elementor-element-populated\">\n\t\t\t\t\t\t<div class=\"elementor-element elementor-element-77ec771 elementor-widget elementor-widget-songbook_core_section_title\" data-id=\"77ec771\" data-element_type=\"widget\" data-e-type=\"widget\" data-widget_type=\"songbook_core_section_title.default\">\n\t\t\t\t<div class=\"elementor-widget-container\">\n\t\t\t\t\t<div class=\"qodef-shortcode qodef-m  qodef-section-title qodef-alignment--left\">\n\t\t\t<h1 class=\"qodef-m-title\" style=\"margin-top: 11px\">\n\t\t\t\t\tUgur \u00c7it<br \/>\t\t\t<\/h1>\n\t\t<\/div>\t\t\t\t<\/div>\n\t\t\t\t<\/div>\n\t\t\t\t<div class=\"elementor-element elementor-element-f9f9f8a elementor-widget elementor-widget-text-editor\" data-id=\"f9f9f8a\" data-element_type=\"widget\" data-e-type=\"widget\" data-widget_type=\"text-editor.default\">\n\t\t\t\t\t\t\t\t\t<p>Ug\u0306ur \u00c7it wurde am 22. Juni 1987 geboren. Er studierte an der Anatolischen Kunsthochschule in Ankara und gab zahlreiche Solokonzerte, unter anderem an der Technischen Universit\u00e4t des Nahen Ostens (METU) und an der Universit\u00e4t Gazi. Er trat als Solist unter der Leitung von Suna K\u0131l\u0131\u00e7 auf und arbeitete mit dem Pianisten Salih Can Gevrek zusammen. Als Konzertmeister des Gazi Universit\u00e4tsorchesters spielte er Violinkonzerte von Mozart (A-Dur) und Mendelssohn (e- Moll) in verschiedenen St\u00e4dten Ankaras.<\/p><p>Er erhielt Auszeichnungen f\u00fcr seine Auftritte an den Universit\u00e4ten K\u0131r\u0131kkale und Munzur sowie bei \u00f6ffentlichen Veranstaltungen wie dem Hamam\u00f6n\u00fc Festival. Beim \u201eMountain Songs\u201c- Festival in Bulgarien gewann er den ersten Preis und erhielt in Polen den Preis f\u00fcr die beste t\u00fcrkische Musikinterpretation. Er dirigierte das \u00c7ag\u0306lar Orchester bei Konzerten in Zypern und bei Veranstaltungen mit K\u00fcnstlern der Universit\u00e4ten Hacettepe und Bilkent. Zudem dirigierte er das Er\u00f6ffnungskonzert der Gro\u00dfen Nationalversammlung der T\u00fcrkei sowie das \u201c\u00c7anakkale- Oratorium\u201d mit dem Staatssymphonieorchester.<\/p><p>In Berlin trat er als Maestro mit einem Symphonieorchester unter Leitung von I\u0307brahim Yaz\u0131c\u0131 auf. Er schloss sein Musikp\u00e4dagogikstudium an der Gazi Universit\u00e4t erfolgreich ab und absolvierte ein Masterstudium in Musikwissenschaften an der K\u0131r\u0131kkale Universit\u00e4t. Er spricht Englisch und Franz\u00f6sisch.<\/p>\t\t\t\t\t\t\t\t<\/div>\n\t\t\t\t\t<\/div>\n\t\t<\/div>\n\t\t\t\t<div class=\"elementor-column elementor-col-50 elementor-top-column elementor-element elementor-element-60d3430\" data-id=\"60d3430\" data-element_type=\"column\" data-e-type=\"column\" data-settings=\"{&quot;background_background&quot;:&quot;classic&quot;}\">\n\t\t\t<div class=\"elementor-widget-wrap elementor-element-populated\">\n\t\t\t\t\t\t<div class=\"elementor-element elementor-element-1d24f0a elementor-widget elementor-widget-spacer\" data-id=\"1d24f0a\" data-element_type=\"widget\" data-e-type=\"widget\" data-widget_type=\"spacer.default\">\n\t\t\t\t\t\t\t<div class=\"elementor-spacer\">\n\t\t\t<div class=\"elementor-spacer-inner\"><\/div>\n\t\t<\/div>\n\t\t\t\t\t\t<\/div>\n\t\t\t\t\t<\/div>\n\t\t<\/div>\n\t\t\t\t\t<\/div>\n\t\t<\/section>\n\t\t\t\t<\/div>","protected":false},"excerpt":{"rendered":"<p>Ugur \u00c7it Ug\u0306ur \u00c7it wurde am 22. Juni 1987 geboren. Er studierte an der Anatolischen Kunsthochschule in Ankara und gab zahlreiche Solokonzerte, unter anderem an der Technischen Universit\u00e4t des Nahen Ostens (METU) und an der Universit\u00e4t Gazi. Er trat als Solist unter der Leitung von Suna K\u0131l\u0131\u00e7 auf und arbeitete mit dem Pianisten Salih Can [&hellip;]<\/p>\n","protected":false},"author":1,"featured_media":0,"parent":0,"menu_order":0,"comment_status":"closed","ping_status":"closed","template":"page-full-width.php","meta":{"footnotes":""},"class_list":["post-4502","page","type-page","status-publish","hentry"],"_links":{"self":[{"href":"https:\/\/d-t-musikakademie.de\/en\/wp-json\/wp\/v2\/pages\/4502","targetHints":{"allow":["GET"]}}],"collection":[{"href":"https:\/\/d-t-musikakademie.de\/en\/wp-json\/wp\/v2\/pages"}],"about":[{"href":"https:\/\/d-t-musikakademie.de\/en\/wp-json\/wp\/v2\/types\/page"}],"author":[{"embeddable":true,"href":"https:\/\/d-t-musikakademie.de\/en\/wp-json\/wp\/v2\/users\/1"}],"replies":[{"embeddable":true,"href":"https:\/\/d-t-musikakademie.de\/en\/wp-json\/wp\/v2\/comments?post=4502"}],"version-history":[{"count":3,"href":"https:\/\/d-t-musikakademie.de\/en\/wp-json\/wp\/v2\/pages\/4502\/revisions"}],"predecessor-version":[{"id":4505,"href":"https:\/\/d-t-musikakademie.de\/en\/wp-json\/wp\/v2\/pages\/4502\/revisions\/4505"}],"wp:attachment":[{"href":"https:\/\/d-t-musikakademie.de\/en\/wp-json\/wp\/v2\/media?parent=4502"}],"curies":[{"name":"wp","href":"https:\/\/api.w.org\/{rel}","templated":true}]}}