{"id":5348,"date":"2025-11-25T23:56:13","date_gmt":"2025-11-25T23:56:13","guid":{"rendered":"https:\/\/hwb.thetechvillehub.com\/?page_id=5348"},"modified":"2026-05-15T10:49:40","modified_gmt":"2026-05-15T10:49:40","slug":"dozenten-cornelia-weyhmann","status":"publish","type":"page","link":"https:\/\/d-t-musikakademie.de\/en\/dozenten-cornelia-weyhmann\/","title":{"rendered":"dozenten-Cornelia Weyhmann"},"content":{"rendered":"<div data-elementor-type=\"wp-page\" data-elementor-id=\"5348\" class=\"elementor elementor-5348\" data-elementor-post-type=\"page\">\n\t\t\t\t\t\t<section class=\"elementor-section elementor-top-section elementor-element elementor-element-d62c380 elementor-section-full_width elementor-section-height-default elementor-section-height-default qodef-elementor-content-no\" data-id=\"d62c380\" data-element_type=\"section\" data-e-type=\"section\">\n\t\t\t\t\t\t<div class=\"elementor-container elementor-column-gap-default\">\n\t\t\t\t\t<div class=\"elementor-column elementor-col-33 elementor-top-column elementor-element elementor-element-f88c9a4 elementor-hidden-tablet elementor-hidden-mobile\" data-id=\"f88c9a4\" data-element_type=\"column\" data-e-type=\"column\" data-settings=\"{&quot;background_background&quot;:&quot;classic&quot;}\">\n\t\t\t<div class=\"elementor-widget-wrap elementor-element-populated\">\n\t\t\t\t\t<div class=\"elementor-background-overlay\"><\/div>\n\t\t\t\t\t\t<div class=\"elementor-element elementor-element-34d7b5e elementor-widget elementor-widget-spacer\" data-id=\"34d7b5e\" data-element_type=\"widget\" data-e-type=\"widget\" data-widget_type=\"spacer.default\">\n\t\t\t\t\t\t\t<div class=\"elementor-spacer\">\n\t\t\t<div class=\"elementor-spacer-inner\"><\/div>\n\t\t<\/div>\n\t\t\t\t\t\t<\/div>\n\t\t\t\t\t<\/div>\n\t\t<\/div>\n\t\t\t\t<div class=\"elementor-column elementor-col-33 elementor-top-column elementor-element elementor-element-8b496a6\" data-id=\"8b496a6\" data-element_type=\"column\" data-e-type=\"column\">\n\t\t\t<div class=\"elementor-widget-wrap elementor-element-populated\">\n\t\t\t\t\t\t<div class=\"elementor-element elementor-element-77ec771 elementor-widget elementor-widget-songbook_core_section_title\" data-id=\"77ec771\" data-element_type=\"widget\" data-e-type=\"widget\" data-widget_type=\"songbook_core_section_title.default\">\n\t\t\t\t<div class=\"elementor-widget-container\">\n\t\t\t\t\t<div class=\"qodef-shortcode qodef-m  qodef-section-title qodef-alignment--left\">\n\t\t<h6 class=\"qodef-m-subtitle\" >\n\t\t<span>\n\t\t\tIn Memoriam\t\t<\/span>\n\t<\/h6>\n\t\t<h1 class=\"qodef-m-title\" style=\"margin-top: 11px\">\n\t\t\t\t\tCornelia Weyhmann<br \/>\t\t\t<\/h1>\n\t\t<\/div>\t\t\t\t<\/div>\n\t\t\t\t<\/div>\n\t\t\t\t<div class=\"elementor-element elementor-element-f9f9f8a elementor-widget elementor-widget-text-editor\" data-id=\"f9f9f8a\" data-element_type=\"widget\" data-e-type=\"widget\" data-widget_type=\"text-editor.default\">\n\t\t\t\t\t\t\t\t\t<p class=\"s6\"><span class=\"s4\">First music lessons at the age of 5. <\/span><\/p><p class=\"s6 translation-block\">Admission to the International Pianist School Dounias-Sindermann for the highly gifted. Eight-time consecutive winner of the Steinway Piano Competitions, recipient of state and national prizes at \"Jugend musiziert\".<\/p><p class=\"s6 translation-block\">Performances at talent presentations of the Berlin Senate in the Berlin Philharmonie, the hall of the UdK, and the House of Broadcasting, numerous radio and TV concerts.<\/p><p class=\"s6 translation-block\">Studied piano as the main artistic subject at the Berlin University of Music with Prof. Gerhard Puchelt and Daniel H\u00f6xter (Israel).<\/p><p class=\"s7 translation-block\">1st Prize in the Berlin University Competition for Pianists.<\/p><p class=\"s8 translation-block\">1st Prize in the GEDOK Foundation Competition followed by a solo tour.<\/p><p class=\"s9 translation-block\">First teaching commitments already at the beginning of her studies as the youngest lecturer at a state music school in Berlin.<\/p><p class=\"s10 translation-block\">1979: Artistic concert examination at the HdK (now UdK) with unanimous top grade 1. 1979\/1981: Awarded a full scholarship from the International Institute of Education (IIE New York): Studies at the INDIANA UNIVERSITY School of Music \/ Bloomington \/ USA.\nMaster classes with John Ogdon, Balint Vaszonyi, Gy\u00f6rgy Seb\u00f6k, Janos Starker, Georges Jantzer, Margaret Harshaw, and Yuval Yaron.<\/p><p class=\"s9 translation-block\">1982 to 2021: Lecturer at the Berlin Music School City West, focus on university preparation and support for gifted students.<\/p><p class=\"s11 translation-block\">1994: World premiere of a major commissioned work for piano and clarinet funded by the Berlin Senate for Culture, performed as a lecture concert moderated by Dietrich Steinbeck at the Konzerthaus, broadcast on the radio.<\/p><p class=\"s10 translation-block\">Extensive concert activity in established duo and chamber music formations with musicians from the Berlin Philharmonie, the Deutsche Oper Berlin, the RSO Berlin, the Musagetes Wind Quintet, and the G\u00f6tz String Quartet.<\/p><p class=\"s9 translation-block\">Six-time member of the national jury and the Berlin state jury of \"Jugend musiziert\" as well as the Berlin Steinway Piano Competitions.<\/p><p class=\"s12 translation-block\">2013: Teaching assignment at the UdK as mentor for pianistic-pedagogical work. Several press interviews on the topic of piano teaching in the Berliner Morgenpost.<\/p><p class=\"s6 translation-block\">2014: Participation in an rbb cultural radio feature about career paths of highly gifted young people.<\/p><p class=\"s14 translation-block\">The teaching: Is based on the so-called \"Russian School\" and is equally suitable for children and adults: An expressive, beautiful tone, smooth, relaxed touch technique, and the development of special finger sensitivity are the focus of this method. With regular practice and the strict avoidance of unnecessary mistakes, early small successes can soon be achieved!\n\nShe started teaching piano at the deutsch-t\u00fcrkische Musikakademie in 2021.<\/p>\t\t\t\t\t\t\t\t<\/div>\n\t\t\t\t\t<\/div>\n\t\t<\/div>\n\t\t\t\t<div class=\"elementor-column elementor-col-33 elementor-top-column elementor-element elementor-element-60d3430\" data-id=\"60d3430\" data-element_type=\"column\" data-e-type=\"column\" data-settings=\"{&quot;background_background&quot;:&quot;classic&quot;}\">\n\t\t\t<div class=\"elementor-widget-wrap elementor-element-populated\">\n\t\t\t\t\t\t<div class=\"elementor-element elementor-element-1d24f0a elementor-widget elementor-widget-spacer\" data-id=\"1d24f0a\" data-element_type=\"widget\" data-e-type=\"widget\" data-widget_type=\"spacer.default\">\n\t\t\t\t\t\t\t<div class=\"elementor-spacer\">\n\t\t\t<div class=\"elementor-spacer-inner\"><\/div>\n\t\t<\/div>\n\t\t\t\t\t\t<\/div>\n\t\t\t\t\t<\/div>\n\t\t<\/div>\n\t\t\t\t\t<\/div>\n\t\t<\/section>\n\t\t\t\t<\/div>","protected":false},"excerpt":{"rendered":"<p>In Memoriam Cornelia Weyhmann Erster Musikunterricht mit 5 Jahren. Aufnahme in die Internationale Pianistenschule Dounias-Sindermann f\u00fcr Hochbegabte. 8 mal Siegerin in Folge bei den Steinway-Klavierwettbewerben, Landes- und Bundespreistr\u00e4gerin bei &#8218;Jugend musiziert&#8216;. Auftritte bei den Talente-Pr\u00e4sentationen des Berliner Senats in der Berliner Philharmonie, dem Saal der UdK und im Haus des Rundfunks, zahlreiche Radio -und TV-Konzerte. [&hellip;]<\/p>\n","protected":false},"author":1,"featured_media":0,"parent":0,"menu_order":0,"comment_status":"closed","ping_status":"closed","template":"page-full-width.php","meta":{"footnotes":""},"class_list":["post-5348","page","type-page","status-publish","hentry"],"_links":{"self":[{"href":"https:\/\/d-t-musikakademie.de\/en\/wp-json\/wp\/v2\/pages\/5348","targetHints":{"allow":["GET"]}}],"collection":[{"href":"https:\/\/d-t-musikakademie.de\/en\/wp-json\/wp\/v2\/pages"}],"about":[{"href":"https:\/\/d-t-musikakademie.de\/en\/wp-json\/wp\/v2\/types\/page"}],"author":[{"embeddable":true,"href":"https:\/\/d-t-musikakademie.de\/en\/wp-json\/wp\/v2\/users\/1"}],"replies":[{"embeddable":true,"href":"https:\/\/d-t-musikakademie.de\/en\/wp-json\/wp\/v2\/comments?post=5348"}],"version-history":[{"count":24,"href":"https:\/\/d-t-musikakademie.de\/en\/wp-json\/wp\/v2\/pages\/5348\/revisions"}],"predecessor-version":[{"id":6955,"href":"https:\/\/d-t-musikakademie.de\/en\/wp-json\/wp\/v2\/pages\/5348\/revisions\/6955"}],"wp:attachment":[{"href":"https:\/\/d-t-musikakademie.de\/en\/wp-json\/wp\/v2\/media?parent=5348"}],"curies":[{"name":"wp","href":"https:\/\/api.w.org\/{rel}","templated":true}]}}