{"id":5608,"date":"2025-11-26T14:19:38","date_gmt":"2025-11-26T14:19:38","guid":{"rendered":"https:\/\/hwb.thetechvillehub.com\/?page_id=5608"},"modified":"2025-11-26T14:25:22","modified_gmt":"2025-11-26T14:25:22","slug":"dozenten-new-adil-arslan","status":"publish","type":"page","link":"https:\/\/d-t-musikakademie.de\/en\/dozenten-new-adil-arslan\/","title":{"rendered":"dozenten-new-AD\u0130L ARSLAN"},"content":{"rendered":"<div data-elementor-type=\"wp-page\" data-elementor-id=\"5608\" class=\"elementor elementor-5608\" data-elementor-post-type=\"page\">\n\t\t\t\t\t\t<section class=\"elementor-section elementor-top-section elementor-element elementor-element-aa4470e elementor-section-height-min-height elementor-section-boxed elementor-section-height-default elementor-section-items-middle qodef-elementor-content-no\" data-id=\"aa4470e\" data-element_type=\"section\" data-e-type=\"section\" data-settings=\"{&quot;background_background&quot;:&quot;classic&quot;}\">\n\t\t\t\t\t\t<div class=\"elementor-container elementor-column-gap-default\">\n\t\t\t\t\t<div class=\"elementor-column elementor-col-100 elementor-top-column elementor-element elementor-element-114fd96\" data-id=\"114fd96\" data-element_type=\"column\" data-e-type=\"column\">\n\t\t\t<div class=\"elementor-widget-wrap elementor-element-populated\">\n\t\t\t\t\t\t<div class=\"elementor-element elementor-element-d254ea2 elementor-hidden-desktop elementor-hidden-tablet elementor-hidden-mobile elementor-widget elementor-widget-eael-breadcrumbs\" data-id=\"d254ea2\" data-element_type=\"widget\" data-e-type=\"widget\" data-widget_type=\"eael-breadcrumbs.default\">\n\t\t\t\t<div class=\"elementor-widget-container\">\n\t\t\t\t\t\t\t<div class=\"eael-breadcrumbs\">\n\t\t\t<div class=\"eael-breadcrumbs__content\"><a href=\"https:\/\/d-t-musikakademie.de\/en\">Home<\/a> <span class=\"eael-breadcrumb-separator\">\/<\/span> <span class = \"eael-current\">Page<\/span><\/div>\t\t<\/div>\n\t\t\t\t\t\t<\/div>\n\t\t\t\t<\/div>\n\t\t\t\t<div class=\"elementor-element elementor-element-58b4832 elementor-icon-list--layout-inline elementor-align-center elementor-list-item-link-full_width elementor-widget elementor-widget-icon-list\" data-id=\"58b4832\" data-element_type=\"widget\" data-e-type=\"widget\" data-widget_type=\"icon-list.default\">\n\t\t\t\t\t\t\t<ul class=\"elementor-icon-list-items elementor-inline-items\">\n\t\t\t\t\t\t\t<li class=\"elementor-icon-list-item elementor-inline-item\">\n\t\t\t\t\t\t\t\t\t\t\t<a href=\"https:\/\/hwb.thetechvillehub.com\/\">\n\n\t\t\t\t\t\t\t\t\t\t\t<span class=\"elementor-icon-list-text\">Home<\/span>\n\t\t\t\t\t\t\t\t\t\t\t<\/a>\n\t\t\t\t\t\t\t\t\t<\/li>\n\t\t\t\t\t\t\t\t<li class=\"elementor-icon-list-item elementor-inline-item\">\n\t\t\t\t\t\t\t\t\t\t<span class=\"elementor-icon-list-text\">Instructors<\/span>\n\t\t\t\t\t\t\t\t\t<\/li>\n\t\t\t\t\t\t<\/ul>\n\t\t\t\t\t\t<\/div>\n\t\t\t\t<div class=\"elementor-element elementor-element-eeea6c0 elementor-widget elementor-widget-heading\" data-id=\"eeea6c0\" data-element_type=\"widget\" data-e-type=\"widget\" data-widget_type=\"heading.default\">\n\t\t\t\t\t<h2 class=\"elementor-heading-title elementor-size-default\">AD\u0130L ARSLAN<\/h2>\t\t\t\t<\/div>\n\t\t\t\t\t<\/div>\n\t\t<\/div>\n\t\t\t\t\t<\/div>\n\t\t<\/section>\n\t\t\t\t<section class=\"elementor-section elementor-top-section elementor-element elementor-element-c4b2bce qodef-elementor-content-grid elementor-section-boxed elementor-section-height-default elementor-section-height-default\" data-id=\"c4b2bce\" data-element_type=\"section\" data-e-type=\"section\">\n\t\t\t\t\t\t<div class=\"elementor-container elementor-column-gap-default\">\n\t\t\t\t\t<div class=\"elementor-column elementor-col-50 elementor-top-column elementor-element elementor-element-6ee2193\" data-id=\"6ee2193\" data-element_type=\"column\" data-e-type=\"column\" data-settings=\"{&quot;background_background&quot;:&quot;classic&quot;}\">\n\t\t\t<div class=\"elementor-widget-wrap elementor-element-populated\">\n\t\t\t\t\t\t<div class=\"elementor-element elementor-element-0a51c36 elementor-widget elementor-widget-image\" data-id=\"0a51c36\" data-element_type=\"widget\" data-e-type=\"widget\" data-widget_type=\"image.default\">\n\t\t\t\t\t\t\t\t\t\t\t\t\t\t\t<img fetchpriority=\"high\" decoding=\"async\" width=\"2560\" height=\"2560\" src=\"https:\/\/d-t-musikakademie.de\/wp-content\/uploads\/2025\/11\/Asset-1@2x-100-scaled.jpg\" class=\"attachment-full size-full wp-image-4379\" alt=\"\" srcset=\"https:\/\/d-t-musikakademie.de\/wp-content\/uploads\/2025\/11\/Asset-1@2x-100-scaled.jpg 2560w, https:\/\/d-t-musikakademie.de\/wp-content\/uploads\/2025\/11\/Asset-1@2x-100-300x300.jpg 300w, https:\/\/d-t-musikakademie.de\/wp-content\/uploads\/2025\/11\/Asset-1@2x-100-1024x1024.jpg 1024w, https:\/\/d-t-musikakademie.de\/wp-content\/uploads\/2025\/11\/Asset-1@2x-100-150x150.jpg 150w, https:\/\/d-t-musikakademie.de\/wp-content\/uploads\/2025\/11\/Asset-1@2x-100-768x768.jpg 768w, https:\/\/d-t-musikakademie.de\/wp-content\/uploads\/2025\/11\/Asset-1@2x-100-1536x1536.jpg 1536w, https:\/\/d-t-musikakademie.de\/wp-content\/uploads\/2025\/11\/Asset-1@2x-100-2048x2048.jpg 2048w, https:\/\/d-t-musikakademie.de\/wp-content\/uploads\/2025\/11\/Asset-1@2x-100-650x650.jpg 650w, https:\/\/d-t-musikakademie.de\/wp-content\/uploads\/2025\/11\/Asset-1@2x-100-1300x1300.jpg 1300w\" sizes=\"(max-width: 2560px) 100vw, 2560px\" \/>\t\t\t\t\t\t\t\t\t\t\t\t\t\t\t<\/div>\n\t\t\t\t\t<\/div>\n\t\t<\/div>\n\t\t\t\t<div class=\"elementor-column elementor-col-50 elementor-top-column elementor-element elementor-element-3b293de\" data-id=\"3b293de\" data-element_type=\"column\" data-e-type=\"column\" data-settings=\"{&quot;background_background&quot;:&quot;classic&quot;}\">\n\t\t\t<div class=\"elementor-widget-wrap elementor-element-populated\">\n\t\t\t\t\t\t<div class=\"elementor-element elementor-element-1c17d8b elementor-widget elementor-widget-text-editor\" data-id=\"1c17d8b\" data-element_type=\"widget\" data-e-type=\"widget\" data-widget_type=\"text-editor.default\">\n\t\t\t\t\t\t\t\t\t<p>Born in Tunceli Eastern Anatolia in 1962, Adil Arslan first became acquainted with the ba\u011flama at the age of six. Soon after first plucking the three stringed instrument with a long neck, the love of his life and his career as a child musician began to unfold.<\/p><p>After moving to Berlin in 1979, the ba\u011flama virtuoso, composer and singer Adil Arslan began developing a unique style of his own. Between 1982 and 1987 he performed for various European radio and television programs. In 1985 began the collaboration with Carlo Domeniconi, the Italian guitar virtuoso and composer, who shared his vision of fusing the best in the East with the best in the West. Inspired by Johann Wolfgang von Goethe\u2019s cycle of poems with the same title, Adil Arslan recorded an album on the ba\u011flama accompanied by a full orchestra, entitled West-\u00f6stlicher Divan. This album was released by CPR (Creative Partner Records) in Germany and by ART (Anatolien Radio and Television) in Turkey in 1986. In 1987, on the occasion of Berlin\u2019s 750th anniversary celebration, Adil Arslan and Carlo Domeniconi gave solo performances at the world premiere of a double concert for ba\u011flama, guitar and chamber orchestra at the Berlin Philharmonic Hall. Composed by Carlo Domeniconi, Concerto di Berlinbul was conducted by Prof. W. Thaerichen and accompanied by the Berlin Sibelius Chamber Orchestra. In a concert for Berlin\u2019s Academy of the Arts dedicated to traditional Turkish music, Adil Arslan lectured on the idiosyncrasies of ba\u011flama as a Turkish musical instrument. Concerto di Berlinbul was repeated at the Bellevue Palace in the presence of German President, Richard von Weizsaecker. The concert was received with great interest leading to successive performances in many other European cities with different orchestras.<\/p><p>Finally, Concerto di Berlinbul was recorded in Ankara with a guitar solo by Carlo Domneiconi and a ba\u011flama solo by Adil Arslan, accompanied by the Presidential Symphonic Orchestra Ankara (CSO) under the direction of G\u00fcrer Aykal and recorded as a CD by Raks wich was released in 1993.\nWhile teaching in various music schools in Berlin since 1981, Adil Arslan has continued to be an interpreter of folk music, although his primary influence is western classical music. Arslan\u2019s work is driven by the conviction that only a synthesis of Eastern and Western elements can begin to bridge the gap between these two worlds.<\/p><p>In 1992 Adil Arslan presented \u00dcryan to the public, a new album with his own compositions. He founded the deutsch-t\u00fcrkische Musikakademie and currently gives performances in the Berlin Philharmonic Hall, thus furthering the intercultural dialogue.<\/p><p>\u00a0<\/p><p><strong>DISKOGRAPHIE:<\/strong><\/p><p><span style=\"text-decoration: underline;\"><em>1986<\/em><\/span><br \/>West-\u00d6stlicher Divan LP\/CD\/MC | CPR\/ART\/ADA Plak<\/p><p><span style=\"text-decoration: underline;\"><em>1992<\/em><\/span><br \/>\u00dcryan CD\/MC | CPR\/ADA Plak<\/p><p><span style=\"text-decoration: underline;\"><em>1993<\/em><\/span><br \/>Concorto di Berlinbul CD | RAKS<\/p>\t\t\t\t\t\t\t\t<\/div>\n\t\t\t\t\t<\/div>\n\t\t<\/div>\n\t\t\t\t\t<\/div>\n\t\t<\/section>\n\t\t\t\t<\/div>","protected":false},"excerpt":{"rendered":"<p>Home \/ Page Home Dozenten AD\u0130L ARSLAN Der 1962 in Tunceli (Ostanatolien) geborene Ba\u011flama-Virtuose, Komponist und S\u00e4nger Adil Arslan ist in Deutschland und in der T\u00fcrkei kein Unbekannter. Seit 1979 lebt der K\u00fcnstler in Berlin und erweckte in kurzer Zeit mit Auftritten in Rundfunk- und Fernsehprogrammen gro\u00dfe Aufmerksamkeit. 1985 arbeitete er mit dem Gitarren-Virtuosen und [&hellip;]<\/p>\n","protected":false},"author":1,"featured_media":4749,"parent":0,"menu_order":0,"comment_status":"closed","ping_status":"closed","template":"page-full-width.php","meta":{"footnotes":""},"class_list":["post-5608","page","type-page","status-publish","has-post-thumbnail","hentry"],"_links":{"self":[{"href":"https:\/\/d-t-musikakademie.de\/en\/wp-json\/wp\/v2\/pages\/5608","targetHints":{"allow":["GET"]}}],"collection":[{"href":"https:\/\/d-t-musikakademie.de\/en\/wp-json\/wp\/v2\/pages"}],"about":[{"href":"https:\/\/d-t-musikakademie.de\/en\/wp-json\/wp\/v2\/types\/page"}],"author":[{"embeddable":true,"href":"https:\/\/d-t-musikakademie.de\/en\/wp-json\/wp\/v2\/users\/1"}],"replies":[{"embeddable":true,"href":"https:\/\/d-t-musikakademie.de\/en\/wp-json\/wp\/v2\/comments?post=5608"}],"version-history":[{"count":3,"href":"https:\/\/d-t-musikakademie.de\/en\/wp-json\/wp\/v2\/pages\/5608\/revisions"}],"predecessor-version":[{"id":5611,"href":"https:\/\/d-t-musikakademie.de\/en\/wp-json\/wp\/v2\/pages\/5608\/revisions\/5611"}],"wp:featuredmedia":[{"embeddable":true,"href":"https:\/\/d-t-musikakademie.de\/en\/wp-json\/wp\/v2\/media\/4749"}],"wp:attachment":[{"href":"https:\/\/d-t-musikakademie.de\/en\/wp-json\/wp\/v2\/media?parent=5608"}],"curies":[{"name":"wp","href":"https:\/\/api.w.org\/{rel}","templated":true}]}}