{"id":5612,"date":"2025-11-26T14:25:47","date_gmt":"2025-11-26T14:25:47","guid":{"rendered":"https:\/\/hwb.thetechvillehub.com\/?page_id=5612"},"modified":"2025-11-26T14:29:22","modified_gmt":"2025-11-26T14:29:22","slug":"dozenten-new-aranxta-armentia","status":"publish","type":"page","link":"https:\/\/d-t-musikakademie.de\/en\/dozenten-new-aranxta-armentia\/","title":{"rendered":"dozenten-new-Aranxta Armentia"},"content":{"rendered":"<div data-elementor-type=\"wp-page\" data-elementor-id=\"5612\" class=\"elementor elementor-5612\" data-elementor-post-type=\"page\">\n\t\t\t\t\t\t<section class=\"elementor-section elementor-top-section elementor-element elementor-element-aa4470e elementor-section-height-min-height elementor-section-boxed elementor-section-height-default elementor-section-items-middle qodef-elementor-content-no\" data-id=\"aa4470e\" data-element_type=\"section\" data-e-type=\"section\" data-settings=\"{&quot;background_background&quot;:&quot;classic&quot;}\">\n\t\t\t\t\t\t<div class=\"elementor-container elementor-column-gap-default\">\n\t\t\t\t\t<div class=\"elementor-column elementor-col-100 elementor-top-column elementor-element elementor-element-114fd96\" data-id=\"114fd96\" data-element_type=\"column\" data-e-type=\"column\">\n\t\t\t<div class=\"elementor-widget-wrap elementor-element-populated\">\n\t\t\t\t\t\t<div class=\"elementor-element elementor-element-d254ea2 elementor-hidden-desktop elementor-hidden-tablet elementor-hidden-mobile elementor-widget elementor-widget-eael-breadcrumbs\" data-id=\"d254ea2\" data-element_type=\"widget\" data-e-type=\"widget\" data-widget_type=\"eael-breadcrumbs.default\">\n\t\t\t\t<div class=\"elementor-widget-container\">\n\t\t\t\t\t\t\t<div class=\"eael-breadcrumbs\">\n\t\t\t<div class=\"eael-breadcrumbs__content\"><a href=\"https:\/\/d-t-musikakademie.de\/en\">Home<\/a> <span class=\"eael-breadcrumb-separator\">\/<\/span> <span class = \"eael-current\">Page<\/span><\/div>\t\t<\/div>\n\t\t\t\t\t\t<\/div>\n\t\t\t\t<\/div>\n\t\t\t\t<div class=\"elementor-element elementor-element-58b4832 elementor-icon-list--layout-inline elementor-align-center elementor-list-item-link-full_width elementor-widget elementor-widget-icon-list\" data-id=\"58b4832\" data-element_type=\"widget\" data-e-type=\"widget\" data-widget_type=\"icon-list.default\">\n\t\t\t\t\t\t\t<ul class=\"elementor-icon-list-items elementor-inline-items\">\n\t\t\t\t\t\t\t<li class=\"elementor-icon-list-item elementor-inline-item\">\n\t\t\t\t\t\t\t\t\t\t\t<a href=\"https:\/\/hwb.thetechvillehub.com\/\">\n\n\t\t\t\t\t\t\t\t\t\t\t<span class=\"elementor-icon-list-text\">Home<\/span>\n\t\t\t\t\t\t\t\t\t\t\t<\/a>\n\t\t\t\t\t\t\t\t\t<\/li>\n\t\t\t\t\t\t\t\t<li class=\"elementor-icon-list-item elementor-inline-item\">\n\t\t\t\t\t\t\t\t\t\t<span class=\"elementor-icon-list-text\">Instructors<\/span>\n\t\t\t\t\t\t\t\t\t<\/li>\n\t\t\t\t\t\t<\/ul>\n\t\t\t\t\t\t<\/div>\n\t\t\t\t<div class=\"elementor-element elementor-element-eeea6c0 elementor-widget elementor-widget-heading\" data-id=\"eeea6c0\" data-element_type=\"widget\" data-e-type=\"widget\" data-widget_type=\"heading.default\">\n\t\t\t\t\t<h2 class=\"elementor-heading-title elementor-size-default\">Aranxta Armentia<\/h2>\t\t\t\t<\/div>\n\t\t\t\t\t<\/div>\n\t\t<\/div>\n\t\t\t\t\t<\/div>\n\t\t<\/section>\n\t\t\t\t<section class=\"elementor-section elementor-top-section elementor-element elementor-element-c4b2bce qodef-elementor-content-grid elementor-section-boxed elementor-section-height-default elementor-section-height-default\" data-id=\"c4b2bce\" data-element_type=\"section\" data-e-type=\"section\">\n\t\t\t\t\t\t<div class=\"elementor-container elementor-column-gap-default\">\n\t\t\t\t\t<div class=\"elementor-column elementor-col-50 elementor-top-column elementor-element elementor-element-6ee2193\" data-id=\"6ee2193\" data-element_type=\"column\" data-e-type=\"column\" data-settings=\"{&quot;background_background&quot;:&quot;classic&quot;}\">\n\t\t\t<div class=\"elementor-widget-wrap elementor-element-populated\">\n\t\t\t\t\t\t<div class=\"elementor-element elementor-element-0a51c36 elementor-widget elementor-widget-image\" data-id=\"0a51c36\" data-element_type=\"widget\" data-e-type=\"widget\" data-widget_type=\"image.default\">\n\t\t\t\t\t\t\t\t\t\t\t\t\t\t\t<img fetchpriority=\"high\" decoding=\"async\" width=\"2560\" height=\"2560\" src=\"https:\/\/d-t-musikakademie.de\/wp-content\/uploads\/2025\/11\/Asset-2@2x-100-scaled.jpg\" class=\"attachment-full size-full wp-image-4380\" alt=\"\" srcset=\"https:\/\/d-t-musikakademie.de\/wp-content\/uploads\/2025\/11\/Asset-2@2x-100-scaled.jpg 2560w, https:\/\/d-t-musikakademie.de\/wp-content\/uploads\/2025\/11\/Asset-2@2x-100-300x300.jpg 300w, https:\/\/d-t-musikakademie.de\/wp-content\/uploads\/2025\/11\/Asset-2@2x-100-1024x1024.jpg 1024w, https:\/\/d-t-musikakademie.de\/wp-content\/uploads\/2025\/11\/Asset-2@2x-100-150x150.jpg 150w, https:\/\/d-t-musikakademie.de\/wp-content\/uploads\/2025\/11\/Asset-2@2x-100-768x768.jpg 768w, https:\/\/d-t-musikakademie.de\/wp-content\/uploads\/2025\/11\/Asset-2@2x-100-1536x1536.jpg 1536w, https:\/\/d-t-musikakademie.de\/wp-content\/uploads\/2025\/11\/Asset-2@2x-100-2048x2048.jpg 2048w, https:\/\/d-t-musikakademie.de\/wp-content\/uploads\/2025\/11\/Asset-2@2x-100-650x650.jpg 650w, https:\/\/d-t-musikakademie.de\/wp-content\/uploads\/2025\/11\/Asset-2@2x-100-1300x1300.jpg 1300w\" sizes=\"(max-width: 2560px) 100vw, 2560px\" \/>\t\t\t\t\t\t\t\t\t\t\t\t\t\t\t<\/div>\n\t\t\t\t\t<\/div>\n\t\t<\/div>\n\t\t\t\t<div class=\"elementor-column elementor-col-50 elementor-top-column elementor-element elementor-element-3b293de\" data-id=\"3b293de\" data-element_type=\"column\" data-e-type=\"column\" data-settings=\"{&quot;background_background&quot;:&quot;classic&quot;}\">\n\t\t\t<div class=\"elementor-widget-wrap elementor-element-populated\">\n\t\t\t\t\t\t<div class=\"elementor-element elementor-element-1c17d8b elementor-widget elementor-widget-text-editor\" data-id=\"1c17d8b\" data-element_type=\"widget\" data-e-type=\"widget\" data-widget_type=\"text-editor.default\">\n\t\t\t\t\t\t\t\t\t<p>Arantxa Armentia studierte in ihrer Heimatstadt Madrid am Real Conservatorio Superior de M\u00fasica bei Juli\u00e1n L\u00f3pez Gimeno und Marisa Villalba Klavier, bei Pedro Lavirgen Gesang. Sie setzte ihre Studien bei Maria Venuti an der Musikhochschule in Karlsruhe fort.<\/p><p>Von 1999 bis 2006 war sie festes Mitglied im Ensemble des Landestheaters Linz, wo sie u.a. als Antonia, Mim\u00ec, Fiordiligi, Nedda, Rusalka, Marie <i>(The<\/i><i> <\/i><i>Bartered<\/i><i> <\/i><i>Bride <\/i>and Marguerite. From 2006 to 2012, she was a member of the ensemble at the Staatsoper Hannover, where she again performed roles such as Antonia, Fiordiligi, and Mim\u00ec, as well as Li\u00f9, Mica\u00ebla, Agaue in Henze\u2019s <i>Die Bassariden, <\/i>Elettra in <i>Idomeneo, <\/i>Contessa in Mozarts <i>Le nozze di Figaro, <\/i>Freia, Helmwige, Fata Morgana <i>(The Love for Three Oranges), <\/i>Desdemona und als Alice in Verdis <i>Falstaff <\/i>auf der B\u00fchne stand. Gastierungen f\u00fchrten sie u. a.an die Staatsoper Wien, das Opernhaus Graz, das Teatro Real (Madrid), das Teatro de la Maestranza (Sevilla), das Gran Teatro de Cordoba, die Oper Frankfurt, die Hamburgische Staatsoper, zu den Ludwigsburger Schlossfestspielen, an das Slowenische Nationaltheater Maribor und ins Odeion des Herodes Atticus (Athens Festival). Sie arbeitete mit zahlreichen namhaften Dirigenten wie F. Garc\u00eda Navarro, Walter Weller, Michel Plasson, Dennis Russell Davies, Enoch zu Guttenberg, Leif Segerstam, Adam Fischer, Martin Haselb\u00f6ck und Jes\u00fas L\u00f3pez Cobos und mit Regisseuren wie Francisco Nieva, Gerd Heinz, Herbert Wernicke, Frank Hilbrich, Karoline Gruber, Tilmann Knabe, Philipp Himmelmann und Barrie Kosky.<\/p><p>Erste p\u00e4dagogische Erfahrungen sammelte Arantxa Armentia an der von ihr mitge- gr\u00fcndeten Musikschule San Juan Bautista ihrer Heimatstadt Madrid, wo sie Klavier und Musi- kalische Fr\u00fcherziehung unterrichtete. Bereits w\u00e4hrend ihres Studiums an der<\/p><p>Musikhochschule Karlsruhe war sie als Assistentin von Prof. Maria Venuti auch unterrichtend t\u00e4tig. In den Jahren 2010 und 2012 leitete sie einen Interpretationskurs f\u00fcr Studenten der Yonsei Universit\u00e4t Seoul\/Korea, die jedes Jahr f\u00fcr 3 Wochen die Staatsoper Hannover besuchten. Im Oktober 2013 unterrichtete sie an der Yonsei-Universit\u00e4t in Seoul\/S\u00fcdkorea. Im April 2014 rundete sie ihre p\u00e4dagogische Weiterbildung mit dem Gesangsp\u00e4dagogischen Zertifikat des Bundesverbands deutscher Gesangsp\u00e4dagogen (BDG) ab. In Kursen und Workshops besch\u00e4ftigt sie sich auch mit gesangsp\u00e4dagogischen Fragen und Problemstellungen. Als aktives Mitglied des BDG und der Asociaci\u00f3n Espa\u00f1ola de Profesores de Canto (AEPC) nimmt sie regelm\u00e4\u00dfig an Symposien und Fortbildungen teil. Sie ist im Besitz des Master-Zertifikats der Stimmtherapeutischen Weiterbildung am Institut Schlaffhorst- Andersen und des Zertifikats \u201eIntegrative Stimmtherapie mit Stimmfunktionskreis\u201c nach Evemarie Haupt<\/p><p>From 2014 to 2020, Arantxa Armentia was a voice teacher at the \u201cAlfred Wagner\u201d Music School in Suhl, Thuringia, where she taught amateur singers of all ages, launched new course formats such as Women Sing (designed for voices over 50), and organized an intergenerational musical theater production that brought together various departments of the school. She also supports the amateur choir Lied-Gut in Berlin-Wei\u00dfensee as a vocal coach. At her vocal studio \u201cLALA\u201d in<\/p><p>Berlin, she teaches both beginners and students preparing for entrance exams. Since autumn 2020, she has regularly given masterclasses for the WDR Children\u2019s Choir in Dortmund. In October 2020, she was appointed vocal instructor for music education students at the UdK Berlin.<\/p>\t\t\t\t\t\t\t\t<\/div>\n\t\t\t\t\t<\/div>\n\t\t<\/div>\n\t\t\t\t\t<\/div>\n\t\t<\/section>\n\t\t\t\t<\/div>","protected":false},"excerpt":{"rendered":"<p>Home \/ Page Home Dozenten Aranxta Armentia Arantxa Armentia studierte in ihrer Heimatstadt Madrid am Real Conservatorio Superior de M\u00fasica bei Juli\u00e1n L\u00f3pez Gimeno und Marisa Villalba Klavier, bei Pedro Lavirgen Gesang. Sie setzte ihre Studien bei Maria Venuti an der Musikhochschule in Karlsruhe fort. Von 1999 bis 2006 war sie festes Mitglied im Ensemble [&hellip;]<\/p>\n","protected":false},"author":1,"featured_media":4749,"parent":0,"menu_order":0,"comment_status":"closed","ping_status":"closed","template":"page-full-width.php","meta":{"footnotes":""},"class_list":["post-5612","page","type-page","status-publish","has-post-thumbnail","hentry"],"_links":{"self":[{"href":"https:\/\/d-t-musikakademie.de\/en\/wp-json\/wp\/v2\/pages\/5612","targetHints":{"allow":["GET"]}}],"collection":[{"href":"https:\/\/d-t-musikakademie.de\/en\/wp-json\/wp\/v2\/pages"}],"about":[{"href":"https:\/\/d-t-musikakademie.de\/en\/wp-json\/wp\/v2\/types\/page"}],"author":[{"embeddable":true,"href":"https:\/\/d-t-musikakademie.de\/en\/wp-json\/wp\/v2\/users\/1"}],"replies":[{"embeddable":true,"href":"https:\/\/d-t-musikakademie.de\/en\/wp-json\/wp\/v2\/comments?post=5612"}],"version-history":[{"count":3,"href":"https:\/\/d-t-musikakademie.de\/en\/wp-json\/wp\/v2\/pages\/5612\/revisions"}],"predecessor-version":[{"id":5615,"href":"https:\/\/d-t-musikakademie.de\/en\/wp-json\/wp\/v2\/pages\/5612\/revisions\/5615"}],"wp:featuredmedia":[{"embeddable":true,"href":"https:\/\/d-t-musikakademie.de\/en\/wp-json\/wp\/v2\/media\/4749"}],"wp:attachment":[{"href":"https:\/\/d-t-musikakademie.de\/en\/wp-json\/wp\/v2\/media?parent=5612"}],"curies":[{"name":"wp","href":"https:\/\/api.w.org\/{rel}","templated":true}]}}