{"id":6472,"date":"2026-01-07T12:17:44","date_gmt":"2026-01-07T12:17:44","guid":{"rendered":"https:\/\/hwb.thetechvillehub.com\/?page_id=6472"},"modified":"2026-04-07T15:13:41","modified_gmt":"2026-04-07T15:13:41","slug":"datenschutz","status":"publish","type":"page","link":"https:\/\/d-t-musikakademie.de\/en\/datenschutz\/","title":{"rendered":"Data Protection"},"content":{"rendered":"<div data-elementor-type=\"wp-page\" data-elementor-id=\"6472\" class=\"elementor elementor-6472\" data-elementor-post-type=\"page\">\n\t\t\t\t\t\t<section class=\"elementor-section elementor-top-section elementor-element elementor-element-3979563 elementor-section-height-min-height elementor-section-boxed elementor-section-height-default elementor-section-items-middle qodef-elementor-content-no\" data-id=\"3979563\" data-element_type=\"section\" data-e-type=\"section\" data-settings=\"{&quot;background_background&quot;:&quot;classic&quot;}\">\n\t\t\t\t\t\t<div class=\"elementor-container elementor-column-gap-default\">\n\t\t\t\t\t<div class=\"elementor-column elementor-col-100 elementor-top-column elementor-element elementor-element-708b482\" data-id=\"708b482\" data-element_type=\"column\" data-e-type=\"column\">\n\t\t\t<div class=\"elementor-widget-wrap elementor-element-populated\">\n\t\t\t\t\t\t<div class=\"elementor-element elementor-element-176055c elementor-hidden-desktop elementor-hidden-tablet elementor-hidden-mobile elementor-widget elementor-widget-eael-breadcrumbs\" data-id=\"176055c\" data-element_type=\"widget\" data-e-type=\"widget\" data-widget_type=\"eael-breadcrumbs.default\">\n\t\t\t\t<div class=\"elementor-widget-container\">\n\t\t\t\t\t\t\t<div class=\"eael-breadcrumbs\">\n\t\t\t<div class=\"eael-breadcrumbs__content\"><a href=\"https:\/\/d-t-musikakademie.de\/en\">Home<\/a> <span class=\"eael-breadcrumb-separator\">\/ Kontakt \/<\/span> <span class = \"eael-current\">Page<\/span><\/div>\t\t<\/div>\n\t\t\t\t\t\t<\/div>\n\t\t\t\t<\/div>\n\t\t\t\t<div class=\"elementor-element elementor-element-b953d08 elementor-widget elementor-widget-heading\" data-id=\"b953d08\" data-element_type=\"widget\" data-e-type=\"widget\" data-widget_type=\"heading.default\">\n\t\t\t\t\t<h2 class=\"elementor-heading-title elementor-size-default\">Data Protection<\/h2>\t\t\t\t<\/div>\n\t\t\t\t\t<\/div>\n\t\t<\/div>\n\t\t\t\t\t<\/div>\n\t\t<\/section>\n\t\t\t\t<section class=\"elementor-section elementor-top-section elementor-element elementor-element-d5669b3 qodef-elementor-content-grid elementor-section-boxed elementor-section-height-default elementor-section-height-default\" data-id=\"d5669b3\" data-element_type=\"section\" data-e-type=\"section\">\n\t\t\t\t\t\t<div class=\"elementor-container elementor-column-gap-default\">\n\t\t\t\t\t<div class=\"elementor-column elementor-col-100 elementor-top-column elementor-element elementor-element-933bca1\" data-id=\"933bca1\" data-element_type=\"column\" data-e-type=\"column\" data-settings=\"{&quot;background_background&quot;:&quot;classic&quot;}\">\n\t\t\t<div class=\"elementor-widget-wrap elementor-element-populated\">\n\t\t\t\t\t\t<div class=\"elementor-element elementor-element-4eb0319 elementor-widget__width-initial elementor-widget elementor-widget-text-editor\" data-id=\"4eb0319\" data-element_type=\"widget\" data-e-type=\"widget\" data-widget_type=\"text-editor.default\">\n\t\t\t\t\t\t\t\t\t<div><strong>1. General<\/strong><\/div><div>This website places the highest priority on the protection of its users\u2019 personal data. Personal data is collected and processed solely for the purposes of providing the services offered, contacting users, or fulfilling legal obligations.<\/div><div>\u00a0<\/div><div><strong>2. Collection and Use of Data<\/strong><\/div><div>When registering, subscribing to newsletters, or otherwise submitting personal data, users are explicitly and transparently informed about the type, scope, and purpose of data collection.<\/div><div>\u00a0<\/div><div><strong>3. Disclosure to Third Parties<\/strong><\/div><div>Personal data will only be disclosed to third parties with the express consent of the user or as required by law. The sale of personal data to third parties does not take place.<\/div><div>\u00a0<\/div><div><strong>4. Cookies and Similar Technologies<\/strong><\/div><div>The website uses cookies and similar technologies to optimize the functionality and user experience. Users may object to the use of cookies or disable them at any time.<\/div><div>\u00a0<\/div><div><strong>5. Data Security and Legal Basis<\/strong><\/div><div>In the event of data breaches or other security incidents, appropriate measures will be taken immediately. The processing of personal data is carried out in strict compliance with the EU General Data Protection Regulation (GDPR) and the applicable German data protection laws.<\/div>\t\t\t\t\t\t\t\t<\/div>\n\t\t\t\t\t<\/div>\n\t\t<\/div>\n\t\t\t\t\t<\/div>\n\t\t<\/section>\n\t\t\t\t<\/div>","protected":false},"excerpt":{"rendered":"<p>Home \/ Kontakt \/ Page Datenschutz 1. AllgemeinesDiese Website legt gr\u00f6\u00dften Wert auf den Schutz der personenbezogenen Daten ihrer Nutzer. Personenbezogene Daten werden ausschlie\u00dflich zu den Zwecken der Bereitstellung der angebotenen Dienste, der Kontaktaufnahme oder der Erf\u00fcllung gesetzlicher Pflichten erhoben und verarbeitet.\u00a02. Erhebung und Verwendung von DatenBei Registrierung, Newsletter-Anmeldung oder sonstiger \u00dcbermittlung personenbezogener Daten wird [&hellip;]<\/p>\n","protected":false},"author":1,"featured_media":0,"parent":0,"menu_order":0,"comment_status":"closed","ping_status":"closed","template":"page-full-width.php","meta":{"footnotes":""},"class_list":["post-6472","page","type-page","status-publish","hentry"],"_links":{"self":[{"href":"https:\/\/d-t-musikakademie.de\/en\/wp-json\/wp\/v2\/pages\/6472","targetHints":{"allow":["GET"]}}],"collection":[{"href":"https:\/\/d-t-musikakademie.de\/en\/wp-json\/wp\/v2\/pages"}],"about":[{"href":"https:\/\/d-t-musikakademie.de\/en\/wp-json\/wp\/v2\/types\/page"}],"author":[{"embeddable":true,"href":"https:\/\/d-t-musikakademie.de\/en\/wp-json\/wp\/v2\/users\/1"}],"replies":[{"embeddable":true,"href":"https:\/\/d-t-musikakademie.de\/en\/wp-json\/wp\/v2\/comments?post=6472"}],"version-history":[{"count":15,"href":"https:\/\/d-t-musikakademie.de\/en\/wp-json\/wp\/v2\/pages\/6472\/revisions"}],"predecessor-version":[{"id":7739,"href":"https:\/\/d-t-musikakademie.de\/en\/wp-json\/wp\/v2\/pages\/6472\/revisions\/7739"}],"wp:attachment":[{"href":"https:\/\/d-t-musikakademie.de\/en\/wp-json\/wp\/v2\/media?parent=6472"}],"curies":[{"name":"wp","href":"https:\/\/api.w.org\/{rel}","templated":true}]}}