{"id":6622,"date":"2026-02-16T15:00:50","date_gmt":"2026-02-16T15:00:50","guid":{"rendered":"https:\/\/hwb.thetechvillehub.com\/?page_id=6622"},"modified":"2026-02-16T15:38:45","modified_gmt":"2026-02-16T15:38:45","slug":"dozenten-carlo-domeniconi","status":"publish","type":"page","link":"https:\/\/d-t-musikakademie.de\/en\/dozenten-carlo-domeniconi\/","title":{"rendered":"dozenten-Carlo Domeniconi"},"content":{"rendered":"<div data-elementor-type=\"wp-page\" data-elementor-id=\"6622\" class=\"elementor elementor-6622\" data-elementor-post-type=\"page\">\n\t\t\t\t\t\t<section class=\"elementor-section elementor-top-section elementor-element elementor-element-d62c380 elementor-section-full_width elementor-section-height-default elementor-section-height-default qodef-elementor-content-no\" data-id=\"d62c380\" data-element_type=\"section\" data-e-type=\"section\">\n\t\t\t\t\t\t<div class=\"elementor-container elementor-column-gap-default\">\n\t\t\t\t\t<div class=\"elementor-column elementor-col-33 elementor-top-column elementor-element elementor-element-f88c9a4 elementor-hidden-tablet elementor-hidden-mobile\" data-id=\"f88c9a4\" data-element_type=\"column\" data-e-type=\"column\" data-settings=\"{&quot;background_background&quot;:&quot;classic&quot;}\">\n\t\t\t<div class=\"elementor-widget-wrap elementor-element-populated\">\n\t\t\t\t\t<div class=\"elementor-background-overlay\"><\/div>\n\t\t\t\t\t\t<div class=\"elementor-element elementor-element-34d7b5e elementor-widget elementor-widget-spacer\" data-id=\"34d7b5e\" data-element_type=\"widget\" data-e-type=\"widget\" data-widget_type=\"spacer.default\">\n\t\t\t\t\t\t\t<div class=\"elementor-spacer\">\n\t\t\t<div class=\"elementor-spacer-inner\"><\/div>\n\t\t<\/div>\n\t\t\t\t\t\t<\/div>\n\t\t\t\t\t<\/div>\n\t\t<\/div>\n\t\t\t\t<div class=\"elementor-column elementor-col-33 elementor-top-column elementor-element elementor-element-8b496a6\" data-id=\"8b496a6\" data-element_type=\"column\" data-e-type=\"column\">\n\t\t\t<div class=\"elementor-widget-wrap elementor-element-populated\">\n\t\t\t\t\t\t<div class=\"elementor-element elementor-element-77ec771 elementor-widget elementor-widget-songbook_core_section_title\" data-id=\"77ec771\" data-element_type=\"widget\" data-e-type=\"widget\" data-widget_type=\"songbook_core_section_title.default\">\n\t\t\t\t<div class=\"elementor-widget-container\">\n\t\t\t\t\t<div class=\"qodef-shortcode qodef-m  qodef-section-title qodef-alignment--left\">\n\t\t\t<h1 class=\"qodef-m-title\" style=\"margin-top: 11px\">\n\t\t\t\t\tCarlo Domeniconi<br \/>\t\t\t<\/h1>\n\t\t<\/div>\t\t\t\t<\/div>\n\t\t\t\t<\/div>\n\t\t\t\t<div class=\"elementor-element elementor-element-f9f9f8a elementor-widget elementor-widget-text-editor\" data-id=\"f9f9f8a\" data-element_type=\"widget\" data-e-type=\"widget\" data-widget_type=\"text-editor.default\">\n\t\t\t\t\t\t\t\t\t<p>Carlo Domeniconi (born February 20, 1947, in Cesena) is regarded as one of the most significant contemporary guitarists and composers. His artistic development is characterized by a deep grounding in European tradition combined with an exceptional openness toward non-European musical cultures.<\/p><p>He began his musical studies at the conservatory in Pesaro with Carmen Lenzi-Mozzani, daughter of Luigi Mozzani. He later continued his studies in West Berlin with Erich B\u00fcrger, a student of Bruno Henze. At the same time, he studied composition with Heinz Friedrich Hartig at what is now the Universit\u00e4t der K\u00fcnste Berlin, where he served as professor of guitar from 1969 to 1992. He also taught at the State Conservatory of Istanbul from 1977 to 1980.<\/p><p>A milestone in his oeuvre is the \u201cConcerto di Berlinbul\u201d for ba\u011flama, guitar and chamber orchestra, composed in 1987. The world premiere took place in the Berliner Philharmonie together with ba\u011flama virtuoso Adil Arslan.<\/p><p>With more than twenty guitar concertos \u2014 about half for solo guitar and half for various ensembles with guitar \u2014 Domeniconi created a substantial and stylistically diverse body of work. His compositions are strongly influenced by Turkish, Arabic, and Indian music. Renowned artists such as David Russell, John Williams, Dale Kavanagh, Shin\u2019ichi Fukuda, \u00c1lvaro Pierri, Pavel Steidl and the Los Angeles Guitar Quartet have performed his works internationally.<\/p>\t\t\t\t\t\t\t\t<\/div>\n\t\t\t\t\t<\/div>\n\t\t<\/div>\n\t\t\t\t<div class=\"elementor-column elementor-col-33 elementor-top-column elementor-element elementor-element-60d3430\" data-id=\"60d3430\" data-element_type=\"column\" data-e-type=\"column\" data-settings=\"{&quot;background_background&quot;:&quot;classic&quot;}\">\n\t\t\t<div class=\"elementor-widget-wrap elementor-element-populated\">\n\t\t\t\t\t\t<div class=\"elementor-element elementor-element-1d24f0a elementor-widget elementor-widget-spacer\" data-id=\"1d24f0a\" data-element_type=\"widget\" data-e-type=\"widget\" data-widget_type=\"spacer.default\">\n\t\t\t\t\t\t\t<div class=\"elementor-spacer\">\n\t\t\t<div class=\"elementor-spacer-inner\"><\/div>\n\t\t<\/div>\n\t\t\t\t\t\t<\/div>\n\t\t\t\t\t<\/div>\n\t\t<\/div>\n\t\t\t\t\t<\/div>\n\t\t<\/section>\n\t\t\t\t<\/div>","protected":false},"excerpt":{"rendered":"<p>Carlo Domeniconi Carlo Domeniconi (20. Februar 1947 in Cesena) z\u00e4hlt zu den bedeutendsten Gitarristen und Komponisten der Gegenwart. Sein k\u00fcnstlerischer Werdegang ist gepr\u00e4gt von einer tiefen Verwurzelung in der europ\u00e4ischen Tradition sowie einer au\u00dfergew\u00f6hnlichen Offenheit gegen\u00fcber au\u00dfereurop\u00e4ischen Klangwelten. Seine musikalische Ausbildung begann er am Konservatorium in Pesaro bei Carmen Lenzi-Mozzani, der Tochter von Luigi Mozzani. [&hellip;]<\/p>\n","protected":false},"author":1,"featured_media":0,"parent":0,"menu_order":0,"comment_status":"closed","ping_status":"closed","template":"page-full-width.php","meta":{"footnotes":""},"class_list":["post-6622","page","type-page","status-publish","hentry"],"_links":{"self":[{"href":"https:\/\/d-t-musikakademie.de\/en\/wp-json\/wp\/v2\/pages\/6622","targetHints":{"allow":["GET"]}}],"collection":[{"href":"https:\/\/d-t-musikakademie.de\/en\/wp-json\/wp\/v2\/pages"}],"about":[{"href":"https:\/\/d-t-musikakademie.de\/en\/wp-json\/wp\/v2\/types\/page"}],"author":[{"embeddable":true,"href":"https:\/\/d-t-musikakademie.de\/en\/wp-json\/wp\/v2\/users\/1"}],"replies":[{"embeddable":true,"href":"https:\/\/d-t-musikakademie.de\/en\/wp-json\/wp\/v2\/comments?post=6622"}],"version-history":[{"count":9,"href":"https:\/\/d-t-musikakademie.de\/en\/wp-json\/wp\/v2\/pages\/6622\/revisions"}],"predecessor-version":[{"id":6634,"href":"https:\/\/d-t-musikakademie.de\/en\/wp-json\/wp\/v2\/pages\/6622\/revisions\/6634"}],"wp:attachment":[{"href":"https:\/\/d-t-musikakademie.de\/en\/wp-json\/wp\/v2\/media?parent=6622"}],"curies":[{"name":"wp","href":"https:\/\/api.w.org\/{rel}","templated":true}]}}