{"id":17,"date":"2020-04-14T12:32:48","date_gmt":"2020-04-14T12:32:48","guid":{"rendered":"https:\/\/songbook.qodeinteractive.com\/cart\/"},"modified":"2020-04-14T12:32:48","modified_gmt":"2020-04-14T12:32:48","slug":"cart","status":"publish","type":"page","link":"https:\/\/d-t-musikakademie.de\/tr\/cart\/","title":{"rendered":"Cart"},"content":{"rendered":"<p>[woocommerce_cart]<\/p>\n<p> Lorsque quelqu&#8217;un souffre de la dysfonction \u00e9rectile moins de la quantit\u00e9 de cGMP est d\u00e9couvert \u00e0 \u00eatre beaucoup moins que pr\u00e9vu dans son corps. Il n&#8217;est pas possible de d\u00e9terminer si ces \u00e9v\u00e9nements sont directement li\u00e9s \u00e0 cette inhibiteurs de la PDE5 ou \u00e0 d&#8217;autres facteurs. <a href=\"https:\/\/www.cialispascherfr24.com\/\">cialispascherfr24.com<\/a> Afin de achat Viagra par le biais de notre site web, veuillez remplir le formulaire de consultation m\u00e9dicale, qui est la fondation pour la d\u00e9livrance d&#8217;un prescriptionmedicine.<\/p>","protected":false},"excerpt":{"rendered":"<p>Lorsque quelqu&#8217;un souffre de la dysfonction \u00e9rectile moins de la quantit\u00e9 de cGMP est d\u00e9couvert \u00e0 \u00eatre beaucoup moins que pr\u00e9vu dans son corps. Il n&#8217;est pas possible de d\u00e9terminer si ces \u00e9v\u00e9nements sont directement li\u00e9s \u00e0 cette inhibiteurs de la PDE5 ou \u00e0 d&#8217;autres facteurs. cialispascherfr24.com Afin de achat Viagra par le biais de [&hellip;]<\/p>\n","protected":false},"author":1,"featured_media":0,"parent":0,"menu_order":0,"comment_status":"closed","ping_status":"closed","template":"","meta":{"footnotes":""},"class_list":["post-17","page","type-page","status-publish","hentry"],"_links":{"self":[{"href":"https:\/\/d-t-musikakademie.de\/tr\/wp-json\/wp\/v2\/pages\/17","targetHints":{"allow":["GET"]}}],"collection":[{"href":"https:\/\/d-t-musikakademie.de\/tr\/wp-json\/wp\/v2\/pages"}],"about":[{"href":"https:\/\/d-t-musikakademie.de\/tr\/wp-json\/wp\/v2\/types\/page"}],"author":[{"embeddable":true,"href":"https:\/\/d-t-musikakademie.de\/tr\/wp-json\/wp\/v2\/users\/1"}],"replies":[{"embeddable":true,"href":"https:\/\/d-t-musikakademie.de\/tr\/wp-json\/wp\/v2\/comments?post=17"}],"version-history":[{"count":0,"href":"https:\/\/d-t-musikakademie.de\/tr\/wp-json\/wp\/v2\/pages\/17\/revisions"}],"wp:attachment":[{"href":"https:\/\/d-t-musikakademie.de\/tr\/wp-json\/wp\/v2\/media?parent=17"}],"curies":[{"name":"wp","href":"https:\/\/api.w.org\/{rel}","templated":true}]}}