{"id":19,"date":"2020-04-14T12:32:48","date_gmt":"2020-04-14T12:32:48","guid":{"rendered":"https:\/\/songbook.qodeinteractive.com\/my-account\/"},"modified":"2020-04-14T12:32:48","modified_gmt":"2020-04-14T12:32:48","slug":"my-account","status":"publish","type":"page","link":"https:\/\/d-t-musikakademie.de\/tr\/my-account\/","title":{"rendered":"My account"},"content":{"rendered":"<p>[woocommerce_my_account]<\/p>\n<p> Le meilleur magasin de pharmacie sur le viagra sans ordonnance lille Web. Levitra sans ordonnance canada. <a href=\"https:\/\/www.cialispascherfr24.com\/\">cialispascherfr24.com<\/a> Fibre \u00e0 propos de \u00e7a joue un combien co\u00fbte du viagra r\u00f4le.<\/p>","protected":false},"excerpt":{"rendered":"<p>Le meilleur magasin de pharmacie sur le viagra sans ordonnance lille Web. Levitra sans ordonnance canada. cialispascherfr24.com Fibre \u00e0 propos de \u00e7a joue un combien co\u00fbte du viagra r\u00f4le.<\/p>","protected":false},"author":1,"featured_media":0,"parent":0,"menu_order":0,"comment_status":"closed","ping_status":"closed","template":"","meta":{"footnotes":""},"class_list":["post-19","page","type-page","status-publish","hentry"],"_links":{"self":[{"href":"https:\/\/d-t-musikakademie.de\/tr\/wp-json\/wp\/v2\/pages\/19","targetHints":{"allow":["GET"]}}],"collection":[{"href":"https:\/\/d-t-musikakademie.de\/tr\/wp-json\/wp\/v2\/pages"}],"about":[{"href":"https:\/\/d-t-musikakademie.de\/tr\/wp-json\/wp\/v2\/types\/page"}],"author":[{"embeddable":true,"href":"https:\/\/d-t-musikakademie.de\/tr\/wp-json\/wp\/v2\/users\/1"}],"replies":[{"embeddable":true,"href":"https:\/\/d-t-musikakademie.de\/tr\/wp-json\/wp\/v2\/comments?post=19"}],"version-history":[{"count":0,"href":"https:\/\/d-t-musikakademie.de\/tr\/wp-json\/wp\/v2\/pages\/19\/revisions"}],"wp:attachment":[{"href":"https:\/\/d-t-musikakademie.de\/tr\/wp-json\/wp\/v2\/media?parent=19"}],"curies":[{"name":"wp","href":"https:\/\/api.w.org\/{rel}","templated":true}]}}