{"id":4463,"date":"2025-11-17T12:46:25","date_gmt":"2025-11-17T12:46:25","guid":{"rendered":"https:\/\/hwb.thetechvillehub.com\/?page_id=4463"},"modified":"2025-12-01T13:22:02","modified_gmt":"2025-12-01T13:22:02","slug":"dozenten-ergun-karadag","status":"publish","type":"page","link":"https:\/\/d-t-musikakademie.de\/tr\/dozenten-ergun-karadag\/","title":{"rendered":"dozenten-Erg\u00fcn Karadag"},"content":{"rendered":"<div data-elementor-type=\"wp-page\" data-elementor-id=\"4463\" class=\"elementor elementor-4463\" data-elementor-post-type=\"page\">\n\t\t\t\t\t\t<section class=\"elementor-section elementor-top-section elementor-element elementor-element-d62c380 elementor-section-full_width elementor-section-height-default elementor-section-height-default qodef-elementor-content-no\" data-id=\"d62c380\" data-element_type=\"section\" data-e-type=\"section\">\n\t\t\t\t\t\t<div class=\"elementor-container elementor-column-gap-default\">\n\t\t\t\t\t<div class=\"elementor-column elementor-col-33 elementor-top-column elementor-element elementor-element-1f3d367 elementor-hidden-tablet elementor-hidden-mobile\" data-id=\"1f3d367\" data-element_type=\"column\" data-e-type=\"column\" data-settings=\"{&quot;background_background&quot;:&quot;classic&quot;}\">\n\t\t\t<div class=\"elementor-widget-wrap elementor-element-populated\">\n\t\t\t\t\t<div class=\"elementor-background-overlay\"><\/div>\n\t\t\t\t\t\t<div class=\"elementor-element elementor-element-b9cd36e elementor-widget elementor-widget-spacer\" data-id=\"b9cd36e\" data-element_type=\"widget\" data-e-type=\"widget\" data-widget_type=\"spacer.default\">\n\t\t\t\t\t\t\t<div class=\"elementor-spacer\">\n\t\t\t<div class=\"elementor-spacer-inner\"><\/div>\n\t\t<\/div>\n\t\t\t\t\t\t<\/div>\n\t\t\t\t\t<\/div>\n\t\t<\/div>\n\t\t\t\t<div class=\"elementor-column elementor-col-33 elementor-top-column elementor-element elementor-element-8b496a6\" data-id=\"8b496a6\" data-element_type=\"column\" data-e-type=\"column\">\n\t\t\t<div class=\"elementor-widget-wrap elementor-element-populated\">\n\t\t\t\t\t\t<div class=\"elementor-element elementor-element-77ec771 elementor-widget elementor-widget-songbook_core_section_title\" data-id=\"77ec771\" data-element_type=\"widget\" data-e-type=\"widget\" data-widget_type=\"songbook_core_section_title.default\">\n\t\t\t\t<div class=\"elementor-widget-container\">\n\t\t\t\t\t<div class=\"qodef-shortcode qodef-m  qodef-section-title qodef-alignment--left\">\n\t\t\t<h1 class=\"qodef-m-title\" style=\"margin-top: 11px\">\n\t\t\t\t\tERG\u00dcN KARADA\u011e<br \/>\t\t\t<\/h1>\n\t\t<\/div>\t\t\t\t<\/div>\n\t\t\t\t<\/div>\n\t\t\t\t<div class=\"elementor-element elementor-element-f9f9f8a elementor-widget elementor-widget-text-editor\" data-id=\"f9f9f8a\" data-element_type=\"widget\" data-e-type=\"widget\" data-widget_type=\"text-editor.default\">\n\t\t\t\t\t\t\t\t\t<p>1976 y\u0131l\u0131nda \u0130zmir'de do\u011fdu.\u0130lk ve orta \u00f6\u011fretimi \u0130zmir Bal\u00e7ova'da okudu.<\/p><p>1993 y\u0131l\u0131nda Ege \u00dcniversitesi Devlet T\u00fcrk Musikisi Konservatuar\u0131 Temel Bilimler b\u00f6l\u00fcm\u00fcn\u00fc kazanarak lisans e\u011fitimine ba\u015flad\u0131.\n1996 y\u0131l\u0131nda konservatuarda \u00f6\u011frenciyken TRT \u0130zmir Radyosunun a\u00e7m\u0131\u015f oldu\u011fu s\u0131nav\u0131 kazanarak\nTRT'de kanun sanat\u00e7\u0131l\u0131\u011f\u0131 g\u00f6revini 2000 y\u0131l\u0131na kadar s\u00fcrd\u00fcrd\u00fc.<\/p><p>1998 y\u0131l\u0131nda konservatuardan mezun oldu. Ayn\u0131 kurumda o y\u0131ldan beri \u00f6\u011fretim g\u00f6revlisi olarak\n\u00e7al\u0131\u015fmaktad\u0131r.<\/p><p>2005 y\u0131l\u0131nda Prof. Dr. M. Hakan Cevher taraf\u0131ndan kurulan Cevher-\u0131 Musiki grubunda kanun saz\u0131n\u0131n yan\u0131nda santur saz\u0131n\u0131 da icra etmeye ba\u015flad\u0131.<\/p><p>Yurti\u00e7i ve yurtd\u0131\u015f\u0131 bir\u00e7ok konser ve etkinliklerde g\u00f6rev ald\u0131. Evli ve bir \u00e7ocuk babas\u0131d\u0131r.<\/p>\t\t\t\t\t\t\t\t<\/div>\n\t\t\t\t\t<\/div>\n\t\t<\/div>\n\t\t\t\t<div class=\"elementor-column elementor-col-33 elementor-top-column elementor-element elementor-element-60d3430\" data-id=\"60d3430\" data-element_type=\"column\" data-e-type=\"column\" data-settings=\"{&quot;background_background&quot;:&quot;classic&quot;}\">\n\t\t\t<div class=\"elementor-widget-wrap elementor-element-populated\">\n\t\t\t\t\t\t<div class=\"elementor-element elementor-element-1d24f0a elementor-widget elementor-widget-spacer\" data-id=\"1d24f0a\" data-element_type=\"widget\" data-e-type=\"widget\" data-widget_type=\"spacer.default\">\n\t\t\t\t\t\t\t<div class=\"elementor-spacer\">\n\t\t\t<div class=\"elementor-spacer-inner\"><\/div>\n\t\t<\/div>\n\t\t\t\t\t\t<\/div>\n\t\t\t\t\t<\/div>\n\t\t<\/div>\n\t\t\t\t\t<\/div>\n\t\t<\/section>\n\t\t\t\t<\/div>","protected":false},"excerpt":{"rendered":"<p>ERG\u00dcN KARADA\u011e Er wurde 1976 in Izmir geboren und absolvierte seine Grund- und Mittelschulausbildung in Bal\u00e7ova, Izmir. 1993 wurde er in die Abteilung f\u00fcr Grundlagenwissenschaften des Staatlichen T\u00fcrkischen Musikkonservatoriums der Universit\u00e4t Ege aufgenommen und begann dort sein Bachelorstudium. 1996, noch w\u00e4hrend seines Studiums am Konservatorium, bestand er die Aufnahmepr\u00fcfung des TRT- Radios Izmir und war [&hellip;]<\/p>\n","protected":false},"author":1,"featured_media":0,"parent":0,"menu_order":0,"comment_status":"closed","ping_status":"closed","template":"page-full-width.php","meta":{"footnotes":""},"class_list":["post-4463","page","type-page","status-publish","hentry"],"_links":{"self":[{"href":"https:\/\/d-t-musikakademie.de\/tr\/wp-json\/wp\/v2\/pages\/4463","targetHints":{"allow":["GET"]}}],"collection":[{"href":"https:\/\/d-t-musikakademie.de\/tr\/wp-json\/wp\/v2\/pages"}],"about":[{"href":"https:\/\/d-t-musikakademie.de\/tr\/wp-json\/wp\/v2\/types\/page"}],"author":[{"embeddable":true,"href":"https:\/\/d-t-musikakademie.de\/tr\/wp-json\/wp\/v2\/users\/1"}],"replies":[{"embeddable":true,"href":"https:\/\/d-t-musikakademie.de\/tr\/wp-json\/wp\/v2\/comments?post=4463"}],"version-history":[{"count":18,"href":"https:\/\/d-t-musikakademie.de\/tr\/wp-json\/wp\/v2\/pages\/4463\/revisions"}],"predecessor-version":[{"id":5930,"href":"https:\/\/d-t-musikakademie.de\/tr\/wp-json\/wp\/v2\/pages\/4463\/revisions\/5930"}],"wp:attachment":[{"href":"https:\/\/d-t-musikakademie.de\/tr\/wp-json\/wp\/v2\/media?parent=4463"}],"curies":[{"name":"wp","href":"https:\/\/api.w.org\/{rel}","templated":true}]}}