{"id":4471,"date":"2025-11-17T13:12:45","date_gmt":"2025-11-17T13:12:45","guid":{"rendered":"https:\/\/hwb.thetechvillehub.com\/?page_id=4471"},"modified":"2026-05-15T10:43:52","modified_gmt":"2026-05-15T10:43:52","slug":"dozenten-kevin-traeger","status":"publish","type":"page","link":"https:\/\/d-t-musikakademie.de\/tr\/dozenten-kevin-traeger\/","title":{"rendered":"dozenten-Kevin Traeger"},"content":{"rendered":"<div data-elementor-type=\"wp-page\" data-elementor-id=\"4471\" class=\"elementor elementor-4471\" data-elementor-post-type=\"page\">\n\t\t\t\t\t\t<section class=\"elementor-section elementor-top-section elementor-element elementor-element-d62c380 elementor-section-full_width elementor-section-height-default elementor-section-height-default qodef-elementor-content-no\" data-id=\"d62c380\" data-element_type=\"section\" data-e-type=\"section\">\n\t\t\t\t\t\t<div class=\"elementor-container elementor-column-gap-default\">\n\t\t\t\t\t<div class=\"elementor-column elementor-col-33 elementor-top-column elementor-element elementor-element-ca61eb2 elementor-hidden-tablet elementor-hidden-mobile\" data-id=\"ca61eb2\" data-element_type=\"column\" data-e-type=\"column\" data-settings=\"{&quot;background_background&quot;:&quot;classic&quot;}\">\n\t\t\t<div class=\"elementor-widget-wrap elementor-element-populated\">\n\t\t\t\t\t<div class=\"elementor-background-overlay\"><\/div>\n\t\t\t\t\t\t<div class=\"elementor-element elementor-element-acd80e2 elementor-widget elementor-widget-spacer\" data-id=\"acd80e2\" data-element_type=\"widget\" data-e-type=\"widget\" data-widget_type=\"spacer.default\">\n\t\t\t\t\t\t\t<div class=\"elementor-spacer\">\n\t\t\t<div class=\"elementor-spacer-inner\"><\/div>\n\t\t<\/div>\n\t\t\t\t\t\t<\/div>\n\t\t\t\t\t<\/div>\n\t\t<\/div>\n\t\t\t\t<div class=\"elementor-column elementor-col-33 elementor-top-column elementor-element elementor-element-8b496a6\" data-id=\"8b496a6\" data-element_type=\"column\" data-e-type=\"column\">\n\t\t\t<div class=\"elementor-widget-wrap elementor-element-populated\">\n\t\t\t\t\t\t<div class=\"elementor-element elementor-element-77ec771 elementor-widget elementor-widget-songbook_core_section_title\" data-id=\"77ec771\" data-element_type=\"widget\" data-e-type=\"widget\" data-widget_type=\"songbook_core_section_title.default\">\n\t\t\t\t<div class=\"elementor-widget-container\">\n\t\t\t\t\t<div class=\"qodef-shortcode qodef-m  qodef-section-title qodef-alignment--left\">\n\t\t\t<h1 class=\"qodef-m-title\" style=\"margin-top: 11px\">\n\t\t\t\t\tKEVIN TRAEGER<br \/>\t\t\t<\/h1>\n\t\t<\/div>\t\t\t\t<\/div>\n\t\t\t\t<\/div>\n\t\t\t\t<div class=\"elementor-element elementor-element-f9f9f8a elementor-widget elementor-widget-text-editor\" data-id=\"f9f9f8a\" data-element_type=\"widget\" data-e-type=\"widget\" data-widget_type=\"text-editor.default\">\n\t\t\t\t\t\t\t\t\t<p>Kevin Traeger, Berlin Caz Enstit\u00fcs\u00fc\u2019nde (Universit\u00e4t der K\u00fcnste ve Hochschule f\u00fcr Musik Hanns Eisler) caz vokal e\u011fitimi ald\u0131 ve Japonya, \u0130srail ve Macaristan gibi \u00fclkelerde konserler vererek uluslararas\u0131 d\u00fczeyde sahne ald\u0131. 2012 y\u0131l\u0131ndan bu yana Berlin ve Brandenburg\u2019da tam zamanl\u0131 olarak koro \u015fefi olarak \u00e7al\u0131\u015fmaktad\u0131r. Ayr\u0131ca koro ve orkestra topluluklar\u0131 i\u00e7in besteci ve aranj\u00f6r olarak da aktiftir.\nBunun yan\u0131 s\u0131ra Deutsche Oper Berlin ve Tempodrom gibi mekanlarda tiyatro m\u00fczisyeni olarak sahne\nalm\u0131\u015ft\u0131r ve ayr\u0131ca Die Fliegenden Noten korosunun \u015fefli\u011fini yapmaktad\u0131r.<\/p>\t\t\t\t\t\t\t\t<\/div>\n\t\t\t\t\t<\/div>\n\t\t<\/div>\n\t\t\t\t<div class=\"elementor-column elementor-col-33 elementor-top-column elementor-element elementor-element-60d3430\" data-id=\"60d3430\" data-element_type=\"column\" data-e-type=\"column\" data-settings=\"{&quot;background_background&quot;:&quot;classic&quot;}\">\n\t\t\t<div class=\"elementor-widget-wrap elementor-element-populated\">\n\t\t\t\t\t\t<div class=\"elementor-element elementor-element-1d24f0a elementor-widget elementor-widget-spacer\" data-id=\"1d24f0a\" data-element_type=\"widget\" data-e-type=\"widget\" data-widget_type=\"spacer.default\">\n\t\t\t\t\t\t\t<div class=\"elementor-spacer\">\n\t\t\t<div class=\"elementor-spacer-inner\"><\/div>\n\t\t<\/div>\n\t\t\t\t\t\t<\/div>\n\t\t\t\t\t<\/div>\n\t\t<\/div>\n\t\t\t\t\t<\/div>\n\t\t<\/section>\n\t\t\t\t<\/div>","protected":false},"excerpt":{"rendered":"<p>Kevin Traeger Kevin Traeger studierte Jazzgesang am Jazz-Institut Berlin (Universit\u00e4t der K\u00fcnste und Hochschule f\u00fcr Musik Hanns Eisler) und trat international auf, unter anderem in Japan, Israel und Ungarn. Seit 2012 arbeitet er hauptberuflich als Chorleiter in Berlin und Brandenburg und ist zudem als Komponist und Arrangeur f\u00fcr Chor- und Orchesterbesetzungen t\u00e4tig. Dar\u00fcber hinaus wirkte [&hellip;]<\/p>\n","protected":false},"author":1,"featured_media":0,"parent":0,"menu_order":0,"comment_status":"closed","ping_status":"closed","template":"page-full-width.php","meta":{"footnotes":""},"class_list":["post-4471","page","type-page","status-publish","hentry"],"_links":{"self":[{"href":"https:\/\/d-t-musikakademie.de\/tr\/wp-json\/wp\/v2\/pages\/4471","targetHints":{"allow":["GET"]}}],"collection":[{"href":"https:\/\/d-t-musikakademie.de\/tr\/wp-json\/wp\/v2\/pages"}],"about":[{"href":"https:\/\/d-t-musikakademie.de\/tr\/wp-json\/wp\/v2\/types\/page"}],"author":[{"embeddable":true,"href":"https:\/\/d-t-musikakademie.de\/tr\/wp-json\/wp\/v2\/users\/1"}],"replies":[{"embeddable":true,"href":"https:\/\/d-t-musikakademie.de\/tr\/wp-json\/wp\/v2\/comments?post=4471"}],"version-history":[{"count":18,"href":"https:\/\/d-t-musikakademie.de\/tr\/wp-json\/wp\/v2\/pages\/4471\/revisions"}],"predecessor-version":[{"id":5378,"href":"https:\/\/d-t-musikakademie.de\/tr\/wp-json\/wp\/v2\/pages\/4471\/revisions\/5378"}],"wp:attachment":[{"href":"https:\/\/d-t-musikakademie.de\/tr\/wp-json\/wp\/v2\/media?parent=4471"}],"curies":[{"name":"wp","href":"https:\/\/api.w.org\/{rel}","templated":true}]}}