{"id":4475,"date":"2025-11-17T13:14:07","date_gmt":"2025-11-17T13:14:07","guid":{"rendered":"https:\/\/hwb.thetechvillehub.com\/?page_id=4475"},"modified":"2026-05-15T10:53:58","modified_gmt":"2026-05-15T10:53:58","slug":"dozenten-kerstin-brokate","status":"publish","type":"page","link":"https:\/\/d-t-musikakademie.de\/tr\/dozenten-kerstin-brokate\/","title":{"rendered":"dozenten-Kerstin Brokate"},"content":{"rendered":"<div data-elementor-type=\"wp-page\" data-elementor-id=\"4475\" class=\"elementor elementor-4475\" data-elementor-post-type=\"page\">\n\t\t\t\t\t\t<section class=\"elementor-section elementor-top-section elementor-element elementor-element-d62c380 elementor-section-full_width elementor-section-height-default elementor-section-height-default qodef-elementor-content-no\" data-id=\"d62c380\" data-element_type=\"section\" data-e-type=\"section\">\n\t\t\t\t\t\t<div class=\"elementor-container elementor-column-gap-default\">\n\t\t\t\t\t<div class=\"elementor-column elementor-col-33 elementor-top-column elementor-element elementor-element-87838bc elementor-hidden-tablet elementor-hidden-mobile\" data-id=\"87838bc\" data-element_type=\"column\" data-e-type=\"column\" data-settings=\"{&quot;background_background&quot;:&quot;classic&quot;}\">\n\t\t\t<div class=\"elementor-widget-wrap elementor-element-populated\">\n\t\t\t\t\t<div class=\"elementor-background-overlay\"><\/div>\n\t\t\t\t\t\t<div class=\"elementor-element elementor-element-442e741 elementor-widget elementor-widget-spacer\" data-id=\"442e741\" data-element_type=\"widget\" data-e-type=\"widget\" data-widget_type=\"spacer.default\">\n\t\t\t\t\t\t\t<div class=\"elementor-spacer\">\n\t\t\t<div class=\"elementor-spacer-inner\"><\/div>\n\t\t<\/div>\n\t\t\t\t\t\t<\/div>\n\t\t\t\t\t<\/div>\n\t\t<\/div>\n\t\t\t\t<div class=\"elementor-column elementor-col-33 elementor-top-column elementor-element elementor-element-8b496a6\" data-id=\"8b496a6\" data-element_type=\"column\" data-e-type=\"column\">\n\t\t\t<div class=\"elementor-widget-wrap elementor-element-populated\">\n\t\t\t\t\t\t<div class=\"elementor-element elementor-element-77ec771 elementor-widget elementor-widget-songbook_core_section_title\" data-id=\"77ec771\" data-element_type=\"widget\" data-e-type=\"widget\" data-widget_type=\"songbook_core_section_title.default\">\n\t\t\t\t<div class=\"elementor-widget-container\">\n\t\t\t\t\t<div class=\"qodef-shortcode qodef-m  qodef-section-title qodef-alignment--left\">\n\t\t\t<h1 class=\"qodef-m-title\" style=\"margin-top: 11px\">\n\t\t\t\t\tKERSTIN BROKATE<br \/>\t\t\t<\/h1>\n\t\t<\/div>\t\t\t\t<\/div>\n\t\t\t\t<\/div>\n\t\t\t\t<div class=\"elementor-element elementor-element-f9f9f8a elementor-widget elementor-widget-text-editor\" data-id=\"f9f9f8a\" data-element_type=\"widget\" data-e-type=\"widget\" data-widget_type=\"text-editor.default\">\n\t\t\t\t\t\t\t\t\t<p>Kerstin Brokate, 1983-1988 y\u0131llar\u0131 aras\u0131nda Augsburg\u2019da Leopold-Mozart Konservatuvar\u0131\u2019nda yan dal piyano ve ana dal olarak fl\u00fct e\u011fitimi ald\u0131 ve m\u00fczik \u00f6\u011fretmenli\u011fi ile konser diplomas\u0131n\u0131 tamamlad\u0131.<\/p><p>Daha sonra Ulrich Meyer ile \u00f6zel \u00e7al\u0131\u015fmalar yapt\u0131 ve Aur\u00e8le Nicolet, Trevor Wye, Peter Thalheimer,\nMichael Faust, Peter-Lukas Graf, Robert Aitken ve Carin Levine ile ustal\u0131k kurslar\u0131na kat\u0131ld\u0131.<\/p><p>Ritmik ve m\u00fczik fizyolojisi alanlar\u0131nda da ba\u015far\u0131l\u0131 e\u011fitimler ald\u0131.<\/p><p>Konser faaliyetlerinde \u00f6zellikle piyano ve gitar ile oda m\u00fczi\u011fi \u00e7al\u0131\u015fmalar\u0131nda yer almakta ve Almanya ile yurt d\u0131\u015f\u0131nda d\u00fczenli olarak konserler vermektedir.<\/p><p>1984-1994 y\u0131llar\u0131 aras\u0131nda G\u00fcney Almanya\u2019da bir gen\u00e7lik m\u00fczik okulunda \u00f6\u011fretmenlik yapt\u0131. 1994\ny\u0131l\u0131ndan beri Berlin\u2019de serbest fl\u00fct sanat\u00e7\u0131s\u0131 olarak ya\u015fam\u0131n\u0131 s\u00fcrd\u00fcrmekte ve b\u00fcy\u00fck bir heyecanla fl\u00fct,\nblokfl\u00fct ve piyano dersleri vermektedir.<\/p>\t\t\t\t\t\t\t\t<\/div>\n\t\t\t\t\t<\/div>\n\t\t<\/div>\n\t\t\t\t<div class=\"elementor-column elementor-col-33 elementor-top-column elementor-element elementor-element-60d3430\" data-id=\"60d3430\" data-element_type=\"column\" data-e-type=\"column\" data-settings=\"{&quot;background_background&quot;:&quot;classic&quot;}\">\n\t\t\t<div class=\"elementor-widget-wrap elementor-element-populated\">\n\t\t\t\t\t\t<div class=\"elementor-element elementor-element-1d24f0a elementor-widget elementor-widget-spacer\" data-id=\"1d24f0a\" data-element_type=\"widget\" data-e-type=\"widget\" data-widget_type=\"spacer.default\">\n\t\t\t\t\t\t\t<div class=\"elementor-spacer\">\n\t\t\t<div class=\"elementor-spacer-inner\"><\/div>\n\t\t<\/div>\n\t\t\t\t\t\t<\/div>\n\t\t\t\t\t<\/div>\n\t\t<\/div>\n\t\t\t\t\t<\/div>\n\t\t<\/section>\n\t\t\t\t<\/div>","protected":false},"excerpt":{"rendered":"<p>Kerstin Brokate Kerstin Brokate studierte von 1983-88 in Augsburg am Leopold-Mozart-Konservatorium im Hauptfach Querfl\u00f6te und im Nebenfach Klavier und schloss mit dem Musiklehrer- und Konzertdiplom ab. Es folgten private Studien bei Ulrich Meyer und Meisterkurse mit Aur\u00e8le Nicolet, Trevor Wye, Peter Thalheimer, Michael Faust, Peter-Lukas Graf, Robert Aitken und Carin Levine. Weitere Ausbildungen hat sie [&hellip;]<\/p>\n","protected":false},"author":1,"featured_media":0,"parent":0,"menu_order":0,"comment_status":"closed","ping_status":"closed","template":"page-full-width.php","meta":{"footnotes":""},"class_list":["post-4475","page","type-page","status-publish","hentry"],"_links":{"self":[{"href":"https:\/\/d-t-musikakademie.de\/tr\/wp-json\/wp\/v2\/pages\/4475","targetHints":{"allow":["GET"]}}],"collection":[{"href":"https:\/\/d-t-musikakademie.de\/tr\/wp-json\/wp\/v2\/pages"}],"about":[{"href":"https:\/\/d-t-musikakademie.de\/tr\/wp-json\/wp\/v2\/types\/page"}],"author":[{"embeddable":true,"href":"https:\/\/d-t-musikakademie.de\/tr\/wp-json\/wp\/v2\/users\/1"}],"replies":[{"embeddable":true,"href":"https:\/\/d-t-musikakademie.de\/tr\/wp-json\/wp\/v2\/comments?post=4475"}],"version-history":[{"count":15,"href":"https:\/\/d-t-musikakademie.de\/tr\/wp-json\/wp\/v2\/pages\/4475\/revisions"}],"predecessor-version":[{"id":5375,"href":"https:\/\/d-t-musikakademie.de\/tr\/wp-json\/wp\/v2\/pages\/4475\/revisions\/5375"}],"wp:attachment":[{"href":"https:\/\/d-t-musikakademie.de\/tr\/wp-json\/wp\/v2\/media?parent=4475"}],"curies":[{"name":"wp","href":"https:\/\/api.w.org\/{rel}","templated":true}]}}