{"id":4494,"date":"2025-11-17T13:26:44","date_gmt":"2025-11-17T13:26:44","guid":{"rendered":"https:\/\/hwb.thetechvillehub.com\/?page_id=4494"},"modified":"2025-11-26T00:04:48","modified_gmt":"2025-11-26T00:04:48","slug":"dozenten-shingo-masuda","status":"publish","type":"page","link":"https:\/\/d-t-musikakademie.de\/tr\/dozenten-shingo-masuda\/","title":{"rendered":"dozenten-Shingo Masuda"},"content":{"rendered":"<div data-elementor-type=\"wp-page\" data-elementor-id=\"4494\" class=\"elementor elementor-4494\" data-elementor-post-type=\"page\">\n\t\t\t\t\t\t<section class=\"elementor-section elementor-top-section elementor-element elementor-element-d62c380 elementor-section-full_width elementor-section-height-default elementor-section-height-default qodef-elementor-content-no\" data-id=\"d62c380\" data-element_type=\"section\" data-e-type=\"section\">\n\t\t\t\t\t\t<div class=\"elementor-container elementor-column-gap-default\">\n\t\t\t\t\t<div class=\"elementor-column elementor-col-33 elementor-top-column elementor-element elementor-element-1338b22 elementor-hidden-tablet elementor-hidden-mobile\" data-id=\"1338b22\" data-element_type=\"column\" data-e-type=\"column\" data-settings=\"{&quot;background_background&quot;:&quot;classic&quot;}\">\n\t\t\t<div class=\"elementor-widget-wrap elementor-element-populated\">\n\t\t\t\t\t<div class=\"elementor-background-overlay\"><\/div>\n\t\t\t\t\t\t<div class=\"elementor-element elementor-element-210a2b7 elementor-widget elementor-widget-spacer\" data-id=\"210a2b7\" data-element_type=\"widget\" data-e-type=\"widget\" data-widget_type=\"spacer.default\">\n\t\t\t\t\t\t\t<div class=\"elementor-spacer\">\n\t\t\t<div class=\"elementor-spacer-inner\"><\/div>\n\t\t<\/div>\n\t\t\t\t\t\t<\/div>\n\t\t\t\t\t<\/div>\n\t\t<\/div>\n\t\t\t\t<div class=\"elementor-column elementor-col-33 elementor-top-column elementor-element elementor-element-8b496a6\" data-id=\"8b496a6\" data-element_type=\"column\" data-e-type=\"column\">\n\t\t\t<div class=\"elementor-widget-wrap elementor-element-populated\">\n\t\t\t\t\t\t<div class=\"elementor-element elementor-element-77ec771 elementor-widget elementor-widget-songbook_core_section_title\" data-id=\"77ec771\" data-element_type=\"widget\" data-e-type=\"widget\" data-widget_type=\"songbook_core_section_title.default\">\n\t\t\t\t<div class=\"elementor-widget-container\">\n\t\t\t\t\t<div class=\"qodef-shortcode qodef-m  qodef-section-title qodef-alignment--left\">\n\t\t\t<h1 class=\"qodef-m-title\" style=\"margin-top: 11px\">\n\t\t\t\t\tSHINGO MASUDA<br \/>\t\t\t<\/h1>\n\t\t<\/div>\t\t\t\t<\/div>\n\t\t\t\t<\/div>\n\t\t\t\t<div class=\"elementor-element elementor-element-f9f9f8a elementor-widget elementor-widget-text-editor\" data-id=\"f9f9f8a\" data-element_type=\"widget\" data-e-type=\"widget\" data-widget_type=\"text-editor.default\">\n\t\t\t\t\t\t\t\t\t<p>Shingo Masuda, Japonya k\u00f6kenli bir kanun sanat\u00e7\u0131s\u0131 ve bestecidir. Osaka\u2019da do\u011fdu ve Nara\u2019da b\u00fcy\u00fcd\u00fc. K\u00fc\u00e7\u00fck ya\u015flarda piyano derslerine ba\u015flad\u0131 ve klasik Bat\u0131 m\u00fczi\u011fi e\u011fitimi ald\u0131.<\/p><p>2009 y\u0131l\u0131nda Kanun\u2019u \u00f6\u011frenmek i\u00e7in M\u0131s\u0131r\u2019\u0131n Kahire \u015fehrine gitti ve burada yo\u011fun bir \u015fekilde \u00e7al\u0131\u015ft\u0131. Daha sonra T\u00fcrkiye, Tunus ve Yunanistan gibi \u00fclkelere bir\u00e7ok seyahat yaparak, \u00f6zellikle Arap ve T\u00fcrk m\u00fczi\u011fi ba\u015fta olmak \u00fczere farkl\u0131 \u00e7alma teknikleri ve makam m\u00fczi\u011fi geleneklerini ara\u015ft\u0131rd\u0131.<\/p><p>2017 y\u0131l\u0131na kadar a\u011f\u0131rl\u0131kl\u0131 olarak Japonya\u2019da m\u00fczikal faaliyetlerini s\u00fcrd\u00fcrd\u00fc, ard\u0131ndan Berlin\u2019e ta\u015f\u0131nd\u0131. Bug\u00fcn Berlin\u2019de bir\u00e7ok uluslararas\u0131 m\u00fczisyenle birlikte \u00e7al\u0131\u015fmakta ve \u00e7e\u015fitli projelerde yer almaktad\u0131r.<\/p><p>Eyl\u00fcl 2019\u2019da, Berlin\u2019de d\u00fczenlenen prestijli bir d\u00fcnya m\u00fczi\u011fi grup yar\u0131\u015fmas\u0131 olan \u201c2. Creole\nContest\u201dte \u201cJapal\u201d adl\u0131 grubu ile ikinci \u00f6d\u00fcl\u00fc kazand\u0131.<\/p>\t\t\t\t\t\t\t\t<\/div>\n\t\t\t\t\t<\/div>\n\t\t<\/div>\n\t\t\t\t<div class=\"elementor-column elementor-col-33 elementor-top-column elementor-element elementor-element-60d3430\" data-id=\"60d3430\" data-element_type=\"column\" data-e-type=\"column\" data-settings=\"{&quot;background_background&quot;:&quot;classic&quot;}\">\n\t\t\t<div class=\"elementor-widget-wrap elementor-element-populated\">\n\t\t\t\t\t\t<div class=\"elementor-element elementor-element-1d24f0a elementor-widget elementor-widget-spacer\" data-id=\"1d24f0a\" data-element_type=\"widget\" data-e-type=\"widget\" data-widget_type=\"spacer.default\">\n\t\t\t\t\t\t\t<div class=\"elementor-spacer\">\n\t\t\t<div class=\"elementor-spacer-inner\"><\/div>\n\t\t<\/div>\n\t\t\t\t\t\t<\/div>\n\t\t\t\t\t<\/div>\n\t\t<\/div>\n\t\t\t\t\t<\/div>\n\t\t<\/section>\n\t\t\t\t<\/div>","protected":false},"excerpt":{"rendered":"<p>Shingo Masuda Shingo Masuda ist Kanun (orientalische Zither) Spieler und Komponist aus Japan. Er wurde in Osaka geboren und ist in Nara aufgewachsen. Als er klein war, hat er angefangen Klavier zu spielen und sich mit klassischer Musik zu besch\u00e4ftigen. Im Jahr 2009 ist er nach Cairo, \u00c4gypten geflogen um dort Kanun spielen zu lernen. [&hellip;]<\/p>\n","protected":false},"author":1,"featured_media":0,"parent":0,"menu_order":0,"comment_status":"closed","ping_status":"closed","template":"page-full-width.php","meta":{"footnotes":""},"class_list":["post-4494","page","type-page","status-publish","hentry"],"_links":{"self":[{"href":"https:\/\/d-t-musikakademie.de\/tr\/wp-json\/wp\/v2\/pages\/4494","targetHints":{"allow":["GET"]}}],"collection":[{"href":"https:\/\/d-t-musikakademie.de\/tr\/wp-json\/wp\/v2\/pages"}],"about":[{"href":"https:\/\/d-t-musikakademie.de\/tr\/wp-json\/wp\/v2\/types\/page"}],"author":[{"embeddable":true,"href":"https:\/\/d-t-musikakademie.de\/tr\/wp-json\/wp\/v2\/users\/1"}],"replies":[{"embeddable":true,"href":"https:\/\/d-t-musikakademie.de\/tr\/wp-json\/wp\/v2\/comments?post=4494"}],"version-history":[{"count":12,"href":"https:\/\/d-t-musikakademie.de\/tr\/wp-json\/wp\/v2\/pages\/4494\/revisions"}],"predecessor-version":[{"id":5390,"href":"https:\/\/d-t-musikakademie.de\/tr\/wp-json\/wp\/v2\/pages\/4494\/revisions\/5390"}],"wp:attachment":[{"href":"https:\/\/d-t-musikakademie.de\/tr\/wp-json\/wp\/v2\/media?parent=4494"}],"curies":[{"name":"wp","href":"https:\/\/api.w.org\/{rel}","templated":true}]}}