{"id":4506,"date":"2025-11-17T14:00:51","date_gmt":"2025-11-17T14:00:51","guid":{"rendered":"https:\/\/hwb.thetechvillehub.com\/?page_id=4506"},"modified":"2026-05-15T08:51:00","modified_gmt":"2026-05-15T08:51:00","slug":"uber-uns","status":"publish","type":"page","link":"https:\/\/d-t-musikakademie.de\/tr\/uber-uns\/","title":{"rendered":"Kurumsal"},"content":{"rendered":"<div data-elementor-type=\"wp-page\" data-elementor-id=\"4506\" class=\"elementor elementor-4506\" data-elementor-post-type=\"page\">\n\t\t\t\t\t\t<section class=\"elementor-section elementor-top-section elementor-element elementor-element-aa4470e elementor-section-height-min-height elementor-section-boxed elementor-section-height-default elementor-section-items-middle qodef-elementor-content-no\" data-id=\"aa4470e\" data-element_type=\"section\" data-e-type=\"section\" data-settings=\"{&quot;background_background&quot;:&quot;classic&quot;}\">\n\t\t\t\t\t\t<div class=\"elementor-container elementor-column-gap-default\">\n\t\t\t\t\t<div class=\"elementor-column elementor-col-100 elementor-top-column elementor-element elementor-element-114fd96\" data-id=\"114fd96\" data-element_type=\"column\" data-e-type=\"column\">\n\t\t\t<div class=\"elementor-widget-wrap elementor-element-populated\">\n\t\t\t\t\t\t<div class=\"elementor-element elementor-element-d254ea2 elementor-hidden-desktop elementor-hidden-tablet elementor-hidden-mobile elementor-widget elementor-widget-eael-breadcrumbs\" data-id=\"d254ea2\" data-element_type=\"widget\" data-e-type=\"widget\" data-widget_type=\"eael-breadcrumbs.default\">\n\t\t\t\t<div class=\"elementor-widget-container\">\n\t\t\t\t\t\t\t<div class=\"eael-breadcrumbs\">\n\t\t\t<div class=\"eael-breadcrumbs__content\"><a href=\"https:\/\/d-t-musikakademie.de\/tr\">Home<\/a> <span class=\"eael-breadcrumb-separator\">\/<\/span> <span class = \"eael-current\">Sayfa<\/span><\/div>\t\t<\/div>\n\t\t\t\t\t\t<\/div>\n\t\t\t\t<\/div>\n\t\t\t\t<div class=\"elementor-element elementor-element-58b4832 elementor-icon-list--layout-inline elementor-align-center elementor-list-item-link-full_width elementor-widget elementor-widget-icon-list\" data-id=\"58b4832\" data-element_type=\"widget\" data-e-type=\"widget\" data-widget_type=\"icon-list.default\">\n\t\t\t\t\t\t\t<ul class=\"elementor-icon-list-items elementor-inline-items\">\n\t\t\t\t\t\t\t<li class=\"elementor-icon-list-item elementor-inline-item\">\n\t\t\t\t\t\t\t\t\t\t\t<a href=\"https:\/\/d-t-musikakademie.de\/tr\/\">\n\n\t\t\t\t\t\t\t\t\t\t\t<span class=\"elementor-icon-list-text\">Ana Sayfa<\/span>\n\t\t\t\t\t\t\t\t\t\t\t<\/a>\n\t\t\t\t\t\t\t\t\t<\/li>\n\t\t\t\t\t\t\t\t<li class=\"elementor-icon-list-item elementor-inline-item\">\n\t\t\t\t\t\t\t\t\t\t<span class=\"elementor-icon-list-text\">Hakk\u0131m\u0131zda  <\/span>\n\t\t\t\t\t\t\t\t\t<\/li>\n\t\t\t\t\t\t<\/ul>\n\t\t\t\t\t\t<\/div>\n\t\t\t\t<div class=\"elementor-element elementor-element-eeea6c0 elementor-widget elementor-widget-heading\" data-id=\"eeea6c0\" data-element_type=\"widget\" data-e-type=\"widget\" data-widget_type=\"heading.default\">\n\t\t\t\t\t<h2 class=\"elementor-heading-title elementor-size-default\">Kurumsal<\/h2>\t\t\t\t<\/div>\n\t\t\t\t\t<\/div>\n\t\t<\/div>\n\t\t\t\t\t<\/div>\n\t\t<\/section>\n\t\t\t\t<section class=\"elementor-section elementor-top-section elementor-element elementor-element-d5669b3 qodef-elementor-content-grid elementor-section-boxed elementor-section-height-default elementor-section-height-default\" data-id=\"d5669b3\" data-element_type=\"section\" data-e-type=\"section\">\n\t\t\t\t\t\t<div class=\"elementor-container elementor-column-gap-default\">\n\t\t\t\t\t<div class=\"elementor-column elementor-col-50 elementor-top-column elementor-element elementor-element-933bca1\" data-id=\"933bca1\" data-element_type=\"column\" data-e-type=\"column\" data-settings=\"{&quot;background_background&quot;:&quot;classic&quot;}\">\n\t\t\t<div class=\"elementor-widget-wrap elementor-element-populated\">\n\t\t\t\t\t\t<div class=\"elementor-element elementor-element-0e1c130 elementor-widget elementor-widget-songbook_core_section_title\" data-id=\"0e1c130\" data-element_type=\"widget\" data-e-type=\"widget\" data-widget_type=\"songbook_core_section_title.default\">\n\t\t\t\t<div class=\"elementor-widget-container\">\n\t\t\t\t\t<div class=\"qodef-shortcode qodef-m  qodef-section-title qodef-alignment--left\">\n\t\t\t<h3 class=\"qodef-m-title\" style=\"margin-top: 11px\">\n\t\t\t\t\tDEUTSCH-T\u00dcRKISCHE MUSIKAKADEMIE\t\t\t<\/h3>\n\t\t<\/div>\t\t\t\t<\/div>\n\t\t\t\t<\/div>\n\t\t\t\t<div class=\"elementor-element elementor-element-4eb0319 elementor-widget elementor-widget-text-editor\" data-id=\"4eb0319\" data-element_type=\"widget\" data-e-type=\"widget\" data-widget_type=\"text-editor.default\">\n\t\t\t\t\t\t\t\t\t<p class=\"translation-block\">Deutsch-T\u00fcrkische Musikakademie (DTM), \u00e7ok y\u00f6nl\u00fc k\u00fclt\u00fcrel \u00e7al\u0131\u015fmalar y\u00fcr\u00fcten k\u00e2r amac\u0131 g\u00fctmeyen bir e\u011fitim kurumudur. 1998 y\u0131l\u0131nda kurulmu\u015f olup, m\u00fczik alan\u0131nda k\u00fclt\u00fcrleraras\u0131 anlay\u0131\u015f\u0131 geli\u015ftirmeye y\u00f6nelik ara\u015ft\u0131rma, e\u011fitim ve yay\u0131n faaliyetleri i\u00e7in bir platform h\u00e2line gelmi\u015ftir.<\/p><p>DTM, 2003 y\u0131l\u0131ndan bu yana Avrupa klasik m\u00fczi\u011fi ile T\u00fcrk m\u00fczik k\u00fclt\u00fcrlerinin kar\u015f\u0131l\u0131kl\u0131 etkile\u015fimi anlay\u0131\u015f\u0131yla \u00e7al\u0131\u015fmalar\u0131n\u0131 s\u00fcrd\u00fcrmektedir. Bu yakla\u015f\u0131m\u0131n temelleri, 1828 y\u0131l\u0131nda Giuseppe Donizetti\u2019nin Konstantinopolis saray\u0131na genel m\u00fczik direkt\u00f6r\u00fc olarak atanmas\u0131yla at\u0131lm\u0131\u015f; daha sonra \u00f6zellikle Paul Hindemith ve Carl Ebert\u2019in 1930\u2019lu y\u0131llarda T\u00fcrkiye\u2019de Devlet Konservatuvar\u0131\u2019n\u0131n kurulmas\u0131na yapt\u0131klar\u0131 katk\u0131larla kurumsalla\u015fm\u0131\u015ft\u0131r.<\/p><p>Ama\u00e7, farkl\u0131 m\u00fczik sistemleriyle derinlemesine bir etkile\u015fim kurarak kar\u015f\u0131l\u0131kl\u0131 a\u00e7\u0131kl\u0131k ve anlay\u0131\u015f\u0131 te\u015fvik etmektir. DTM bu yakla\u015f\u0131m\u0131 etkinlikler, seminerler, at\u00f6lye \u00e7al\u0131\u015fmalar\u0131 ve \u00f6zellikle m\u00fczik okulunun konserleri arac\u0131l\u0131\u011f\u0131yla ele almaktad\u0131r.<\/p><p>Bir\u00e7ok Avrupa orkestras\u0131, korosu ve kurumu ile y\u00fcr\u00fct\u00fclen i\u015f birlikleri, m\u00fczik akademisinin g\u00fcvenilir bir ortak olarak itibar\u0131n\u0131 kal\u0131c\u0131 bi\u00e7imde g\u00fc\u00e7lendirmi\u015ftir. Alan\u0131nda yetkin e\u011fitmenler, deneyimli m\u00fczisyenler ve m\u00fczik y\u00fcksekokullar\u0131ndan mezun sanat\u00e7\u0131lar etkili bir e\u011fitim program\u0131 sunmakta ve \u00f6\u011frencilerin hem Anadolu hem de Bat\u0131 enstr\u00fcmanlar\u0131yla tan\u0131\u015fmas\u0131n\u0131 kolayla\u015ft\u0131rmaktad\u0131r. Akademide T\u00fcrk m\u00fczi\u011fi enstr\u00fcmanlar\u0131n\u0131n yan\u0131 s\u0131ra Bat\u0131 m\u00fczi\u011fi enstr\u00fcmanlar\u0131na y\u00f6nelik dersler de verilmektedir.<\/p>\t\t\t\t\t\t\t\t<\/div>\n\t\t\t\t\t<\/div>\n\t\t<\/div>\n\t\t\t\t<div class=\"elementor-column elementor-col-50 elementor-top-column elementor-element elementor-element-b5a208e\" data-id=\"b5a208e\" data-element_type=\"column\" data-e-type=\"column\" data-settings=\"{&quot;background_background&quot;:&quot;classic&quot;}\">\n\t\t\t<div class=\"elementor-widget-wrap elementor-element-populated\">\n\t\t\t\t\t\t<div class=\"elementor-element elementor-element-1521dce elementor-widget elementor-widget-image\" data-id=\"1521dce\" data-element_type=\"widget\" data-e-type=\"widget\" data-widget_type=\"image.default\">\n\t\t\t\t\t\t\t\t\t\t\t\t\t\t\t<img fetchpriority=\"high\" decoding=\"async\" width=\"2060\" height=\"2560\" src=\"https:\/\/d-t-musikakademie.de\/wp-content\/uploads\/2026\/03\/1-copy-scaled.jpg\" class=\"attachment-full size-full wp-image-6783\" alt=\"\" srcset=\"https:\/\/d-t-musikakademie.de\/wp-content\/uploads\/2026\/03\/1-copy-scaled.jpg 2060w, https:\/\/d-t-musikakademie.de\/wp-content\/uploads\/2026\/03\/1-copy-241x300.jpg 241w, https:\/\/d-t-musikakademie.de\/wp-content\/uploads\/2026\/03\/1-copy-824x1024.jpg 824w, https:\/\/d-t-musikakademie.de\/wp-content\/uploads\/2026\/03\/1-copy-768x954.jpg 768w, https:\/\/d-t-musikakademie.de\/wp-content\/uploads\/2026\/03\/1-copy-1236x1536.jpg 1236w, https:\/\/d-t-musikakademie.de\/wp-content\/uploads\/2026\/03\/1-copy-1648x2048.jpg 1648w, https:\/\/d-t-musikakademie.de\/wp-content\/uploads\/2026\/03\/1-copy-10x12.jpg 10w\" sizes=\"(max-width: 2060px) 100vw, 2060px\" \/>\t\t\t\t\t\t\t\t\t\t\t\t\t\t\t<\/div>\n\t\t\t\t\t<\/div>\n\t\t<\/div>\n\t\t\t\t\t<\/div>\n\t\t<\/section>\n\t\t\t\t<section class=\"elementor-section elementor-top-section elementor-element elementor-element-c4b2bce qodef-elementor-content-grid elementor-section-boxed elementor-section-height-default elementor-section-height-default\" data-id=\"c4b2bce\" data-element_type=\"section\" data-e-type=\"section\">\n\t\t\t\t\t\t<div class=\"elementor-container elementor-column-gap-default\">\n\t\t\t\t\t<div class=\"elementor-column elementor-col-50 elementor-top-column elementor-element elementor-element-6ee2193\" data-id=\"6ee2193\" data-element_type=\"column\" data-e-type=\"column\" data-settings=\"{&quot;background_background&quot;:&quot;classic&quot;}\">\n\t\t\t<div class=\"elementor-widget-wrap elementor-element-populated\">\n\t\t\t\t\t\t<div class=\"elementor-element elementor-element-0a51c36 elementor-widget elementor-widget-image\" data-id=\"0a51c36\" data-element_type=\"widget\" data-e-type=\"widget\" data-widget_type=\"image.default\">\n\t\t\t\t\t\t\t\t\t\t\t\t\t\t\t<img decoding=\"async\" src=\"https:\/\/d-t-musikakademie.de\/wp-content\/uploads\/elementor\/thumbs\/2-scaled-re97abzeno243u87tnp2p1cpkjidve1n4y80qw99p4.jpeg\" title=\"2\" alt=\"2\" loading=\"lazy\" \/>\t\t\t\t\t\t\t\t\t\t\t\t\t\t\t<\/div>\n\t\t\t\t\t<\/div>\n\t\t<\/div>\n\t\t\t\t<div class=\"elementor-column elementor-col-50 elementor-top-column elementor-element elementor-element-3b293de\" data-id=\"3b293de\" data-element_type=\"column\" data-e-type=\"column\" data-settings=\"{&quot;background_background&quot;:&quot;classic&quot;}\">\n\t\t\t<div class=\"elementor-widget-wrap elementor-element-populated\">\n\t\t\t\t\t\t<div class=\"elementor-element elementor-element-5e3c24e elementor-widget elementor-widget-songbook_core_section_title\" data-id=\"5e3c24e\" data-element_type=\"widget\" data-e-type=\"widget\" data-widget_type=\"songbook_core_section_title.default\">\n\t\t\t\t<div class=\"elementor-widget-container\">\n\t\t\t\t\t<div class=\"qodef-shortcode qodef-m  qodef-section-title qodef-alignment--left\">\n\t\t\t<h3 class=\"qodef-m-title\" style=\"margin-top: 11px\">\n\t\t\t\t\tKimlik ve k\u00fclt\u00fcrel \u00e7e\u015fitlilik\t\t\t<\/h3>\n\t\t<\/div>\t\t\t\t<\/div>\n\t\t\t\t<\/div>\n\t\t\t\t<div class=\"elementor-element elementor-element-1c17d8b elementor-widget elementor-widget-text-editor\" data-id=\"1c17d8b\" data-element_type=\"widget\" data-e-type=\"widget\" data-widget_type=\"text-editor.default\">\n\t\t\t\t\t\t\t\t\t<p class=\"translation-block\">M\u00fczik e\u011fitimi, her k\u00f6kenden insan\u0131n birbiriyle bulu\u015fmas\u0131n\u0131n yollar\u0131n\u0131 a\u00e7ar.\nDeutsch-T\u00fcrkische Musikakademie yaln\u0131zca sanatsal bir proje de\u011fil, ayn\u0131 zamanda b\u00fct\u00fcnle\u015ftirici ve k\u00fclt\u00fcrleraras\u0131 bir giri\u015fimdir.\n\u00d6zellikle e\u011fitim d\u00fczeyi y\u00fcksek T\u00fcrk k\u00f6kenli bir\u00e7ok insan, kendi memleketlerinin m\u00fczi\u011fini \u00f6\u011frenme iste\u011fi ta\u015f\u0131maktad\u0131r.<\/p><p>DTM ya\u015f fark etmeksizin, m\u00fczik ve k\u00fclt\u00fcre ilgi duyan herkes i\u00e7in bir mekand\u0131r. M\u00fczik, uluslar aras\u0131nda anlay\u0131\u015f\u0131n ve farkl\u0131 k\u00fclt\u00fcrel kimliklerin temelini olu\u015fturur.\n\u00c7al\u0131\u015fmalar\u0131m\u0131z\u0131n kalbinde, klasik Avrupa ve do\u011fu sanat ve halk m\u00fczi\u011fi enstr\u00fcmanlar\u0131 ile verilen m\u00fczik e\u011fitimi yer al\u0131r; bunlar aras\u0131nda piyano, ba\u011flama, keman, gitar, kanun ve ayr\u0131ca koro, ses ve dans e\u011fitimleri bulunmaktad\u0131r.<\/p>\t\t\t\t\t\t\t\t<\/div>\n\t\t\t\t\t<\/div>\n\t\t<\/div>\n\t\t\t\t\t<\/div>\n\t\t<\/section>\n\t\t\t\t<section class=\"elementor-section elementor-top-section elementor-element elementor-element-60fc326 qodef-elementor-content-grid elementor-section-boxed elementor-section-height-default elementor-section-height-default\" data-id=\"60fc326\" data-element_type=\"section\" data-e-type=\"section\">\n\t\t\t\t\t\t<div class=\"elementor-container elementor-column-gap-default\">\n\t\t\t\t\t<div class=\"elementor-column elementor-col-50 elementor-top-column elementor-element elementor-element-790d7b8\" data-id=\"790d7b8\" data-element_type=\"column\" data-e-type=\"column\" data-settings=\"{&quot;background_background&quot;:&quot;classic&quot;}\">\n\t\t\t<div class=\"elementor-widget-wrap elementor-element-populated\">\n\t\t\t\t\t\t<div class=\"elementor-element elementor-element-821add9 elementor-widget elementor-widget-songbook_core_section_title\" data-id=\"821add9\" data-element_type=\"widget\" data-e-type=\"widget\" data-widget_type=\"songbook_core_section_title.default\">\n\t\t\t\t<div class=\"elementor-widget-container\">\n\t\t\t\t\t<div class=\"qodef-shortcode qodef-m  qodef-section-title qodef-alignment--left\">\n\t\t\t<h3 class=\"qodef-m-title\" style=\"margin-top: 11px\">\n\t\t\t\t\tHayat i\u00e7in okul\t\t\t<\/h3>\n\t\t<\/div>\t\t\t\t<\/div>\n\t\t\t\t<\/div>\n\t\t\t\t<div class=\"elementor-element elementor-element-0f3434e elementor-widget elementor-widget-text-editor\" data-id=\"0f3434e\" data-element_type=\"widget\" data-e-type=\"widget\" data-widget_type=\"text-editor.default\">\n\t\t\t\t\t\t\t\t\t<p class=\"p1\">Bizzat m\u00fczik yapmak, \u00f6zel yeteneklerin geli\u015fmesini sa\u011flayan e\u015fsiz bir deneyimdir. Topluluk i\u00e7inde\nbireyin katk\u0131s\u0131n\u0131n de\u011ferini kavrama ve ortak bir hedef do\u011frultusunda \u00e7al\u0131\u015fma mutlulu\u011fu peki\u015fir. Akademimizde her ya\u015ftan \u00f6\u011frenci sadece bir enstr\u00fcman \u00f6\u011frenmekle kalmaz, ayn\u0131 zamanda birbirine kar\u015f\u0131 sayg\u0131l\u0131 olmay\u0131 da \u00f6\u011frenir. \u00d6\u011frencilerimiz, konser ve halka a\u00e7\u0131k etkinliklerde yeteneklerini sergilerler.<\/p>\t\t\t\t\t\t\t\t<\/div>\n\t\t\t\t\t<\/div>\n\t\t<\/div>\n\t\t\t\t<div class=\"elementor-column elementor-col-50 elementor-top-column elementor-element elementor-element-8318e25\" data-id=\"8318e25\" data-element_type=\"column\" data-e-type=\"column\" data-settings=\"{&quot;background_background&quot;:&quot;classic&quot;}\">\n\t\t\t<div class=\"elementor-widget-wrap elementor-element-populated\">\n\t\t\t\t\t\t<div class=\"elementor-element elementor-element-f9a6290 elementor-widget elementor-widget-image\" data-id=\"f9a6290\" data-element_type=\"widget\" data-e-type=\"widget\" data-widget_type=\"image.default\">\n\t\t\t\t\t\t\t\t\t\t\t\t\t\t\t<img decoding=\"async\" width=\"2000\" height=\"1333\" src=\"https:\/\/d-t-musikakademie.de\/wp-content\/uploads\/2026\/03\/IMG_4843-copy.jpeg\" class=\"attachment-full size-full wp-image-6779\" alt=\"\" srcset=\"https:\/\/d-t-musikakademie.de\/wp-content\/uploads\/2026\/03\/IMG_4843-copy.jpeg 2000w, https:\/\/d-t-musikakademie.de\/wp-content\/uploads\/2026\/03\/IMG_4843-copy-300x200.jpeg 300w, https:\/\/d-t-musikakademie.de\/wp-content\/uploads\/2026\/03\/IMG_4843-copy-1024x682.jpeg 1024w, https:\/\/d-t-musikakademie.de\/wp-content\/uploads\/2026\/03\/IMG_4843-copy-768x512.jpeg 768w, https:\/\/d-t-musikakademie.de\/wp-content\/uploads\/2026\/03\/IMG_4843-copy-1536x1024.jpeg 1536w, https:\/\/d-t-musikakademie.de\/wp-content\/uploads\/2026\/03\/IMG_4843-copy-18x12.jpeg 18w\" sizes=\"(max-width: 2000px) 100vw, 2000px\" \/>\t\t\t\t\t\t\t\t\t\t\t\t\t\t\t<\/div>\n\t\t\t\t\t<\/div>\n\t\t<\/div>\n\t\t\t\t\t<\/div>\n\t\t<\/section>\n\t\t\t\t<section class=\"elementor-section elementor-top-section elementor-element elementor-element-d17a7cc qodef-elementor-content-grid elementor-section-boxed elementor-section-height-default elementor-section-height-default\" data-id=\"d17a7cc\" data-element_type=\"section\" data-e-type=\"section\">\n\t\t\t\t\t\t<div class=\"elementor-container elementor-column-gap-default\">\n\t\t\t\t\t<div class=\"elementor-column elementor-col-50 elementor-top-column elementor-element elementor-element-0d367b2\" data-id=\"0d367b2\" data-element_type=\"column\" data-e-type=\"column\" data-settings=\"{&quot;background_background&quot;:&quot;classic&quot;}\">\n\t\t\t<div class=\"elementor-widget-wrap elementor-element-populated\">\n\t\t\t\t\t\t<div class=\"elementor-element elementor-element-eccd7fb elementor-widget elementor-widget-image\" data-id=\"eccd7fb\" data-element_type=\"widget\" data-e-type=\"widget\" data-widget_type=\"image.default\">\n\t\t\t\t\t\t\t\t\t\t\t\t\t\t\t<img decoding=\"async\" width=\"1616\" height=\"1112\" src=\"https:\/\/d-t-musikakademie.de\/wp-content\/uploads\/2026\/04\/Screenshot-2025-04-30-at-2.43.16-PM.png\" class=\"attachment-full size-full wp-image-7676\" alt=\"\" srcset=\"https:\/\/d-t-musikakademie.de\/wp-content\/uploads\/2026\/04\/Screenshot-2025-04-30-at-2.43.16-PM.png 1616w, https:\/\/d-t-musikakademie.de\/wp-content\/uploads\/2026\/04\/Screenshot-2025-04-30-at-2.43.16-PM-300x206.png 300w, https:\/\/d-t-musikakademie.de\/wp-content\/uploads\/2026\/04\/Screenshot-2025-04-30-at-2.43.16-PM-1024x705.png 1024w, https:\/\/d-t-musikakademie.de\/wp-content\/uploads\/2026\/04\/Screenshot-2025-04-30-at-2.43.16-PM-768x528.png 768w, https:\/\/d-t-musikakademie.de\/wp-content\/uploads\/2026\/04\/Screenshot-2025-04-30-at-2.43.16-PM-1536x1057.png 1536w, https:\/\/d-t-musikakademie.de\/wp-content\/uploads\/2026\/04\/Screenshot-2025-04-30-at-2.43.16-PM-18x12.png 18w\" sizes=\"(max-width: 1616px) 100vw, 1616px\" \/>\t\t\t\t\t\t\t\t\t\t\t\t\t\t\t<\/div>\n\t\t\t\t\t<\/div>\n\t\t<\/div>\n\t\t\t\t<div class=\"elementor-column elementor-col-50 elementor-top-column elementor-element elementor-element-244e6a9\" data-id=\"244e6a9\" data-element_type=\"column\" data-e-type=\"column\" data-settings=\"{&quot;background_background&quot;:&quot;classic&quot;}\">\n\t\t\t<div class=\"elementor-widget-wrap elementor-element-populated\">\n\t\t\t\t\t\t<div class=\"elementor-element elementor-element-54e0fa3 elementor-widget elementor-widget-songbook_core_section_title\" data-id=\"54e0fa3\" data-element_type=\"widget\" data-e-type=\"widget\" data-widget_type=\"songbook_core_section_title.default\">\n\t\t\t\t<div class=\"elementor-widget-container\">\n\t\t\t\t\t<div class=\"qodef-shortcode qodef-m  qodef-section-title qodef-alignment--left\">\n\t\t\t<h3 class=\"qodef-m-title\" style=\"margin-top: 11px\">\n\t\t\t\t\tS\u0131n\u0131rs\u0131z m\u00fczikten ilham\t\t\t<\/h3>\n\t\t<\/div>\t\t\t\t<\/div>\n\t\t\t\t<\/div>\n\t\t\t\t<div class=\"elementor-element elementor-element-58b358f elementor-widget elementor-widget-text-editor\" data-id=\"58b358f\" data-element_type=\"widget\" data-e-type=\"widget\" data-widget_type=\"text-editor.default\">\n\t\t\t\t\t\t\t\t\t<p class=\"p1\">M\u00fczik, do\u011frudan deneyimlenebilen bir k\u00fclt\u00fcrd\u00fcr ve dil ile e\u011fitim engellerini a\u015far. Do\u011fu ve Bat\u0131\nm\u00fczi\u011finin birlikte t\u0131nlamas\u0131, toplumumuzda birlikte ya\u015fam i\u00e7in ilham kayna\u011f\u0131d\u0131r. M\u00fczik derslerimiz,\n19. y\u00fczy\u0131ldan bu yana T\u00fcrkiye\u2019de bilin\u00e7li olarak te\u015fvik edilen Avrupa ve T\u00fcrk m\u00fczik k\u00fclt\u00fcrlerinin\nkar\u015f\u0131l\u0131kl\u0131 etkisini i\u015fler. DTM\u2019nin konserlerinde, izleyiciler hem Do\u011fu\u2019nun sanat m\u00fczi\u011fini hem de bunun Avrupa klasik m\u00fczi\u011fi ile birle\u015fimini deneyimler.<\/p>\t\t\t\t\t\t\t\t<\/div>\n\t\t\t\t\t<\/div>\n\t\t<\/div>\n\t\t\t\t\t<\/div>\n\t\t<\/section>\n\t\t\t\t<\/div>","protected":false},"excerpt":{"rendered":"<p>Home \/ Page Startseite \u00dcber Uns profil deutsch-t\u00fcrkische Musikakademie Die Deutsch-T\u00fcrkische Musikakademie (DTM) ist eine gemeinn\u00fctzige Bildungseinrichtung, die sich vielf\u00e4ltiger Kulturarbeit widmet. Sie wurde 1998 gegr\u00fcndet und hat sich zu einer Plattform f\u00fcr Forschung, Lehre und Publikationen entwickelt, die das Ziel hat, interkulturelles Verst\u00e4ndnis im Bereich der Musik zu f\u00f6rdern. Seit 2003 arbeitet die DTM [&hellip;]<\/p>\n","protected":false},"author":1,"featured_media":4749,"parent":0,"menu_order":0,"comment_status":"closed","ping_status":"closed","template":"page-full-width.php","meta":{"footnotes":""},"class_list":["post-4506","page","type-page","status-publish","has-post-thumbnail","hentry"],"_links":{"self":[{"href":"https:\/\/d-t-musikakademie.de\/tr\/wp-json\/wp\/v2\/pages\/4506","targetHints":{"allow":["GET"]}}],"collection":[{"href":"https:\/\/d-t-musikakademie.de\/tr\/wp-json\/wp\/v2\/pages"}],"about":[{"href":"https:\/\/d-t-musikakademie.de\/tr\/wp-json\/wp\/v2\/types\/page"}],"author":[{"embeddable":true,"href":"https:\/\/d-t-musikakademie.de\/tr\/wp-json\/wp\/v2\/users\/1"}],"replies":[{"embeddable":true,"href":"https:\/\/d-t-musikakademie.de\/tr\/wp-json\/wp\/v2\/comments?post=4506"}],"version-history":[{"count":76,"href":"https:\/\/d-t-musikakademie.de\/tr\/wp-json\/wp\/v2\/pages\/4506\/revisions"}],"predecessor-version":[{"id":7830,"href":"https:\/\/d-t-musikakademie.de\/tr\/wp-json\/wp\/v2\/pages\/4506\/revisions\/7830"}],"wp:featuredmedia":[{"embeddable":true,"href":"https:\/\/d-t-musikakademie.de\/tr\/wp-json\/wp\/v2\/media\/4749"}],"wp:attachment":[{"href":"https:\/\/d-t-musikakademie.de\/tr\/wp-json\/wp\/v2\/media?parent=4506"}],"curies":[{"name":"wp","href":"https:\/\/api.w.org\/{rel}","templated":true}]}}