{"id":4515,"date":"2025-11-17T15:00:24","date_gmt":"2025-11-17T15:00:24","guid":{"rendered":"https:\/\/hwb.thetechvillehub.com\/?page_id=4515"},"modified":"2026-05-15T09:09:16","modified_gmt":"2026-05-15T09:09:16","slug":"workshops","status":"publish","type":"page","link":"https:\/\/d-t-musikakademie.de\/tr\/workshops\/","title":{"rendered":"At\u00f6lyeler"},"content":{"rendered":"<div data-elementor-type=\"wp-page\" data-elementor-id=\"4515\" class=\"elementor elementor-4515\" data-elementor-post-type=\"page\">\n\t\t\t\t\t\t<section class=\"elementor-section elementor-top-section elementor-element elementor-element-f4b6ef6 elementor-section-height-min-height elementor-section-boxed elementor-section-height-default elementor-section-items-middle qodef-elementor-content-no\" data-id=\"f4b6ef6\" data-element_type=\"section\" data-e-type=\"section\" data-settings=\"{&quot;background_background&quot;:&quot;classic&quot;}\">\n\t\t\t\t\t\t<div class=\"elementor-container elementor-column-gap-default\">\n\t\t\t\t\t<div class=\"elementor-column elementor-col-100 elementor-top-column elementor-element elementor-element-f73bc62\" data-id=\"f73bc62\" data-element_type=\"column\" data-e-type=\"column\">\n\t\t\t<div class=\"elementor-widget-wrap elementor-element-populated\">\n\t\t\t\t\t\t<div class=\"elementor-element elementor-element-5ca1f92 elementor-hidden-desktop elementor-hidden-tablet elementor-hidden-mobile elementor-widget elementor-widget-eael-breadcrumbs\" data-id=\"5ca1f92\" data-element_type=\"widget\" data-e-type=\"widget\" data-widget_type=\"eael-breadcrumbs.default\">\n\t\t\t\t<div class=\"elementor-widget-container\">\n\t\t\t\t\t\t\t<div class=\"eael-breadcrumbs\">\n\t\t\t<div class=\"eael-breadcrumbs__content\"><a href=\"https:\/\/d-t-musikakademie.de\/tr\">Home<\/a> <span class=\"eael-breadcrumb-separator\">\/<\/span> <span class = \"eael-current\">Sayfa<\/span><\/div>\t\t<\/div>\n\t\t\t\t\t\t<\/div>\n\t\t\t\t<\/div>\n\t\t\t\t<div class=\"elementor-element elementor-element-22ab365 elementor-icon-list--layout-inline elementor-align-center elementor-list-item-link-full_width elementor-widget elementor-widget-icon-list\" data-id=\"22ab365\" data-element_type=\"widget\" data-e-type=\"widget\" data-widget_type=\"icon-list.default\">\n\t\t\t\t\t\t\t<ul class=\"elementor-icon-list-items elementor-inline-items\">\n\t\t\t\t\t\t\t<li class=\"elementor-icon-list-item elementor-inline-item\">\n\t\t\t\t\t\t\t\t\t\t\t<a href=\"https:\/\/d-t-musikakademie.de\/tr\/\">\n\n\t\t\t\t\t\t\t\t\t\t\t<span class=\"elementor-icon-list-text\">Ana Sayfa<\/span>\n\t\t\t\t\t\t\t\t\t\t\t<\/a>\n\t\t\t\t\t\t\t\t\t<\/li>\n\t\t\t\t\t\t\t\t<li class=\"elementor-icon-list-item elementor-inline-item\">\n\t\t\t\t\t\t\t\t\t\t<span class=\"elementor-icon-list-text\">Etkinlikler  <\/span>\n\t\t\t\t\t\t\t\t\t<\/li>\n\t\t\t\t\t\t<\/ul>\n\t\t\t\t\t\t<\/div>\n\t\t\t\t<div class=\"elementor-element elementor-element-4e167fd elementor-widget elementor-widget-heading\" data-id=\"4e167fd\" data-element_type=\"widget\" data-e-type=\"widget\" data-widget_type=\"heading.default\">\n\t\t\t\t\t<h2 class=\"elementor-heading-title elementor-size-default\">At\u00f6lyeler<\/h2>\t\t\t\t<\/div>\n\t\t\t\t\t<\/div>\n\t\t<\/div>\n\t\t\t\t\t<\/div>\n\t\t<\/section>\n\t\t\t\t<section class=\"elementor-section elementor-top-section elementor-element elementor-element-d5669b3 qodef-elementor-content-grid elementor-section-boxed elementor-section-height-default elementor-section-height-default\" data-id=\"d5669b3\" data-element_type=\"section\" data-e-type=\"section\">\n\t\t\t\t\t\t<div class=\"elementor-container elementor-column-gap-default\">\n\t\t\t\t\t<div class=\"elementor-column elementor-col-50 elementor-top-column elementor-element elementor-element-933bca1\" data-id=\"933bca1\" data-element_type=\"column\" data-e-type=\"column\" data-settings=\"{&quot;background_background&quot;:&quot;classic&quot;}\">\n\t\t\t<div class=\"elementor-widget-wrap elementor-element-populated\">\n\t\t\t\t\t\t<div class=\"elementor-element elementor-element-4eb0319 elementor-widget elementor-widget-text-editor\" data-id=\"4eb0319\" data-element_type=\"widget\" data-e-type=\"widget\" data-widget_type=\"text-editor.default\">\n\t\t\t\t\t\t\t\t\t<p class=\"translation-block\"><i>Deutsch-T\u00fcrkische Musikakademie'de<\/i>, t\u00fcm enstr\u00fcmanlardan ileri d\u00fczey \u00f6\u011frenciler i\u00e7in 5 g\u00fcnl\u00fck\nustal\u0131k s\u0131n\u0131flar\u0131 d\u00fczenlenmektedir. Bu g\u00fcnlerde do\u011fa\u00e7lama ve \u00e7e\u015fitli eserler \u00fczerinde yo\u011fun bir \u015fekilde \u00e7al\u0131\u015f\u0131l\u0131r. Program\u0131n sonunda ise t\u00fcm kat\u0131l\u0131mc\u0131 \u00f6\u011frencilerin yer ald\u0131\u011f\u0131 bir konser, etkinli\u011fin doruk noktas\u0131 olarak ger\u00e7ekle\u015ftirilir.<\/p><p>Ba\u011flama at\u00f6lyesinde, T\u00fcrk halk m\u00fczi\u011finin repertuvar\u0131 ve \u00fcslup unsurlar\u0131 \u00fczerine \u00e7al\u0131\u015f\u0131l\u0131r. T\u00fcm at\u00f6lyelerde oldu\u011fu gibi, sonunda bir konser yap\u0131l\u0131r.<\/p>\t\t\t\t\t\t\t\t<\/div>\n\t\t\t\t\t<\/div>\n\t\t<\/div>\n\t\t\t\t<div class=\"elementor-column elementor-col-50 elementor-top-column elementor-element elementor-element-b5a208e\" data-id=\"b5a208e\" data-element_type=\"column\" data-e-type=\"column\" data-settings=\"{&quot;background_background&quot;:&quot;classic&quot;}\">\n\t\t\t<div class=\"elementor-widget-wrap elementor-element-populated\">\n\t\t\t\t\t\t<div class=\"elementor-element elementor-element-1521dce elementor-widget elementor-widget-image\" data-id=\"1521dce\" data-element_type=\"widget\" data-e-type=\"widget\" data-widget_type=\"image.default\">\n\t\t\t\t\t\t\t\t\t\t\t\t<figure class=\"wp-caption\">\n\t\t\t\t\t\t\t\t\t\t<img fetchpriority=\"high\" decoding=\"async\" width=\"2560\" height=\"1920\" src=\"https:\/\/d-t-musikakademie.de\/wp-content\/uploads\/2026\/03\/Erol-Parlak-Workshop-DSC03473-1-scaled.jpg\" class=\"attachment-full size-full wp-image-7023\" alt=\"\" srcset=\"https:\/\/d-t-musikakademie.de\/wp-content\/uploads\/2026\/03\/Erol-Parlak-Workshop-DSC03473-1-scaled.jpg 2560w, https:\/\/d-t-musikakademie.de\/wp-content\/uploads\/2026\/03\/Erol-Parlak-Workshop-DSC03473-1-300x225.jpg 300w, https:\/\/d-t-musikakademie.de\/wp-content\/uploads\/2026\/03\/Erol-Parlak-Workshop-DSC03473-1-1024x768.jpg 1024w, https:\/\/d-t-musikakademie.de\/wp-content\/uploads\/2026\/03\/Erol-Parlak-Workshop-DSC03473-1-768x576.jpg 768w, https:\/\/d-t-musikakademie.de\/wp-content\/uploads\/2026\/03\/Erol-Parlak-Workshop-DSC03473-1-1536x1152.jpg 1536w, https:\/\/d-t-musikakademie.de\/wp-content\/uploads\/2026\/03\/Erol-Parlak-Workshop-DSC03473-1-2048x1536.jpg 2048w, https:\/\/d-t-musikakademie.de\/wp-content\/uploads\/2026\/03\/Erol-Parlak-Workshop-DSC03473-1-16x12.jpg 16w\" sizes=\"(max-width: 2560px) 100vw, 2560px\" \/>\t\t\t\t\t\t\t\t\t\t\t<figcaption class=\"widget-image-caption wp-caption-text\">Prof. Dr. Erol Parlak y\u00f6netiminde, m\u00fczik \u00f6\u011frencileriyle yap\u0131lan at\u00f6lye \u00e7al\u0131\u015fmas\u0131 <\/figcaption>\n\t\t\t\t\t\t\t\t\t\t<\/figure>\n\t\t\t\t\t\t\t\t\t<\/div>\n\t\t\t\t<div class=\"elementor-element elementor-element-22a700f elementor-widget elementor-widget-image\" data-id=\"22a700f\" data-element_type=\"widget\" data-e-type=\"widget\" data-widget_type=\"image.default\">\n\t\t\t\t\t\t\t\t\t\t\t\t<figure class=\"wp-caption\">\n\t\t\t\t\t\t\t\t\t\t<img decoding=\"async\" width=\"1020\" height=\"682\" src=\"https:\/\/d-t-musikakademie.de\/wp-content\/uploads\/2026\/03\/Marlis-Krause-Workshop_3cf.jpeg\" class=\"attachment-full size-full wp-image-7007\" alt=\"\" srcset=\"https:\/\/d-t-musikakademie.de\/wp-content\/uploads\/2026\/03\/Marlis-Krause-Workshop_3cf.jpeg 1020w, https:\/\/d-t-musikakademie.de\/wp-content\/uploads\/2026\/03\/Marlis-Krause-Workshop_3cf-300x201.jpeg 300w, https:\/\/d-t-musikakademie.de\/wp-content\/uploads\/2026\/03\/Marlis-Krause-Workshop_3cf-768x514.jpeg 768w, https:\/\/d-t-musikakademie.de\/wp-content\/uploads\/2026\/03\/Marlis-Krause-Workshop_3cf-18x12.jpeg 18w\" sizes=\"(max-width: 1020px) 100vw, 1020px\" \/>\t\t\t\t\t\t\t\t\t\t\t<figcaption class=\"widget-image-caption wp-caption-text\">\u00d6\u011fretmenlerin mesleki geli\u015fimi, dersleri modern ve etkili tutmak i\u00e7in \u00f6nemlidir<\/figcaption>\n\t\t\t\t\t\t\t\t\t\t<\/figure>\n\t\t\t\t\t\t\t\t\t<\/div>\n\t\t\t\t\t<\/div>\n\t\t<\/div>\n\t\t\t\t\t<\/div>\n\t\t<\/section>\n\t\t\t\t<\/div>","protected":false},"excerpt":{"rendered":"<p>Home \/ Page Startseite Veranstaltungen Workshops An der Deutsch-T\u00fcrkischen Musikakademie werden f\u00fcr fortgeschrittene Sch\u00fcler*innen aller Instrumente 5-t\u00e4gige Meisterkurse angeboten. In den Tagen wird an Improvisation und verschiedenen St\u00fccken intensiv gearbeitet. Als H\u00f6hepunkt findet zum Abschluss ein Konzert mit allen Teilnehmenden Sch\u00fcler*innen statt. In der Bag\u0306lama-Werkstatt wird an Repertoire und stilistischen Elementen der t\u00fcrkischen Volksmusik gearbeitet. [&hellip;]<\/p>\n","protected":false},"author":1,"featured_media":0,"parent":0,"menu_order":0,"comment_status":"closed","ping_status":"closed","template":"page-full-width.php","meta":{"footnotes":""},"class_list":["post-4515","page","type-page","status-publish","hentry"],"_links":{"self":[{"href":"https:\/\/d-t-musikakademie.de\/tr\/wp-json\/wp\/v2\/pages\/4515","targetHints":{"allow":["GET"]}}],"collection":[{"href":"https:\/\/d-t-musikakademie.de\/tr\/wp-json\/wp\/v2\/pages"}],"about":[{"href":"https:\/\/d-t-musikakademie.de\/tr\/wp-json\/wp\/v2\/types\/page"}],"author":[{"embeddable":true,"href":"https:\/\/d-t-musikakademie.de\/tr\/wp-json\/wp\/v2\/users\/1"}],"replies":[{"embeddable":true,"href":"https:\/\/d-t-musikakademie.de\/tr\/wp-json\/wp\/v2\/comments?post=4515"}],"version-history":[{"count":72,"href":"https:\/\/d-t-musikakademie.de\/tr\/wp-json\/wp\/v2\/pages\/4515\/revisions"}],"predecessor-version":[{"id":7863,"href":"https:\/\/d-t-musikakademie.de\/tr\/wp-json\/wp\/v2\/pages\/4515\/revisions\/7863"}],"wp:attachment":[{"href":"https:\/\/d-t-musikakademie.de\/tr\/wp-json\/wp\/v2\/media?parent=4515"}],"curies":[{"name":"wp","href":"https:\/\/api.w.org\/{rel}","templated":true}]}}