{"id":5608,"date":"2025-11-26T14:19:38","date_gmt":"2025-11-26T14:19:38","guid":{"rendered":"https:\/\/hwb.thetechvillehub.com\/?page_id=5608"},"modified":"2025-11-26T14:25:22","modified_gmt":"2025-11-26T14:25:22","slug":"dozenten-new-adil-arslan","status":"publish","type":"page","link":"https:\/\/d-t-musikakademie.de\/tr\/dozenten-new-adil-arslan\/","title":{"rendered":"dozenten-new-AD\u0130L ARSLAN"},"content":{"rendered":"<div data-elementor-type=\"wp-page\" data-elementor-id=\"5608\" class=\"elementor elementor-5608\" data-elementor-post-type=\"page\">\n\t\t\t\t\t\t<section class=\"elementor-section elementor-top-section elementor-element elementor-element-aa4470e elementor-section-height-min-height elementor-section-boxed elementor-section-height-default elementor-section-items-middle qodef-elementor-content-no\" data-id=\"aa4470e\" data-element_type=\"section\" data-e-type=\"section\" data-settings=\"{&quot;background_background&quot;:&quot;classic&quot;}\">\n\t\t\t\t\t\t<div class=\"elementor-container elementor-column-gap-default\">\n\t\t\t\t\t<div class=\"elementor-column elementor-col-100 elementor-top-column elementor-element elementor-element-114fd96\" data-id=\"114fd96\" data-element_type=\"column\" data-e-type=\"column\">\n\t\t\t<div class=\"elementor-widget-wrap elementor-element-populated\">\n\t\t\t\t\t\t<div class=\"elementor-element elementor-element-d254ea2 elementor-hidden-desktop elementor-hidden-tablet elementor-hidden-mobile elementor-widget elementor-widget-eael-breadcrumbs\" data-id=\"d254ea2\" data-element_type=\"widget\" data-e-type=\"widget\" data-widget_type=\"eael-breadcrumbs.default\">\n\t\t\t\t<div class=\"elementor-widget-container\">\n\t\t\t\t\t\t\t<div class=\"eael-breadcrumbs\">\n\t\t\t<div class=\"eael-breadcrumbs__content\"><a href=\"https:\/\/d-t-musikakademie.de\/tr\">Home<\/a> <span class=\"eael-breadcrumb-separator\">\/<\/span> <span class = \"eael-current\">Sayfa<\/span><\/div>\t\t<\/div>\n\t\t\t\t\t\t<\/div>\n\t\t\t\t<\/div>\n\t\t\t\t<div class=\"elementor-element elementor-element-58b4832 elementor-icon-list--layout-inline elementor-align-center elementor-list-item-link-full_width elementor-widget elementor-widget-icon-list\" data-id=\"58b4832\" data-element_type=\"widget\" data-e-type=\"widget\" data-widget_type=\"icon-list.default\">\n\t\t\t\t\t\t\t<ul class=\"elementor-icon-list-items elementor-inline-items\">\n\t\t\t\t\t\t\t<li class=\"elementor-icon-list-item elementor-inline-item\">\n\t\t\t\t\t\t\t\t\t\t\t<a href=\"https:\/\/hwb.thetechvillehub.com\/\">\n\n\t\t\t\t\t\t\t\t\t\t\t<span class=\"elementor-icon-list-text\">Home<\/span>\n\t\t\t\t\t\t\t\t\t\t\t<\/a>\n\t\t\t\t\t\t\t\t\t<\/li>\n\t\t\t\t\t\t\t\t<li class=\"elementor-icon-list-item elementor-inline-item\">\n\t\t\t\t\t\t\t\t\t\t<span class=\"elementor-icon-list-text\">\u00d6\u011fretim elemanlar\u0131<\/span>\n\t\t\t\t\t\t\t\t\t<\/li>\n\t\t\t\t\t\t<\/ul>\n\t\t\t\t\t\t<\/div>\n\t\t\t\t<div class=\"elementor-element elementor-element-eeea6c0 elementor-widget elementor-widget-heading\" data-id=\"eeea6c0\" data-element_type=\"widget\" data-e-type=\"widget\" data-widget_type=\"heading.default\">\n\t\t\t\t\t<h2 class=\"elementor-heading-title elementor-size-default\">AD\u0130L ARSLAN<\/h2>\t\t\t\t<\/div>\n\t\t\t\t\t<\/div>\n\t\t<\/div>\n\t\t\t\t\t<\/div>\n\t\t<\/section>\n\t\t\t\t<section class=\"elementor-section elementor-top-section elementor-element elementor-element-c4b2bce qodef-elementor-content-grid elementor-section-boxed elementor-section-height-default elementor-section-height-default\" data-id=\"c4b2bce\" data-element_type=\"section\" data-e-type=\"section\">\n\t\t\t\t\t\t<div class=\"elementor-container elementor-column-gap-default\">\n\t\t\t\t\t<div class=\"elementor-column elementor-col-50 elementor-top-column elementor-element elementor-element-6ee2193\" data-id=\"6ee2193\" data-element_type=\"column\" data-e-type=\"column\" data-settings=\"{&quot;background_background&quot;:&quot;classic&quot;}\">\n\t\t\t<div class=\"elementor-widget-wrap elementor-element-populated\">\n\t\t\t\t\t\t<div class=\"elementor-element elementor-element-0a51c36 elementor-widget elementor-widget-image\" data-id=\"0a51c36\" data-element_type=\"widget\" data-e-type=\"widget\" data-widget_type=\"image.default\">\n\t\t\t\t\t\t\t\t\t\t\t\t\t\t\t<img fetchpriority=\"high\" decoding=\"async\" width=\"2560\" height=\"2560\" src=\"https:\/\/d-t-musikakademie.de\/wp-content\/uploads\/2025\/11\/Asset-1@2x-100-scaled.jpg\" class=\"attachment-full size-full wp-image-4379\" alt=\"\" srcset=\"https:\/\/d-t-musikakademie.de\/wp-content\/uploads\/2025\/11\/Asset-1@2x-100-scaled.jpg 2560w, https:\/\/d-t-musikakademie.de\/wp-content\/uploads\/2025\/11\/Asset-1@2x-100-300x300.jpg 300w, https:\/\/d-t-musikakademie.de\/wp-content\/uploads\/2025\/11\/Asset-1@2x-100-1024x1024.jpg 1024w, https:\/\/d-t-musikakademie.de\/wp-content\/uploads\/2025\/11\/Asset-1@2x-100-150x150.jpg 150w, https:\/\/d-t-musikakademie.de\/wp-content\/uploads\/2025\/11\/Asset-1@2x-100-768x768.jpg 768w, https:\/\/d-t-musikakademie.de\/wp-content\/uploads\/2025\/11\/Asset-1@2x-100-1536x1536.jpg 1536w, https:\/\/d-t-musikakademie.de\/wp-content\/uploads\/2025\/11\/Asset-1@2x-100-2048x2048.jpg 2048w, https:\/\/d-t-musikakademie.de\/wp-content\/uploads\/2025\/11\/Asset-1@2x-100-650x650.jpg 650w, https:\/\/d-t-musikakademie.de\/wp-content\/uploads\/2025\/11\/Asset-1@2x-100-1300x1300.jpg 1300w\" sizes=\"(max-width: 2560px) 100vw, 2560px\" \/>\t\t\t\t\t\t\t\t\t\t\t\t\t\t\t<\/div>\n\t\t\t\t\t<\/div>\n\t\t<\/div>\n\t\t\t\t<div class=\"elementor-column elementor-col-50 elementor-top-column elementor-element elementor-element-3b293de\" data-id=\"3b293de\" data-element_type=\"column\" data-e-type=\"column\" data-settings=\"{&quot;background_background&quot;:&quot;classic&quot;}\">\n\t\t\t<div class=\"elementor-widget-wrap elementor-element-populated\">\n\t\t\t\t\t\t<div class=\"elementor-element elementor-element-1c17d8b elementor-widget elementor-widget-text-editor\" data-id=\"1c17d8b\" data-element_type=\"widget\" data-e-type=\"widget\" data-widget_type=\"text-editor.default\">\n\t\t\t\t\t\t\t\t\t<p>1962 y\u0131l\u0131nda Do\u011fu Anadolu\u2019nun Tunceli ilinde do\u011fan ba\u011flama virt\u00fc\u00f6z\u00fc, besteci ve ses sanat\u00e7\u0131s\u0131 Adil Arslan, Almanya ve T\u00fcrkiye\u2019de tan\u0131nan bir sanat\u00e7\u0131d\u0131r. 1979 y\u0131l\u0131ndan bu yana Berlin\u2019de ya\u015fayan sanat\u00e7\u0131, k\u0131sa s\u00fcrede radyo ve televizyon programlar\u0131ndaki performanslar\u0131yla b\u00fcy\u00fck ilgi uyand\u0131rd\u0131.<\/p><p>1985 y\u0131l\u0131nda gitar virt\u00fc\u00f6z\u00fc ve besteci Carlo Domeniconi ile birlikte Do\u011fu-Bat\u0131 sentezini yakalamak amac\u0131yla i\u015fbirli\u011fi yapt\u0131. Bu ba\u011flamda, oda orkestras\u0131 e\u015fli\u011finde ba\u011flamas\u0131yla Semahlar adl\u0131 alb\u00fcm\u00fcn\u00fc yay\u0131nlad\u0131 ve bu esere Goethe\u2019nin ayn\u0131 adl\u0131 eserine at\u0131fla Bat\u0131-Do\u011fu Divan\u0131 ad\u0131n\u0131 verdi.\nBerlin\u2019in 750. kurulu\u015f y\u0131ld\u00f6n\u00fcm\u00fc kutlamalar\u0131 kapsam\u0131nda, 1987 y\u0131l\u0131nda Adil Arslan ve Carlo Domeniconi, Berlin Filarmoni\u2018de d\u00fcnya pr\u00f6miyeri yap\u0131lan Carlo Domeniconi\u2019ye ait ba\u011flama, gitar ve oda orkestras\u0131 i\u00e7in yaz\u0131lm\u0131\u015f olan \u201cConcerto di Berlinbul\u201d adl\u0131 ikili kon\u00e7ertoyu solist olarak seslendirdiler. Ayn\u0131 y\u0131l, bu kon\u00e7erto Almanya Cumhurba\u015fkan\u0131 Richard von Weizs\u00e4cker\u2019in de kat\u0131ld\u0131\u011f\u0131 Berlin Bellevue Saray\u0131\u2019nda tekrar sahnelendi. B\u00fcy\u00fck ilgi g\u00f6ren bu kon\u00e7erto, Avrupa\u2019n\u0131n \u00e7e\u015fitli \u015fehirlerinde farkl\u0131 orkestralarla da icra edildi.<\/p><p>Concerto di Berlinbul, 1991 y\u0131l\u0131nda Adil Arslan ve Carlo Domeniconi\u2019nin kat\u0131l\u0131m\u0131yla, Ankara Cumhurba\u015fkanl\u0131\u011f\u0131 Senfoni Orkestras\u0131 (CSO) ve \u015fef G\u00fcrer Aykal i\u015fbirli\u011fiyle kaydedildi. Bu kay\u0131t, 1993 y\u0131l\u0131nda Raks firmas\u0131 tarafindan CD format\u0131nda piyasaya s\u00fcr\u00fcld\u00fc.\nAdil Arslan, 1981 ile 1997 y\u0131llar\u0131 aras\u0131nda \u00e7e\u015fitli m\u00fczik okullar\u0131nda ve halk e\u011fitim merkezlerinde ba\u011flama \u00f6\u011fretmenli\u011fi yapt\u0131. 1998 y\u0131l\u0131nda Berlin\u2019de deutsch-t\u00fcrkische Musikakademie\u2019yi kurdu ve o zamandan bu yana bu Akademinin y\u00f6neticili\u011fini y\u00fcr\u00fctmektedir. Her ne kadar Bat\u0131 klasik m\u00fczi\u011finden etkilenmi\u015f olsa da, daha \u00e7ok halk m\u00fczi\u011fi temelli bir m\u00fczikal \u00e7izgiyi takip etmekte ve en ba\u015f\u0131ndan beri Do\u011fu ile Bat\u0131 m\u00fczik elementlerini bir araya getirmeye \u00e7al\u0131\u015fmaktad\u0131r. Bu sentezle, hem k\u00fclt\u00fcrel bir kayna\u015fma hem de do\u011fu m\u00fczi\u011finin bat\u0131da daha geni\u015f kitlelere ula\u015fmas\u0131n\u0131 hedeflemektedir.<\/p><p>1992 y\u0131l\u0131nda, kendi bestelerinin de yer ald\u0131\u011f\u0131 \u201c\u00dcryan\u201d adl\u0131 alb\u00fcm\u00fcn\u00fc dinleyicilere sundu. G\u00fcn\u00fcm\u00fczde Berlin Filarmoni Salonu\u2019nda m\u00fczik etkinlikleri sunmakta ve bu yolla s\u00fcrekli olarak k\u00fclt\u00fcrleraras\u0131 diyalo\u011fu te\u015fvik etmeye \u00e7al\u0131\u015fmaktad\u0131r.<\/p><p>\u00a0<\/p><p><strong>DISKOGRAPHIE:<\/strong><\/p><p><span style=\"text-decoration: underline;\"><em>1986<\/em><\/span><br \/>West-\u00d6stlicher Divan LP\/CD\/MC | CPR\/ART\/ADA Plak<\/p><p><span style=\"text-decoration: underline;\"><em>1992<\/em><\/span><br \/>\u00dcryan CD\/MC | CPR\/ADA Plak<\/p><p><span style=\"text-decoration: underline;\"><em>1993<\/em><\/span><br \/>Concorto di Berlinbul CD | RAKS<\/p>\t\t\t\t\t\t\t\t<\/div>\n\t\t\t\t\t<\/div>\n\t\t<\/div>\n\t\t\t\t\t<\/div>\n\t\t<\/section>\n\t\t\t\t<\/div>","protected":false},"excerpt":{"rendered":"<p>Home \/ Page Home Dozenten AD\u0130L ARSLAN Der 1962 in Tunceli (Ostanatolien) geborene Ba\u011flama-Virtuose, Komponist und S\u00e4nger Adil Arslan ist in Deutschland und in der T\u00fcrkei kein Unbekannter. Seit 1979 lebt der K\u00fcnstler in Berlin und erweckte in kurzer Zeit mit Auftritten in Rundfunk- und Fernsehprogrammen gro\u00dfe Aufmerksamkeit. 1985 arbeitete er mit dem Gitarren-Virtuosen und [&hellip;]<\/p>\n","protected":false},"author":1,"featured_media":4749,"parent":0,"menu_order":0,"comment_status":"closed","ping_status":"closed","template":"page-full-width.php","meta":{"footnotes":""},"class_list":["post-5608","page","type-page","status-publish","has-post-thumbnail","hentry"],"_links":{"self":[{"href":"https:\/\/d-t-musikakademie.de\/tr\/wp-json\/wp\/v2\/pages\/5608","targetHints":{"allow":["GET"]}}],"collection":[{"href":"https:\/\/d-t-musikakademie.de\/tr\/wp-json\/wp\/v2\/pages"}],"about":[{"href":"https:\/\/d-t-musikakademie.de\/tr\/wp-json\/wp\/v2\/types\/page"}],"author":[{"embeddable":true,"href":"https:\/\/d-t-musikakademie.de\/tr\/wp-json\/wp\/v2\/users\/1"}],"replies":[{"embeddable":true,"href":"https:\/\/d-t-musikakademie.de\/tr\/wp-json\/wp\/v2\/comments?post=5608"}],"version-history":[{"count":3,"href":"https:\/\/d-t-musikakademie.de\/tr\/wp-json\/wp\/v2\/pages\/5608\/revisions"}],"predecessor-version":[{"id":5611,"href":"https:\/\/d-t-musikakademie.de\/tr\/wp-json\/wp\/v2\/pages\/5608\/revisions\/5611"}],"wp:featuredmedia":[{"embeddable":true,"href":"https:\/\/d-t-musikakademie.de\/tr\/wp-json\/wp\/v2\/media\/4749"}],"wp:attachment":[{"href":"https:\/\/d-t-musikakademie.de\/tr\/wp-json\/wp\/v2\/media?parent=5608"}],"curies":[{"name":"wp","href":"https:\/\/api.w.org\/{rel}","templated":true}]}}