{"id":5620,"date":"2025-11-26T14:46:23","date_gmt":"2025-11-26T14:46:23","guid":{"rendered":"https:\/\/hwb.thetechvillehub.com\/?page_id=5620"},"modified":"2025-11-26T14:48:03","modified_gmt":"2025-11-26T14:48:03","slug":"dozenten-new-dr-andrea-mozzato","status":"publish","type":"page","link":"https:\/\/d-t-musikakademie.de\/tr\/dozenten-new-dr-andrea-mozzato\/","title":{"rendered":"dozenten-new-Dr. Andrea Mozzato"},"content":{"rendered":"<div data-elementor-type=\"wp-page\" data-elementor-id=\"5620\" class=\"elementor elementor-5620\" data-elementor-post-type=\"page\">\n\t\t\t\t\t\t<section class=\"elementor-section elementor-top-section elementor-element elementor-element-aa4470e elementor-section-height-min-height elementor-section-boxed elementor-section-height-default elementor-section-items-middle qodef-elementor-content-no\" data-id=\"aa4470e\" data-element_type=\"section\" data-e-type=\"section\" data-settings=\"{&quot;background_background&quot;:&quot;classic&quot;}\">\n\t\t\t\t\t\t<div class=\"elementor-container elementor-column-gap-default\">\n\t\t\t\t\t<div class=\"elementor-column elementor-col-100 elementor-top-column elementor-element elementor-element-114fd96\" data-id=\"114fd96\" data-element_type=\"column\" data-e-type=\"column\">\n\t\t\t<div class=\"elementor-widget-wrap elementor-element-populated\">\n\t\t\t\t\t\t<div class=\"elementor-element elementor-element-d254ea2 elementor-hidden-desktop elementor-hidden-tablet elementor-hidden-mobile elementor-widget elementor-widget-eael-breadcrumbs\" data-id=\"d254ea2\" data-element_type=\"widget\" data-e-type=\"widget\" data-widget_type=\"eael-breadcrumbs.default\">\n\t\t\t\t<div class=\"elementor-widget-container\">\n\t\t\t\t\t\t\t<div class=\"eael-breadcrumbs\">\n\t\t\t<div class=\"eael-breadcrumbs__content\"><a href=\"https:\/\/d-t-musikakademie.de\/tr\">Home<\/a> <span class=\"eael-breadcrumb-separator\">\/<\/span> <span class = \"eael-current\">Sayfa<\/span><\/div>\t\t<\/div>\n\t\t\t\t\t\t<\/div>\n\t\t\t\t<\/div>\n\t\t\t\t<div class=\"elementor-element elementor-element-58b4832 elementor-icon-list--layout-inline elementor-align-center elementor-list-item-link-full_width elementor-widget elementor-widget-icon-list\" data-id=\"58b4832\" data-element_type=\"widget\" data-e-type=\"widget\" data-widget_type=\"icon-list.default\">\n\t\t\t\t\t\t\t<ul class=\"elementor-icon-list-items elementor-inline-items\">\n\t\t\t\t\t\t\t<li class=\"elementor-icon-list-item elementor-inline-item\">\n\t\t\t\t\t\t\t\t\t\t\t<a href=\"https:\/\/hwb.thetechvillehub.com\/\">\n\n\t\t\t\t\t\t\t\t\t\t\t<span class=\"elementor-icon-list-text\">Home<\/span>\n\t\t\t\t\t\t\t\t\t\t\t<\/a>\n\t\t\t\t\t\t\t\t\t<\/li>\n\t\t\t\t\t\t\t\t<li class=\"elementor-icon-list-item elementor-inline-item\">\n\t\t\t\t\t\t\t\t\t\t<span class=\"elementor-icon-list-text\">\u00d6\u011fretim elemanlar\u0131<\/span>\n\t\t\t\t\t\t\t\t\t<\/li>\n\t\t\t\t\t\t<\/ul>\n\t\t\t\t\t\t<\/div>\n\t\t\t\t<div class=\"elementor-element elementor-element-eeea6c0 elementor-widget elementor-widget-heading\" data-id=\"eeea6c0\" data-element_type=\"widget\" data-e-type=\"widget\" data-widget_type=\"heading.default\">\n\t\t\t\t\t<h2 class=\"elementor-heading-title elementor-size-default\">Dr. Andrea Mozzato<\/h2>\t\t\t\t<\/div>\n\t\t\t\t\t<\/div>\n\t\t<\/div>\n\t\t\t\t\t<\/div>\n\t\t<\/section>\n\t\t\t\t<section class=\"elementor-section elementor-top-section elementor-element elementor-element-c4b2bce qodef-elementor-content-grid elementor-section-boxed elementor-section-height-default elementor-section-height-default\" data-id=\"c4b2bce\" data-element_type=\"section\" data-e-type=\"section\">\n\t\t\t\t\t\t<div class=\"elementor-container elementor-column-gap-default\">\n\t\t\t\t\t<div class=\"elementor-column elementor-col-50 elementor-top-column elementor-element elementor-element-6ee2193\" data-id=\"6ee2193\" data-element_type=\"column\" data-e-type=\"column\" data-settings=\"{&quot;background_background&quot;:&quot;classic&quot;}\">\n\t\t\t<div class=\"elementor-widget-wrap elementor-element-populated\">\n\t\t\t\t\t\t<div class=\"elementor-element elementor-element-0a51c36 elementor-widget elementor-widget-image\" data-id=\"0a51c36\" data-element_type=\"widget\" data-e-type=\"widget\" data-widget_type=\"image.default\">\n\t\t\t\t\t\t\t\t\t\t\t\t\t\t\t<img fetchpriority=\"high\" decoding=\"async\" width=\"2560\" height=\"2560\" src=\"https:\/\/d-t-musikakademie.de\/wp-content\/uploads\/2025\/11\/Asset-5@2x-100-scaled.jpg\" class=\"attachment-full size-full wp-image-4383\" alt=\"\" srcset=\"https:\/\/d-t-musikakademie.de\/wp-content\/uploads\/2025\/11\/Asset-5@2x-100-scaled.jpg 2560w, https:\/\/d-t-musikakademie.de\/wp-content\/uploads\/2025\/11\/Asset-5@2x-100-300x300.jpg 300w, https:\/\/d-t-musikakademie.de\/wp-content\/uploads\/2025\/11\/Asset-5@2x-100-1024x1024.jpg 1024w, https:\/\/d-t-musikakademie.de\/wp-content\/uploads\/2025\/11\/Asset-5@2x-100-150x150.jpg 150w, https:\/\/d-t-musikakademie.de\/wp-content\/uploads\/2025\/11\/Asset-5@2x-100-768x768.jpg 768w, https:\/\/d-t-musikakademie.de\/wp-content\/uploads\/2025\/11\/Asset-5@2x-100-1536x1536.jpg 1536w, https:\/\/d-t-musikakademie.de\/wp-content\/uploads\/2025\/11\/Asset-5@2x-100-2048x2048.jpg 2048w, https:\/\/d-t-musikakademie.de\/wp-content\/uploads\/2025\/11\/Asset-5@2x-100-650x650.jpg 650w, https:\/\/d-t-musikakademie.de\/wp-content\/uploads\/2025\/11\/Asset-5@2x-100-1300x1300.jpg 1300w\" sizes=\"(max-width: 2560px) 100vw, 2560px\" \/>\t\t\t\t\t\t\t\t\t\t\t\t\t\t\t<\/div>\n\t\t\t\t\t<\/div>\n\t\t<\/div>\n\t\t\t\t<div class=\"elementor-column elementor-col-50 elementor-top-column elementor-element elementor-element-3b293de\" data-id=\"3b293de\" data-element_type=\"column\" data-e-type=\"column\" data-settings=\"{&quot;background_background&quot;:&quot;classic&quot;}\">\n\t\t\t<div class=\"elementor-widget-wrap elementor-element-populated\">\n\t\t\t\t\t\t<div class=\"elementor-element elementor-element-1c17d8b elementor-widget elementor-widget-text-editor\" data-id=\"1c17d8b\" data-element_type=\"widget\" data-e-type=\"widget\" data-widget_type=\"text-editor.default\">\n\t\t\t\t\t\t\t\t\t<p>Andrea Mozzato, 1969 y\u0131l\u0131nda Venedik\u2019te do\u011fdu ve sanatsal ve m\u00fczikal anlamda zengin bir ailede b\u00fcy\u00fcd\u00fc. Babas\u0131 ressam, annesi (Tiran do\u011fumlu) piyanist, day\u0131lar\u0131 ise keman ve akordeon \u00e7al\u0131yordu. Apulial\u0131 b\u00fcy\u00fckannesi ona gitar\u0131 ve Apulia ile Arnavutluk\u2019tan halk \u015fark\u0131lar\u0131n\u0131 tan\u0131tt\u0131.<\/p><p>Alt\u0131 ya\u015f\u0131nda piyano derslerine, \u00e7ocuklar i\u00e7in vurmal\u0131 \u00e7alg\u0131lar grubuna kat\u0131larak Aziz Mark Meydan\u0131\u2019nda\nkonserler vermeye ba\u015flad\u0131. Dokuz ya\u015f\u0131nda Olivia Verini\u2019den klasik gitar dersleri ald\u0131. On iki ya\u015f\u0131nda\nVenedik\u2019teki San Zaccaria Kilisesi\u2019nde The Who, Led Zeppelin gibi gruplardan par\u00e7alar \u00e7alarak ilk solo\nkonserini verdi. Sonras\u0131nda fingerpicking tekniklerine ve Maurizio Angeletti\u2019nin kitab\u0131na y\u00f6neldi.<\/p><p>Tarih e\u011fitimi al\u0131rken (Ca\u2019 Foscari, Villa I Tatti, Heidelberg \u00dcniversitesi vb.) aktif m\u00fczik kariyerini de s\u00fcrd\u00fcrd\u00fc. 1991\u2019de t\u00fcm elektro gitarlar\u0131n\u0131 satarak sadece akustik gitara y\u00f6neldi, Slow Circle grubunu kurdu ve Duck Baker, Franco Morone, Ian Melrose gibi isimlerle \u00e7al\u0131\u015ft\u0131.<\/p><p>1998\u2019de Tim Sparks ile tan\u0131\u015fmas\u0131 Akdeniz ve Balkan m\u00fczi\u011fine olan ilgisini derinle\u015ftirdi. 2001\u2019de Galere di Fiandra e di Siria d\u00f6rtl\u00fcs\u00fcn\u00fc kurdu, Avrupa\u2019da bir\u00e7ok konserde yer ald\u0131. 2003\u2019te Anouar Brahem\u2019in etkisiyle ud \u00e7almaya ba\u015flad\u0131. 2005\u2019te Berlin\u2019e ta\u015f\u0131nd\u0131.<\/p><p>Berlin\u2019de; Senlemen (tango\/Azerbaycan), Alwan Ensemble (Arap sanat m\u00fczi\u011fi), Ljuti Hora (Balkan), Saranda (\u00c7ingene), Dimitri Cantemir Ensemble (T\u00fcrk m\u00fczi\u011fi), Al- Qantara (Barok\/\u0130rlanda) gibi gruplarla ve Vasiliki Alymara, Sandra Nahabian gibi \u015fark\u0131c\u0131larla sahne ald\u0131. Ud ile Bach, Mozart, Piazzolla ve caz eserlerini solo olarak icra ediyor.<\/p>\t\t\t\t\t\t\t\t<\/div>\n\t\t\t\t\t<\/div>\n\t\t<\/div>\n\t\t\t\t\t<\/div>\n\t\t<\/section>\n\t\t\t\t<\/div>","protected":false},"excerpt":{"rendered":"<p>Home \/ Page Home Dozenten Dr. Andrea Mozzato Andrea Mozzato wurde 1969 in Venedig geboren und wuchs in einer k\u00fcnstlerisch und musikalisch gepr\u00e4gten Familie auf. Sein Vater war Maler, seine Mutter (geboren in Tirana) spielte Klavier, seine Onkel spielten Geige und Akkordeon. Seine Gro\u00dfmutter aus Apulien brachte ihm die ersten Akkorde auf der Gitarre bei [&hellip;]<\/p>\n","protected":false},"author":1,"featured_media":4749,"parent":0,"menu_order":0,"comment_status":"closed","ping_status":"closed","template":"page-full-width.php","meta":{"footnotes":""},"class_list":["post-5620","page","type-page","status-publish","has-post-thumbnail","hentry"],"_links":{"self":[{"href":"https:\/\/d-t-musikakademie.de\/tr\/wp-json\/wp\/v2\/pages\/5620","targetHints":{"allow":["GET"]}}],"collection":[{"href":"https:\/\/d-t-musikakademie.de\/tr\/wp-json\/wp\/v2\/pages"}],"about":[{"href":"https:\/\/d-t-musikakademie.de\/tr\/wp-json\/wp\/v2\/types\/page"}],"author":[{"embeddable":true,"href":"https:\/\/d-t-musikakademie.de\/tr\/wp-json\/wp\/v2\/users\/1"}],"replies":[{"embeddable":true,"href":"https:\/\/d-t-musikakademie.de\/tr\/wp-json\/wp\/v2\/comments?post=5620"}],"version-history":[{"count":3,"href":"https:\/\/d-t-musikakademie.de\/tr\/wp-json\/wp\/v2\/pages\/5620\/revisions"}],"predecessor-version":[{"id":5623,"href":"https:\/\/d-t-musikakademie.de\/tr\/wp-json\/wp\/v2\/pages\/5620\/revisions\/5623"}],"wp:featuredmedia":[{"embeddable":true,"href":"https:\/\/d-t-musikakademie.de\/tr\/wp-json\/wp\/v2\/media\/4749"}],"wp:attachment":[{"href":"https:\/\/d-t-musikakademie.de\/tr\/wp-json\/wp\/v2\/media?parent=5620"}],"curies":[{"name":"wp","href":"https:\/\/api.w.org\/{rel}","templated":true}]}}