{"id":5640,"date":"2025-11-26T15:39:17","date_gmt":"2025-11-26T15:39:17","guid":{"rendered":"https:\/\/hwb.thetechvillehub.com\/?page_id=5640"},"modified":"2025-11-26T15:40:57","modified_gmt":"2025-11-26T15:40:57","slug":"dozenten-new-kerstin-brokate","status":"publish","type":"page","link":"https:\/\/d-t-musikakademie.de\/tr\/dozenten-new-kerstin-brokate\/","title":{"rendered":"dozenten-new-Kerstin Brokate"},"content":{"rendered":"<div data-elementor-type=\"wp-page\" data-elementor-id=\"5640\" class=\"elementor elementor-5640\" data-elementor-post-type=\"page\">\n\t\t\t\t\t\t<section class=\"elementor-section elementor-top-section elementor-element elementor-element-aa4470e elementor-section-height-min-height elementor-section-boxed elementor-section-height-default elementor-section-items-middle qodef-elementor-content-no\" data-id=\"aa4470e\" data-element_type=\"section\" data-e-type=\"section\" data-settings=\"{&quot;background_background&quot;:&quot;classic&quot;}\">\n\t\t\t\t\t\t<div class=\"elementor-container elementor-column-gap-default\">\n\t\t\t\t\t<div class=\"elementor-column elementor-col-100 elementor-top-column elementor-element elementor-element-114fd96\" data-id=\"114fd96\" data-element_type=\"column\" data-e-type=\"column\">\n\t\t\t<div class=\"elementor-widget-wrap elementor-element-populated\">\n\t\t\t\t\t\t<div class=\"elementor-element elementor-element-d254ea2 elementor-hidden-desktop elementor-hidden-tablet elementor-hidden-mobile elementor-widget elementor-widget-eael-breadcrumbs\" data-id=\"d254ea2\" data-element_type=\"widget\" data-e-type=\"widget\" data-widget_type=\"eael-breadcrumbs.default\">\n\t\t\t\t<div class=\"elementor-widget-container\">\n\t\t\t\t\t\t\t<div class=\"eael-breadcrumbs\">\n\t\t\t<div class=\"eael-breadcrumbs__content\"><a href=\"https:\/\/d-t-musikakademie.de\/tr\">Home<\/a> <span class=\"eael-breadcrumb-separator\">\/<\/span> <span class = \"eael-current\">Sayfa<\/span><\/div>\t\t<\/div>\n\t\t\t\t\t\t<\/div>\n\t\t\t\t<\/div>\n\t\t\t\t<div class=\"elementor-element elementor-element-58b4832 elementor-icon-list--layout-inline elementor-align-center elementor-list-item-link-full_width elementor-widget elementor-widget-icon-list\" data-id=\"58b4832\" data-element_type=\"widget\" data-e-type=\"widget\" data-widget_type=\"icon-list.default\">\n\t\t\t\t\t\t\t<ul class=\"elementor-icon-list-items elementor-inline-items\">\n\t\t\t\t\t\t\t<li class=\"elementor-icon-list-item elementor-inline-item\">\n\t\t\t\t\t\t\t\t\t\t\t<a href=\"https:\/\/hwb.thetechvillehub.com\/\">\n\n\t\t\t\t\t\t\t\t\t\t\t<span class=\"elementor-icon-list-text\">Home<\/span>\n\t\t\t\t\t\t\t\t\t\t\t<\/a>\n\t\t\t\t\t\t\t\t\t<\/li>\n\t\t\t\t\t\t\t\t<li class=\"elementor-icon-list-item elementor-inline-item\">\n\t\t\t\t\t\t\t\t\t\t<span class=\"elementor-icon-list-text\">\u00d6\u011fretim elemanlar\u0131<\/span>\n\t\t\t\t\t\t\t\t\t<\/li>\n\t\t\t\t\t\t<\/ul>\n\t\t\t\t\t\t<\/div>\n\t\t\t\t<div class=\"elementor-element elementor-element-eeea6c0 elementor-widget elementor-widget-heading\" data-id=\"eeea6c0\" data-element_type=\"widget\" data-e-type=\"widget\" data-widget_type=\"heading.default\">\n\t\t\t\t\t<h2 class=\"elementor-heading-title elementor-size-default\">KERSTIN BROKATE<\/h2>\t\t\t\t<\/div>\n\t\t\t\t\t<\/div>\n\t\t<\/div>\n\t\t\t\t\t<\/div>\n\t\t<\/section>\n\t\t\t\t<section class=\"elementor-section elementor-top-section elementor-element elementor-element-c4b2bce qodef-elementor-content-grid elementor-section-boxed elementor-section-height-default elementor-section-height-default\" data-id=\"c4b2bce\" data-element_type=\"section\" data-e-type=\"section\">\n\t\t\t\t\t\t<div class=\"elementor-container elementor-column-gap-default\">\n\t\t\t\t\t<div class=\"elementor-column elementor-col-50 elementor-top-column elementor-element elementor-element-6ee2193\" data-id=\"6ee2193\" data-element_type=\"column\" data-e-type=\"column\" data-settings=\"{&quot;background_background&quot;:&quot;classic&quot;}\">\n\t\t\t<div class=\"elementor-widget-wrap elementor-element-populated\">\n\t\t\t\t\t\t<div class=\"elementor-element elementor-element-0a51c36 elementor-widget elementor-widget-image\" data-id=\"0a51c36\" data-element_type=\"widget\" data-e-type=\"widget\" data-widget_type=\"image.default\">\n\t\t\t\t\t\t\t\t\t\t\t\t\t\t\t<img fetchpriority=\"high\" decoding=\"async\" width=\"2560\" height=\"2560\" src=\"https:\/\/d-t-musikakademie.de\/wp-content\/uploads\/2025\/11\/Asset-10@2x-100-scaled.jpg\" class=\"attachment-full size-full wp-image-4388\" alt=\"\" srcset=\"https:\/\/d-t-musikakademie.de\/wp-content\/uploads\/2025\/11\/Asset-10@2x-100-scaled.jpg 2560w, https:\/\/d-t-musikakademie.de\/wp-content\/uploads\/2025\/11\/Asset-10@2x-100-300x300.jpg 300w, https:\/\/d-t-musikakademie.de\/wp-content\/uploads\/2025\/11\/Asset-10@2x-100-1024x1024.jpg 1024w, https:\/\/d-t-musikakademie.de\/wp-content\/uploads\/2025\/11\/Asset-10@2x-100-150x150.jpg 150w, https:\/\/d-t-musikakademie.de\/wp-content\/uploads\/2025\/11\/Asset-10@2x-100-768x768.jpg 768w, https:\/\/d-t-musikakademie.de\/wp-content\/uploads\/2025\/11\/Asset-10@2x-100-1536x1536.jpg 1536w, https:\/\/d-t-musikakademie.de\/wp-content\/uploads\/2025\/11\/Asset-10@2x-100-2048x2048.jpg 2048w, https:\/\/d-t-musikakademie.de\/wp-content\/uploads\/2025\/11\/Asset-10@2x-100-650x650.jpg 650w, https:\/\/d-t-musikakademie.de\/wp-content\/uploads\/2025\/11\/Asset-10@2x-100-1300x1300.jpg 1300w\" sizes=\"(max-width: 2560px) 100vw, 2560px\" \/>\t\t\t\t\t\t\t\t\t\t\t\t\t\t\t<\/div>\n\t\t\t\t\t<\/div>\n\t\t<\/div>\n\t\t\t\t<div class=\"elementor-column elementor-col-50 elementor-top-column elementor-element elementor-element-3b293de\" data-id=\"3b293de\" data-element_type=\"column\" data-e-type=\"column\" data-settings=\"{&quot;background_background&quot;:&quot;classic&quot;}\">\n\t\t\t<div class=\"elementor-widget-wrap elementor-element-populated\">\n\t\t\t\t\t\t<div class=\"elementor-element elementor-element-1c17d8b elementor-widget elementor-widget-text-editor\" data-id=\"1c17d8b\" data-element_type=\"widget\" data-e-type=\"widget\" data-widget_type=\"text-editor.default\">\n\t\t\t\t\t\t\t\t\t<p>Kerstin Brokate, 1983-1988 y\u0131llar\u0131 aras\u0131nda Augsburg\u2019da Leopold-Mozart Konservatuvar\u0131\u2019nda yan dal piyano ve ana dal olarak fl\u00fct e\u011fitimi ald\u0131 ve m\u00fczik \u00f6\u011fretmenli\u011fi ile konser diplomas\u0131n\u0131 tamamlad\u0131.<\/p><p>Daha sonra Ulrich Meyer ile \u00f6zel \u00e7al\u0131\u015fmalar yapt\u0131 ve Aur\u00e8le Nicolet, Trevor Wye, Peter Thalheimer,\nMichael Faust, Peter-Lukas Graf, Robert Aitken ve Carin Levine ile ustal\u0131k kurslar\u0131na kat\u0131ld\u0131.<\/p><p>Ritmik ve m\u00fczik fizyolojisi alanlar\u0131nda da ba\u015far\u0131l\u0131 e\u011fitimler ald\u0131.<\/p><p>Konser faaliyetlerinde \u00f6zellikle piyano ve gitar ile oda m\u00fczi\u011fi \u00e7al\u0131\u015fmalar\u0131nda yer almakta ve Almanya ile yurt d\u0131\u015f\u0131nda d\u00fczenli olarak konserler vermektedir.<\/p><p>1984-1994 y\u0131llar\u0131 aras\u0131nda G\u00fcney Almanya\u2019da bir gen\u00e7lik m\u00fczik okulunda \u00f6\u011fretmenlik yapt\u0131. 1994\ny\u0131l\u0131ndan beri Berlin\u2019de serbest fl\u00fct sanat\u00e7\u0131s\u0131 olarak ya\u015fam\u0131n\u0131 s\u00fcrd\u00fcrmekte ve b\u00fcy\u00fck bir heyecanla fl\u00fct,\nblokfl\u00fct ve piyano dersleri vermektedir.<\/p>\t\t\t\t\t\t\t\t<\/div>\n\t\t\t\t\t<\/div>\n\t\t<\/div>\n\t\t\t\t\t<\/div>\n\t\t<\/section>\n\t\t\t\t<\/div>","protected":false},"excerpt":{"rendered":"<p>Home \/ Page Home Dozenten Kerstin Brokate Kerstin Brokate studierte von 1983-88 in Augsburg am Leopold-Mozart-Konservatorium im Hauptfach Querfl\u00f6te und im Nebenfach Klavier und schloss mit dem Musiklehrer- und Konzertdiplom ab. Es folgten private Studien bei Ulrich Meyer und Meisterkurse mit Aur\u00e8le Nicolet, Trevor Wye, Peter Thalheimer, Michael Faust, Peter-Lukas Graf, Robert Aitken und Carin [&hellip;]<\/p>\n","protected":false},"author":1,"featured_media":4749,"parent":0,"menu_order":0,"comment_status":"closed","ping_status":"closed","template":"page-full-width.php","meta":{"footnotes":""},"class_list":["post-5640","page","type-page","status-publish","has-post-thumbnail","hentry"],"_links":{"self":[{"href":"https:\/\/d-t-musikakademie.de\/tr\/wp-json\/wp\/v2\/pages\/5640","targetHints":{"allow":["GET"]}}],"collection":[{"href":"https:\/\/d-t-musikakademie.de\/tr\/wp-json\/wp\/v2\/pages"}],"about":[{"href":"https:\/\/d-t-musikakademie.de\/tr\/wp-json\/wp\/v2\/types\/page"}],"author":[{"embeddable":true,"href":"https:\/\/d-t-musikakademie.de\/tr\/wp-json\/wp\/v2\/users\/1"}],"replies":[{"embeddable":true,"href":"https:\/\/d-t-musikakademie.de\/tr\/wp-json\/wp\/v2\/comments?post=5640"}],"version-history":[{"count":3,"href":"https:\/\/d-t-musikakademie.de\/tr\/wp-json\/wp\/v2\/pages\/5640\/revisions"}],"predecessor-version":[{"id":5643,"href":"https:\/\/d-t-musikakademie.de\/tr\/wp-json\/wp\/v2\/pages\/5640\/revisions\/5643"}],"wp:featuredmedia":[{"embeddable":true,"href":"https:\/\/d-t-musikakademie.de\/tr\/wp-json\/wp\/v2\/media\/4749"}],"wp:attachment":[{"href":"https:\/\/d-t-musikakademie.de\/tr\/wp-json\/wp\/v2\/media?parent=5640"}],"curies":[{"name":"wp","href":"https:\/\/api.w.org\/{rel}","templated":true}]}}