{"id":5644,"date":"2025-11-26T15:41:40","date_gmt":"2025-11-26T15:41:40","guid":{"rendered":"https:\/\/hwb.thetechvillehub.com\/?page_id=5644"},"modified":"2025-11-26T15:42:40","modified_gmt":"2025-11-26T15:42:40","slug":"dozenten-new-kevin-traeger","status":"publish","type":"page","link":"https:\/\/d-t-musikakademie.de\/tr\/dozenten-new-kevin-traeger\/","title":{"rendered":"dozenten-new-Kevin Traeger"},"content":{"rendered":"<div data-elementor-type=\"wp-page\" data-elementor-id=\"5644\" class=\"elementor elementor-5644\" data-elementor-post-type=\"page\">\n\t\t\t\t\t\t<section class=\"elementor-section elementor-top-section elementor-element elementor-element-aa4470e elementor-section-height-min-height elementor-section-boxed elementor-section-height-default elementor-section-items-middle qodef-elementor-content-no\" data-id=\"aa4470e\" data-element_type=\"section\" data-e-type=\"section\" data-settings=\"{&quot;background_background&quot;:&quot;classic&quot;}\">\n\t\t\t\t\t\t<div class=\"elementor-container elementor-column-gap-default\">\n\t\t\t\t\t<div class=\"elementor-column elementor-col-100 elementor-top-column elementor-element elementor-element-114fd96\" data-id=\"114fd96\" data-element_type=\"column\" data-e-type=\"column\">\n\t\t\t<div class=\"elementor-widget-wrap elementor-element-populated\">\n\t\t\t\t\t\t<div class=\"elementor-element elementor-element-d254ea2 elementor-hidden-desktop elementor-hidden-tablet elementor-hidden-mobile elementor-widget elementor-widget-eael-breadcrumbs\" data-id=\"d254ea2\" data-element_type=\"widget\" data-e-type=\"widget\" data-widget_type=\"eael-breadcrumbs.default\">\n\t\t\t\t<div class=\"elementor-widget-container\">\n\t\t\t\t\t\t\t<div class=\"eael-breadcrumbs\">\n\t\t\t<div class=\"eael-breadcrumbs__content\"><a href=\"https:\/\/d-t-musikakademie.de\/tr\">Home<\/a> <span class=\"eael-breadcrumb-separator\">\/<\/span> <span class = \"eael-current\">Sayfa<\/span><\/div>\t\t<\/div>\n\t\t\t\t\t\t<\/div>\n\t\t\t\t<\/div>\n\t\t\t\t<div class=\"elementor-element elementor-element-58b4832 elementor-icon-list--layout-inline elementor-align-center elementor-list-item-link-full_width elementor-widget elementor-widget-icon-list\" data-id=\"58b4832\" data-element_type=\"widget\" data-e-type=\"widget\" data-widget_type=\"icon-list.default\">\n\t\t\t\t\t\t\t<ul class=\"elementor-icon-list-items elementor-inline-items\">\n\t\t\t\t\t\t\t<li class=\"elementor-icon-list-item elementor-inline-item\">\n\t\t\t\t\t\t\t\t\t\t\t<a href=\"https:\/\/hwb.thetechvillehub.com\/\">\n\n\t\t\t\t\t\t\t\t\t\t\t<span class=\"elementor-icon-list-text\">Home<\/span>\n\t\t\t\t\t\t\t\t\t\t\t<\/a>\n\t\t\t\t\t\t\t\t\t<\/li>\n\t\t\t\t\t\t\t\t<li class=\"elementor-icon-list-item elementor-inline-item\">\n\t\t\t\t\t\t\t\t\t\t<span class=\"elementor-icon-list-text\">\u00d6\u011fretim elemanlar\u0131<\/span>\n\t\t\t\t\t\t\t\t\t<\/li>\n\t\t\t\t\t\t<\/ul>\n\t\t\t\t\t\t<\/div>\n\t\t\t\t<div class=\"elementor-element elementor-element-eeea6c0 elementor-widget elementor-widget-heading\" data-id=\"eeea6c0\" data-element_type=\"widget\" data-e-type=\"widget\" data-widget_type=\"heading.default\">\n\t\t\t\t\t<h2 class=\"elementor-heading-title elementor-size-default\">KEVIN TRAEGER <\/h2>\t\t\t\t<\/div>\n\t\t\t\t\t<\/div>\n\t\t<\/div>\n\t\t\t\t\t<\/div>\n\t\t<\/section>\n\t\t\t\t<section class=\"elementor-section elementor-top-section elementor-element elementor-element-c4b2bce qodef-elementor-content-grid elementor-section-boxed elementor-section-height-default elementor-section-height-default\" data-id=\"c4b2bce\" data-element_type=\"section\" data-e-type=\"section\">\n\t\t\t\t\t\t<div class=\"elementor-container elementor-column-gap-default\">\n\t\t\t\t\t<div class=\"elementor-column elementor-col-50 elementor-top-column elementor-element elementor-element-6ee2193\" data-id=\"6ee2193\" data-element_type=\"column\" data-e-type=\"column\" data-settings=\"{&quot;background_background&quot;:&quot;classic&quot;}\">\n\t\t\t<div class=\"elementor-widget-wrap elementor-element-populated\">\n\t\t\t\t\t\t<div class=\"elementor-element elementor-element-0a51c36 elementor-widget elementor-widget-image\" data-id=\"0a51c36\" data-element_type=\"widget\" data-e-type=\"widget\" data-widget_type=\"image.default\">\n\t\t\t\t\t\t\t\t\t\t\t\t\t\t\t<img fetchpriority=\"high\" decoding=\"async\" width=\"2560\" height=\"2560\" src=\"https:\/\/d-t-musikakademie.de\/wp-content\/uploads\/2025\/11\/Asset-11@2x-100-scaled.jpg\" class=\"attachment-full size-full wp-image-4389\" alt=\"\" srcset=\"https:\/\/d-t-musikakademie.de\/wp-content\/uploads\/2025\/11\/Asset-11@2x-100-scaled.jpg 2560w, https:\/\/d-t-musikakademie.de\/wp-content\/uploads\/2025\/11\/Asset-11@2x-100-300x300.jpg 300w, https:\/\/d-t-musikakademie.de\/wp-content\/uploads\/2025\/11\/Asset-11@2x-100-1024x1024.jpg 1024w, https:\/\/d-t-musikakademie.de\/wp-content\/uploads\/2025\/11\/Asset-11@2x-100-150x150.jpg 150w, https:\/\/d-t-musikakademie.de\/wp-content\/uploads\/2025\/11\/Asset-11@2x-100-768x768.jpg 768w, https:\/\/d-t-musikakademie.de\/wp-content\/uploads\/2025\/11\/Asset-11@2x-100-1536x1536.jpg 1536w, https:\/\/d-t-musikakademie.de\/wp-content\/uploads\/2025\/11\/Asset-11@2x-100-2048x2048.jpg 2048w, https:\/\/d-t-musikakademie.de\/wp-content\/uploads\/2025\/11\/Asset-11@2x-100-650x650.jpg 650w, https:\/\/d-t-musikakademie.de\/wp-content\/uploads\/2025\/11\/Asset-11@2x-100-1300x1300.jpg 1300w\" sizes=\"(max-width: 2560px) 100vw, 2560px\" \/>\t\t\t\t\t\t\t\t\t\t\t\t\t\t\t<\/div>\n\t\t\t\t\t<\/div>\n\t\t<\/div>\n\t\t\t\t<div class=\"elementor-column elementor-col-50 elementor-top-column elementor-element elementor-element-3b293de\" data-id=\"3b293de\" data-element_type=\"column\" data-e-type=\"column\" data-settings=\"{&quot;background_background&quot;:&quot;classic&quot;}\">\n\t\t\t<div class=\"elementor-widget-wrap elementor-element-populated\">\n\t\t\t\t\t\t<div class=\"elementor-element elementor-element-1c17d8b elementor-widget elementor-widget-text-editor\" data-id=\"1c17d8b\" data-element_type=\"widget\" data-e-type=\"widget\" data-widget_type=\"text-editor.default\">\n\t\t\t\t\t\t\t\t\t<p>Kevin Traeger, Berlin Caz Enstit\u00fcs\u00fc\u2019nde (Universit\u00e4t der K\u00fcnste ve Hochschule f\u00fcr Musik Hanns Eisler) caz vokal e\u011fitimi ald\u0131 ve Japonya, \u0130srail ve Macaristan gibi \u00fclkelerde konserler vererek uluslararas\u0131 d\u00fczeyde sahne ald\u0131. 2012 y\u0131l\u0131ndan bu yana Berlin ve Brandenburg\u2019da tam zamanl\u0131 olarak koro \u015fefi olarak \u00e7al\u0131\u015fmaktad\u0131r. Ayr\u0131ca koro ve orkestra topluluklar\u0131 i\u00e7in besteci ve aranj\u00f6r olarak da aktiftir.\nBunun yan\u0131 s\u0131ra Deutsche Oper Berlin ve Tempodrom gibi mekanlarda tiyatro m\u00fczisyeni olarak sahne\nalm\u0131\u015ft\u0131r ve ayr\u0131ca Die Fliegenden Noten korosunun \u015fefli\u011fini yapmaktad\u0131r.<\/p>\t\t\t\t\t\t\t\t<\/div>\n\t\t\t\t\t<\/div>\n\t\t<\/div>\n\t\t\t\t\t<\/div>\n\t\t<\/section>\n\t\t\t\t<\/div>","protected":false},"excerpt":{"rendered":"<p>Home \/ Page Home Dozenten Kevin Traeger Kevin Traeger studierte Jazzgesang am Jazz-Institut Berlin (Universit\u00e4t der K\u00fcnste und Hochschule f\u00fcr Musik Hanns Eisler) und trat international auf, unter anderem in Japan, Israel und Ungarn. Seit 2012 arbeitet er hauptberuflich als Chorleiter in Berlin und Brandenburg und ist zudem als Komponist und Arrangeur f\u00fcr Chor- und [&hellip;]<\/p>\n","protected":false},"author":1,"featured_media":4749,"parent":0,"menu_order":0,"comment_status":"closed","ping_status":"closed","template":"page-full-width.php","meta":{"footnotes":""},"class_list":["post-5644","page","type-page","status-publish","has-post-thumbnail","hentry"],"_links":{"self":[{"href":"https:\/\/d-t-musikakademie.de\/tr\/wp-json\/wp\/v2\/pages\/5644","targetHints":{"allow":["GET"]}}],"collection":[{"href":"https:\/\/d-t-musikakademie.de\/tr\/wp-json\/wp\/v2\/pages"}],"about":[{"href":"https:\/\/d-t-musikakademie.de\/tr\/wp-json\/wp\/v2\/types\/page"}],"author":[{"embeddable":true,"href":"https:\/\/d-t-musikakademie.de\/tr\/wp-json\/wp\/v2\/users\/1"}],"replies":[{"embeddable":true,"href":"https:\/\/d-t-musikakademie.de\/tr\/wp-json\/wp\/v2\/comments?post=5644"}],"version-history":[{"count":3,"href":"https:\/\/d-t-musikakademie.de\/tr\/wp-json\/wp\/v2\/pages\/5644\/revisions"}],"predecessor-version":[{"id":5647,"href":"https:\/\/d-t-musikakademie.de\/tr\/wp-json\/wp\/v2\/pages\/5644\/revisions\/5647"}],"wp:featuredmedia":[{"embeddable":true,"href":"https:\/\/d-t-musikakademie.de\/tr\/wp-json\/wp\/v2\/media\/4749"}],"wp:attachment":[{"href":"https:\/\/d-t-musikakademie.de\/tr\/wp-json\/wp\/v2\/media?parent=5644"}],"curies":[{"name":"wp","href":"https:\/\/api.w.org\/{rel}","templated":true}]}}