{"id":5656,"date":"2025-11-26T15:46:19","date_gmt":"2025-11-26T15:46:19","guid":{"rendered":"https:\/\/hwb.thetechvillehub.com\/?page_id=5656"},"modified":"2025-11-26T15:47:19","modified_gmt":"2025-11-26T15:47:19","slug":"dozenten-new-prof-dr-m-hakan-cevher","status":"publish","type":"page","link":"https:\/\/d-t-musikakademie.de\/tr\/dozenten-new-prof-dr-m-hakan-cevher\/","title":{"rendered":"dozenten-new-Prof. Dr. M. Hakan Cevher"},"content":{"rendered":"<div data-elementor-type=\"wp-page\" data-elementor-id=\"5656\" class=\"elementor elementor-5656\" data-elementor-post-type=\"page\">\n\t\t\t\t\t\t<section class=\"elementor-section elementor-top-section elementor-element elementor-element-aa4470e elementor-section-height-min-height elementor-section-boxed elementor-section-height-default elementor-section-items-middle qodef-elementor-content-no\" data-id=\"aa4470e\" data-element_type=\"section\" data-e-type=\"section\" data-settings=\"{&quot;background_background&quot;:&quot;classic&quot;}\">\n\t\t\t\t\t\t<div class=\"elementor-container elementor-column-gap-default\">\n\t\t\t\t\t<div class=\"elementor-column elementor-col-100 elementor-top-column elementor-element elementor-element-114fd96\" data-id=\"114fd96\" data-element_type=\"column\" data-e-type=\"column\">\n\t\t\t<div class=\"elementor-widget-wrap elementor-element-populated\">\n\t\t\t\t\t\t<div class=\"elementor-element elementor-element-d254ea2 elementor-hidden-desktop elementor-hidden-tablet elementor-hidden-mobile elementor-widget elementor-widget-eael-breadcrumbs\" data-id=\"d254ea2\" data-element_type=\"widget\" data-e-type=\"widget\" data-widget_type=\"eael-breadcrumbs.default\">\n\t\t\t\t<div class=\"elementor-widget-container\">\n\t\t\t\t\t\t\t<div class=\"eael-breadcrumbs\">\n\t\t\t<div class=\"eael-breadcrumbs__content\"><a href=\"https:\/\/d-t-musikakademie.de\/tr\">Home<\/a> <span class=\"eael-breadcrumb-separator\">\/<\/span> <span class = \"eael-current\">Sayfa<\/span><\/div>\t\t<\/div>\n\t\t\t\t\t\t<\/div>\n\t\t\t\t<\/div>\n\t\t\t\t<div class=\"elementor-element elementor-element-58b4832 elementor-icon-list--layout-inline elementor-align-center elementor-list-item-link-full_width elementor-widget elementor-widget-icon-list\" data-id=\"58b4832\" data-element_type=\"widget\" data-e-type=\"widget\" data-widget_type=\"icon-list.default\">\n\t\t\t\t\t\t\t<ul class=\"elementor-icon-list-items elementor-inline-items\">\n\t\t\t\t\t\t\t<li class=\"elementor-icon-list-item elementor-inline-item\">\n\t\t\t\t\t\t\t\t\t\t\t<a href=\"https:\/\/hwb.thetechvillehub.com\/\">\n\n\t\t\t\t\t\t\t\t\t\t\t<span class=\"elementor-icon-list-text\">Home<\/span>\n\t\t\t\t\t\t\t\t\t\t\t<\/a>\n\t\t\t\t\t\t\t\t\t<\/li>\n\t\t\t\t\t\t\t\t<li class=\"elementor-icon-list-item elementor-inline-item\">\n\t\t\t\t\t\t\t\t\t\t<span class=\"elementor-icon-list-text\">\u00d6\u011fretim elemanlar\u0131<\/span>\n\t\t\t\t\t\t\t\t\t<\/li>\n\t\t\t\t\t\t<\/ul>\n\t\t\t\t\t\t<\/div>\n\t\t\t\t<div class=\"elementor-element elementor-element-eeea6c0 elementor-widget elementor-widget-heading\" data-id=\"eeea6c0\" data-element_type=\"widget\" data-e-type=\"widget\" data-widget_type=\"heading.default\">\n\t\t\t\t\t<h2 class=\"elementor-heading-title elementor-size-default\">Prof. Dr. M. Hakan Cevher<\/h2>\t\t\t\t<\/div>\n\t\t\t\t\t<\/div>\n\t\t<\/div>\n\t\t\t\t\t<\/div>\n\t\t<\/section>\n\t\t\t\t<section class=\"elementor-section elementor-top-section elementor-element elementor-element-c4b2bce qodef-elementor-content-grid elementor-section-boxed elementor-section-height-default elementor-section-height-default\" data-id=\"c4b2bce\" data-element_type=\"section\" data-e-type=\"section\">\n\t\t\t\t\t\t<div class=\"elementor-container elementor-column-gap-default\">\n\t\t\t\t\t<div class=\"elementor-column elementor-col-50 elementor-top-column elementor-element elementor-element-6ee2193\" data-id=\"6ee2193\" data-element_type=\"column\" data-e-type=\"column\" data-settings=\"{&quot;background_background&quot;:&quot;classic&quot;}\">\n\t\t\t<div class=\"elementor-widget-wrap elementor-element-populated\">\n\t\t\t\t\t\t<div class=\"elementor-element elementor-element-0a51c36 elementor-widget elementor-widget-image\" data-id=\"0a51c36\" data-element_type=\"widget\" data-e-type=\"widget\" data-widget_type=\"image.default\">\n\t\t\t\t\t\t\t\t\t\t\t\t\t\t\t<img fetchpriority=\"high\" decoding=\"async\" width=\"2560\" height=\"2560\" src=\"https:\/\/d-t-musikakademie.de\/wp-content\/uploads\/2025\/11\/Asset-14@2x-100-scaled.jpg\" class=\"attachment-full size-full wp-image-4392\" alt=\"\" srcset=\"https:\/\/d-t-musikakademie.de\/wp-content\/uploads\/2025\/11\/Asset-14@2x-100-scaled.jpg 2560w, https:\/\/d-t-musikakademie.de\/wp-content\/uploads\/2025\/11\/Asset-14@2x-100-300x300.jpg 300w, https:\/\/d-t-musikakademie.de\/wp-content\/uploads\/2025\/11\/Asset-14@2x-100-1024x1024.jpg 1024w, https:\/\/d-t-musikakademie.de\/wp-content\/uploads\/2025\/11\/Asset-14@2x-100-150x150.jpg 150w, https:\/\/d-t-musikakademie.de\/wp-content\/uploads\/2025\/11\/Asset-14@2x-100-768x768.jpg 768w, https:\/\/d-t-musikakademie.de\/wp-content\/uploads\/2025\/11\/Asset-14@2x-100-1536x1536.jpg 1536w, https:\/\/d-t-musikakademie.de\/wp-content\/uploads\/2025\/11\/Asset-14@2x-100-2048x2048.jpg 2048w, https:\/\/d-t-musikakademie.de\/wp-content\/uploads\/2025\/11\/Asset-14@2x-100-650x650.jpg 650w, https:\/\/d-t-musikakademie.de\/wp-content\/uploads\/2025\/11\/Asset-14@2x-100-1300x1300.jpg 1300w\" sizes=\"(max-width: 2560px) 100vw, 2560px\" \/>\t\t\t\t\t\t\t\t\t\t\t\t\t\t\t<\/div>\n\t\t\t\t\t<\/div>\n\t\t<\/div>\n\t\t\t\t<div class=\"elementor-column elementor-col-50 elementor-top-column elementor-element elementor-element-3b293de\" data-id=\"3b293de\" data-element_type=\"column\" data-e-type=\"column\" data-settings=\"{&quot;background_background&quot;:&quot;classic&quot;}\">\n\t\t\t<div class=\"elementor-widget-wrap elementor-element-populated\">\n\t\t\t\t\t\t<div class=\"elementor-element elementor-element-1c17d8b elementor-widget elementor-widget-text-editor\" data-id=\"1c17d8b\" data-element_type=\"widget\" data-e-type=\"widget\" data-widget_type=\"text-editor.default\">\n\t\t\t\t\t\t\t\t\t<p>Prof. Dr. M. Hakan Cevher 1984 yilinda Ege Universitesi Devlet Turk Musikisi Konservatuvar\u0131 Temel Bilimler B\u00f6l\u00fcm\u00fc\u2019n\u00fc kazanarak, 1989 y\u0131l\u0131nda mezun oldu. Ayn\u0131 y\u0131l, mezun oldu\u011fu okula Ara\u015ft\u0131rma G\u00f6revlisi olarak atand\u0131. 1992'de, \u201cTanburi Cemil Bey ve Rehber-i Musiki\u201d ba\u015fl\u0131kl\u0131 teziyle Y\u00fcksek Lisans ve 1995'de, \u201cAli Ufki Bey ve Haza Mecmua-i Saz \u00fc S\u00f6z (Transkripsiyon ve \u0130nceleme)\u201d ba\u015fl\u0131kl\u0131 tezi ile Doktora \u00f6\u011frenimini tamamlad\u0131.<\/p><p>1997'de Yard\u0131mc\u0131 Do\u00e7ent, 1998'de Do\u00e7ent ve 2005 y\u0131l\u0131nda Profes\u00f6r oldu. Konservatuvar M\u00fcd\u00fcrl\u00fc\u011f\u00fc, B\u00f6l\u00fcm ve Anasanat Dal\u0131 ba\u015fkanl\u0131\u011f\u0131 g\u00f6revlerinde bulundu. Yurt i\u00e7i ve d\u0131\u015f\u0131nda, musiki i\u00e7erikli; Arap\u00e7a, Fars\u00e7a ve T\u00fcrk\u00e7e el yazmalar\u0131 \u00fczerinde \u00e7al\u0131\u015farak, bu konularda \u00e7e\u015fitli uluslararas\u0131 toplant\u0131larda bildiriler verdi. Yay\u0131mlanm\u0131\u015f 6 kitab\u0131 ve pek \u00e7ok makalesi vard\u0131r. \u0130ngilizce ve Frans\u0131zca bilmektedir.<\/p>\t\t\t\t\t\t\t\t<\/div>\n\t\t\t\t\t<\/div>\n\t\t<\/div>\n\t\t\t\t\t<\/div>\n\t\t<\/section>\n\t\t\t\t<\/div>","protected":false},"excerpt":{"rendered":"<p>Home \/ Page Home Dozenten Prof. Dr. M. Hakan Cevher Prof. Dr. M. Hakan Cevher wurde 1984 an das Staatliche T\u00fcrkische Musikkonservatorium der Universit\u00e4t Ege in die Abteilung f\u00fcr Grundlagenwissenschaften aufgenommen und schloss sein Studium 1989 ab. Im selben Jahr wurde er als wissenschaftlicher Mitarbeiter an der Hochschule angestellt. 1992 beendete er sein Masterstudium mit [&hellip;]<\/p>\n","protected":false},"author":1,"featured_media":4749,"parent":0,"menu_order":0,"comment_status":"closed","ping_status":"closed","template":"page-full-width.php","meta":{"footnotes":""},"class_list":["post-5656","page","type-page","status-publish","has-post-thumbnail","hentry"],"_links":{"self":[{"href":"https:\/\/d-t-musikakademie.de\/tr\/wp-json\/wp\/v2\/pages\/5656","targetHints":{"allow":["GET"]}}],"collection":[{"href":"https:\/\/d-t-musikakademie.de\/tr\/wp-json\/wp\/v2\/pages"}],"about":[{"href":"https:\/\/d-t-musikakademie.de\/tr\/wp-json\/wp\/v2\/types\/page"}],"author":[{"embeddable":true,"href":"https:\/\/d-t-musikakademie.de\/tr\/wp-json\/wp\/v2\/users\/1"}],"replies":[{"embeddable":true,"href":"https:\/\/d-t-musikakademie.de\/tr\/wp-json\/wp\/v2\/comments?post=5656"}],"version-history":[{"count":3,"href":"https:\/\/d-t-musikakademie.de\/tr\/wp-json\/wp\/v2\/pages\/5656\/revisions"}],"predecessor-version":[{"id":5659,"href":"https:\/\/d-t-musikakademie.de\/tr\/wp-json\/wp\/v2\/pages\/5656\/revisions\/5659"}],"wp:featuredmedia":[{"embeddable":true,"href":"https:\/\/d-t-musikakademie.de\/tr\/wp-json\/wp\/v2\/media\/4749"}],"wp:attachment":[{"href":"https:\/\/d-t-musikakademie.de\/tr\/wp-json\/wp\/v2\/media?parent=5656"}],"curies":[{"name":"wp","href":"https:\/\/api.w.org\/{rel}","templated":true}]}}