{"id":6189,"date":"2025-12-08T12:50:34","date_gmt":"2025-12-08T12:50:34","guid":{"rendered":"https:\/\/hwb.thetechvillehub.com\/?page_id=6189"},"modified":"2026-02-16T16:51:36","modified_gmt":"2026-02-16T16:51:36","slug":"dozenten-serdar-saydan","status":"publish","type":"page","link":"https:\/\/d-t-musikakademie.de\/tr\/dozenten-serdar-saydan\/","title":{"rendered":"dozenten-Serdar Saydan"},"content":{"rendered":"<div data-elementor-type=\"wp-page\" data-elementor-id=\"6189\" class=\"elementor elementor-6189\" data-elementor-post-type=\"page\">\n\t\t\t\t\t\t<section class=\"elementor-section elementor-top-section elementor-element elementor-element-d62c380 elementor-section-full_width elementor-section-height-default elementor-section-height-default qodef-elementor-content-no\" data-id=\"d62c380\" data-element_type=\"section\" data-e-type=\"section\">\n\t\t\t\t\t\t<div class=\"elementor-container elementor-column-gap-default\">\n\t\t\t\t\t<div class=\"elementor-column elementor-col-33 elementor-top-column elementor-element elementor-element-db5c790 elementor-hidden-tablet elementor-hidden-mobile\" data-id=\"db5c790\" data-element_type=\"column\" data-e-type=\"column\" data-settings=\"{&quot;background_background&quot;:&quot;classic&quot;}\">\n\t\t\t<div class=\"elementor-widget-wrap elementor-element-populated\">\n\t\t\t\t\t<div class=\"elementor-background-overlay\"><\/div>\n\t\t\t\t\t\t<div class=\"elementor-element elementor-element-65691da elementor-widget elementor-widget-spacer\" data-id=\"65691da\" data-element_type=\"widget\" data-e-type=\"widget\" data-widget_type=\"spacer.default\">\n\t\t\t\t\t\t\t<div class=\"elementor-spacer\">\n\t\t\t<div class=\"elementor-spacer-inner\"><\/div>\n\t\t<\/div>\n\t\t\t\t\t\t<\/div>\n\t\t\t\t\t<\/div>\n\t\t<\/div>\n\t\t\t\t<div class=\"elementor-column elementor-col-33 elementor-top-column elementor-element elementor-element-8b496a6\" data-id=\"8b496a6\" data-element_type=\"column\" data-e-type=\"column\">\n\t\t\t<div class=\"elementor-widget-wrap elementor-element-populated\">\n\t\t\t\t\t\t<div class=\"elementor-element elementor-element-77ec771 elementor-widget elementor-widget-songbook_core_section_title\" data-id=\"77ec771\" data-element_type=\"widget\" data-e-type=\"widget\" data-widget_type=\"songbook_core_section_title.default\">\n\t\t\t\t<div class=\"elementor-widget-container\">\n\t\t\t\t\t<div class=\"qodef-shortcode qodef-m  qodef-section-title qodef-alignment--left\">\n\t\t\t<h1 class=\"qodef-m-title\" style=\"margin-top: 11px\">\n\t\t\t\t\tSERDAR SAYDAN<br \/>\t\t\t<\/h1>\n\t\t<\/div>\t\t\t\t<\/div>\n\t\t\t\t<\/div>\n\t\t\t\t<div class=\"elementor-element elementor-element-f9f9f8a elementor-widget elementor-widget-text-editor\" data-id=\"f9f9f8a\" data-element_type=\"widget\" data-e-type=\"widget\" data-widget_type=\"text-editor.default\">\n\t\t\t\t\t\t\t\t\t<p>Serdar Saydan, 1981 y\u0131l\u0131nda Bat\u0131 Berlin'de do\u011fdu. Sahneye ilk kez 15 ya\u015f\u0131nda babas\u0131yla birlikte bir K\u00fcrt halk m\u00fczi\u011fi grubunda \u00e7\u0131kt\u0131 ve ve k\u00fc\u00e7\u00fck ya\u015ftan beri darbuka \u00e7al\u0131yor. O zamandan bu yana Berlin Oriental m\u00fczik sahnesinde kendi yolunu \u00e7izdi. <em>Darbuka<\/em>, <em>Tef<\/em> ve <em>Bendir<\/em> \u00e7alarak \u00e7alma becerilerini geli\u015ftirdi. Bu arada bir \u00e7ok sanat\u00e7\u0131ya percussiyonda e\u015flik etti ve bir \u00e7ok konserde ve sanatsal etkinliklerde yer ald\u0131. Serdar Saydan, \u015fu anda bu \u00fc\u00e7 enstr\u00fcman\u0131n yeni yorumlama ve icra bi\u00e7imlerine olanak tan\u0131yan aray\u00fczler bulmak i\u00e7in elektro-akustik m\u00fczik alan\u0131nda ara\u015ft\u0131rmalar y\u00fcr\u00fct\u00fcyor. 2018 y\u0131l\u0131nda Berlin'deki Alice Salomon \u00dcniversitesi'nden Sosyal Hizmet alan\u0131nda lisans derecesi ald\u0131.<\/p>\t\t\t\t\t\t\t\t<\/div>\n\t\t\t\t\t<\/div>\n\t\t<\/div>\n\t\t\t\t<div class=\"elementor-column elementor-col-33 elementor-top-column elementor-element elementor-element-60d3430\" data-id=\"60d3430\" data-element_type=\"column\" data-e-type=\"column\" data-settings=\"{&quot;background_background&quot;:&quot;classic&quot;}\">\n\t\t\t<div class=\"elementor-widget-wrap elementor-element-populated\">\n\t\t\t\t\t\t<div class=\"elementor-element elementor-element-1d24f0a elementor-widget elementor-widget-spacer\" data-id=\"1d24f0a\" data-element_type=\"widget\" data-e-type=\"widget\" data-widget_type=\"spacer.default\">\n\t\t\t\t\t\t\t<div class=\"elementor-spacer\">\n\t\t\t<div class=\"elementor-spacer-inner\"><\/div>\n\t\t<\/div>\n\t\t\t\t\t\t<\/div>\n\t\t\t\t\t<\/div>\n\t\t<\/div>\n\t\t\t\t\t<\/div>\n\t\t<\/section>\n\t\t\t\t<\/div>","protected":false},"excerpt":{"rendered":"<p>SERDAR SAYDAN Serdar Saydan wurde 1981 in West-Berlin geboren. Mit 15 Jahren gab er sein B\u00fchnendeb\u00fct in einer kurdischen Folk-Musikgruppe an der Seite seines Vaters und spielt seit seiner Kindheit Darbuka. Seitdem hat er sich in der Berliner Oriental-Musikszene einen eigenen Weg gebahnt und sein K\u00f6nnen auf Darbuka, Tef und Bendir verfeinert. Er begleitete zahlreiche [&hellip;]<\/p>\n","protected":false},"author":1,"featured_media":0,"parent":0,"menu_order":0,"comment_status":"closed","ping_status":"closed","template":"page-full-width.php","meta":{"footnotes":""},"class_list":["post-6189","page","type-page","status-publish","hentry"],"_links":{"self":[{"href":"https:\/\/d-t-musikakademie.de\/tr\/wp-json\/wp\/v2\/pages\/6189","targetHints":{"allow":["GET"]}}],"collection":[{"href":"https:\/\/d-t-musikakademie.de\/tr\/wp-json\/wp\/v2\/pages"}],"about":[{"href":"https:\/\/d-t-musikakademie.de\/tr\/wp-json\/wp\/v2\/types\/page"}],"author":[{"embeddable":true,"href":"https:\/\/d-t-musikakademie.de\/tr\/wp-json\/wp\/v2\/users\/1"}],"replies":[{"embeddable":true,"href":"https:\/\/d-t-musikakademie.de\/tr\/wp-json\/wp\/v2\/comments?post=6189"}],"version-history":[{"count":9,"href":"https:\/\/d-t-musikakademie.de\/tr\/wp-json\/wp\/v2\/pages\/6189\/revisions"}],"predecessor-version":[{"id":6656,"href":"https:\/\/d-t-musikakademie.de\/tr\/wp-json\/wp\/v2\/pages\/6189\/revisions\/6656"}],"wp:attachment":[{"href":"https:\/\/d-t-musikakademie.de\/tr\/wp-json\/wp\/v2\/media?parent=6189"}],"curies":[{"name":"wp","href":"https:\/\/api.w.org\/{rel}","templated":true}]}}