{"id":6272,"date":"2025-12-10T14:34:12","date_gmt":"2025-12-10T14:34:12","guid":{"rendered":"https:\/\/hwb.thetechvillehub.com\/?page_id=6272"},"modified":"2026-02-16T17:02:43","modified_gmt":"2026-02-16T17:02:43","slug":"dozenten-yu-li","status":"publish","type":"page","link":"https:\/\/d-t-musikakademie.de\/tr\/dozenten-yu-li\/","title":{"rendered":"dozenten-Yu Li"},"content":{"rendered":"<div data-elementor-type=\"wp-page\" data-elementor-id=\"6272\" class=\"elementor elementor-6272\" data-elementor-post-type=\"page\">\n\t\t\t\t\t\t<section class=\"elementor-section elementor-top-section elementor-element elementor-element-d62c380 elementor-section-full_width elementor-section-height-default elementor-section-height-default qodef-elementor-content-no\" data-id=\"d62c380\" data-element_type=\"section\" data-e-type=\"section\">\n\t\t\t\t\t\t<div class=\"elementor-container elementor-column-gap-default\">\n\t\t\t\t\t<div class=\"elementor-column elementor-col-33 elementor-top-column elementor-element elementor-element-f88c9a4 elementor-hidden-tablet elementor-hidden-mobile\" data-id=\"f88c9a4\" data-element_type=\"column\" data-e-type=\"column\" data-settings=\"{&quot;background_background&quot;:&quot;classic&quot;}\">\n\t\t\t<div class=\"elementor-widget-wrap elementor-element-populated\">\n\t\t\t\t\t<div class=\"elementor-background-overlay\"><\/div>\n\t\t\t\t\t\t<div class=\"elementor-element elementor-element-34d7b5e elementor-widget elementor-widget-spacer\" data-id=\"34d7b5e\" data-element_type=\"widget\" data-e-type=\"widget\" data-widget_type=\"spacer.default\">\n\t\t\t\t\t\t\t<div class=\"elementor-spacer\">\n\t\t\t<div class=\"elementor-spacer-inner\"><\/div>\n\t\t<\/div>\n\t\t\t\t\t\t<\/div>\n\t\t\t\t\t<\/div>\n\t\t<\/div>\n\t\t\t\t<div class=\"elementor-column elementor-col-33 elementor-top-column elementor-element elementor-element-8b496a6\" data-id=\"8b496a6\" data-element_type=\"column\" data-e-type=\"column\">\n\t\t\t<div class=\"elementor-widget-wrap elementor-element-populated\">\n\t\t\t\t\t\t<div class=\"elementor-element elementor-element-77ec771 elementor-widget elementor-widget-songbook_core_section_title\" data-id=\"77ec771\" data-element_type=\"widget\" data-e-type=\"widget\" data-widget_type=\"songbook_core_section_title.default\">\n\t\t\t\t<div class=\"elementor-widget-container\">\n\t\t\t\t\t<div class=\"qodef-shortcode qodef-m  qodef-section-title qodef-alignment--left\">\n\t\t<h6 class=\"qodef-m-subtitle\" >\n\t\t<span>\n\t\t\tProje Y\u00f6neticisi \u00b7 K\u00fclt\u00fcrel K\u00fcrat\u00f6r\t\t<\/span>\n\t<\/h6>\n\t\t<h1 class=\"qodef-m-title\" style=\"margin-top: 11px\">\n\t\t\t\t\tYU LI<br \/>\t\t\t<\/h1>\n\t\t<\/div>\t\t\t\t<\/div>\n\t\t\t\t<\/div>\n\t\t\t\t<div class=\"elementor-element elementor-element-f9f9f8a elementor-widget elementor-widget-text-editor\" data-id=\"f9f9f8a\" data-element_type=\"widget\" data-e-type=\"widget\" data-widget_type=\"text-editor.default\">\n\t\t\t\t\t\t\t\t\t<p>\u201cS\u00f6zlerin bitti\u011fi yerde m\u00fczik ba\u015flar\u2014ve insanl\u0131\u011fa a\u00e7\u0131lan bir mek\u00e2n yarat\u0131r.\u201d<\/p>\n<p>Yu Li i\u00e7in bu mek\u00e2n, y\u0131llard\u0131r incelikli sezgisi ve uluslararas\u0131 deneyimiyle \u015fekillendirdi\u011fi bir kar\u015f\u0131la\u015fma alan\u0131d\u0131r.<\/p>\n<p>Kamu Y\u00f6netimi, Uluslararas\u0131 \u0130li\u015fkiler ve \u0130leti\u015fim Bilimleri alanlar\u0131ndaki sa\u011flam akademik birikimi\u2014Alman Federal Meclisi\u2019ndeki siyasi deneyimiyle zenginle\u015ferek\u2014ona sanatsal vizyon ile toplumsal sorumlulu\u011fu bir araya getiren stratejik ve k\u00fclt\u00fcr politikas\u0131 a\u00e7\u0131s\u0131ndan d\u00fc\u015f\u00fcn\u00fclm\u00fc\u015f konseptler geli\u015ftirme olana\u011f\u0131 sunmaktad\u0131r.<\/p>\n<p>Yu Li, yirmi y\u0131l\u0131 a\u015fk\u0131n s\u00fcredir ola\u011fan\u00fcst\u00fc etki alan\u0131na sahip uluslararas\u0131 m\u00fczik projeleri ba\u015flatmakta ve ger\u00e7ekle\u015ftirmektedir. Berlin Filarmoni, New York Filarmoni, Los Angeles Filarmoni, BBC Senfoni Orkestras\u0131, Orchestre Philharmonique de Radio France ve \u00c7in Ulusal Sahne Sanatlar\u0131 Orkestras\u0131 gibi d\u00fcnyan\u0131n \u00f6nde gelen orkestralar\u0131, topluluklar\u0131, opera kurumlar\u0131 ve festivalleriyle i\u015f birli\u011fi yapmaktad\u0131r. Klasik m\u00fczik, d\u00fcnya m\u00fczi\u011fi ve caz alanlar\u0131nda \u00e7al\u0131\u015fan sanat\u00e7\u0131lar\u0131 kariyerlerini in\u015fa ederken ve sanatsal kimliklerini geli\u015ftirirken hassasiyetle desteklemektedir.<\/p>\n<p>2006 y\u0131l\u0131nda kurdu\u011fu AsianArt Management ile sanat, toplum ve k\u00fclt\u00fcrleraras\u0131 diyalo\u011fu ortak bir yank\u0131 alan\u0131nda bulu\u015fturan projeler ve programlar \u00fcretmektedir. Y\u00f6netimi alt\u0131ndaki topluluklar ECHO Klassik ve Alman Plak Ele\u015ftirmenleri \u00d6d\u00fcl\u00fc\u2019ne lay\u0131k g\u00f6r\u00fclm\u00fc\u015ft\u00fcr.<\/p>\n<p>Deutsch-T\u00fcrkische Musikakademie ile y\u00fcr\u00fctt\u00fc\u011f\u00fc ortak \u00e7al\u0131\u015fmalarda, sanatsal m\u00fckemmeliyeti, k\u00fclt\u00fcrel \u00f6z konumlanmay\u0131 ve toplumsal etkiyi uyum i\u00e7inde bir araya getiren projeler tasarlamaktad\u0131r.<\/p>\n<p>K\u00fcrat\u00f6ryel \u00e7al\u0131\u015fmalar\u0131n\u0131n yan\u0131 s\u0131ra Yu Li \u015fiirle de ilgilenmektedir. \u015eiirleri Deutschlandradio ba\u015fta olmak \u00fczere \u00e7e\u015fitli platformlarda tan\u0131t\u0131lm\u0131\u015ft\u0131r. Avrupa ile Asya aras\u0131nda k\u00fclt\u00fcrel etkile\u015fime tutkuyla katk\u0131da bulunmakta ve uzun y\u0131llard\u0131r Sch\u00f6nberg\u2019deki yerel k\u00fclt\u00fcr \u00e7al\u0131\u015fmalar\u0131nda g\u00f6n\u00fcll\u00fc j\u00fcri \u00fcyesi olarak g\u00f6rev yapmaktad\u0131r.<\/p>\t\t\t\t\t\t\t\t<\/div>\n\t\t\t\t\t<\/div>\n\t\t<\/div>\n\t\t\t\t<div class=\"elementor-column elementor-col-33 elementor-top-column elementor-element elementor-element-60d3430\" data-id=\"60d3430\" data-element_type=\"column\" data-e-type=\"column\" data-settings=\"{&quot;background_background&quot;:&quot;classic&quot;}\">\n\t\t\t<div class=\"elementor-widget-wrap elementor-element-populated\">\n\t\t\t\t\t\t<div class=\"elementor-element elementor-element-1d24f0a elementor-widget elementor-widget-spacer\" data-id=\"1d24f0a\" data-element_type=\"widget\" data-e-type=\"widget\" data-widget_type=\"spacer.default\">\n\t\t\t\t\t\t\t<div class=\"elementor-spacer\">\n\t\t\t<div class=\"elementor-spacer-inner\"><\/div>\n\t\t<\/div>\n\t\t\t\t\t\t<\/div>\n\t\t\t\t\t<\/div>\n\t\t<\/div>\n\t\t\t\t\t<\/div>\n\t\t<\/section>\n\t\t\t\t<\/div>","protected":false},"excerpt":{"rendered":"<p>Projektmanagerin \u00b7 Cultural Curator Yu Li \u201eWo Worte enden, beginnt Musik \u2013 und \u00f6ffnet einen Raum f\u00fcr Menschlichkeit.\u201c F\u00fcr Yu Li ist dieser Raum ein Ort der Begegnung, den sie seit vielen Jahren mit feinsinnigem Gesp\u00fcr und internationaler Erfahrung gestaltet. Auf einer fundierten akademischen Basis in Verwaltungswissenschaft, Internationalen Beziehungen und Kommunikationswissenschaft \u2013 bereichert durch politische [&hellip;]<\/p>\n","protected":false},"author":1,"featured_media":0,"parent":0,"menu_order":0,"comment_status":"closed","ping_status":"closed","template":"page-full-width.php","meta":{"footnotes":""},"class_list":["post-6272","page","type-page","status-publish","hentry"],"_links":{"self":[{"href":"https:\/\/d-t-musikakademie.de\/tr\/wp-json\/wp\/v2\/pages\/6272","targetHints":{"allow":["GET"]}}],"collection":[{"href":"https:\/\/d-t-musikakademie.de\/tr\/wp-json\/wp\/v2\/pages"}],"about":[{"href":"https:\/\/d-t-musikakademie.de\/tr\/wp-json\/wp\/v2\/types\/page"}],"author":[{"embeddable":true,"href":"https:\/\/d-t-musikakademie.de\/tr\/wp-json\/wp\/v2\/users\/1"}],"replies":[{"embeddable":true,"href":"https:\/\/d-t-musikakademie.de\/tr\/wp-json\/wp\/v2\/comments?post=6272"}],"version-history":[{"count":22,"href":"https:\/\/d-t-musikakademie.de\/tr\/wp-json\/wp\/v2\/pages\/6272\/revisions"}],"predecessor-version":[{"id":6659,"href":"https:\/\/d-t-musikakademie.de\/tr\/wp-json\/wp\/v2\/pages\/6272\/revisions\/6659"}],"wp:attachment":[{"href":"https:\/\/d-t-musikakademie.de\/tr\/wp-json\/wp\/v2\/media?parent=6272"}],"curies":[{"name":"wp","href":"https:\/\/api.w.org\/{rel}","templated":true}]}}