{"id":6472,"date":"2026-01-07T12:17:44","date_gmt":"2026-01-07T12:17:44","guid":{"rendered":"https:\/\/hwb.thetechvillehub.com\/?page_id=6472"},"modified":"2026-04-07T15:13:41","modified_gmt":"2026-04-07T15:13:41","slug":"datenschutz","status":"publish","type":"page","link":"https:\/\/d-t-musikakademie.de\/tr\/datenschutz\/","title":{"rendered":"Veri Koruma"},"content":{"rendered":"<div data-elementor-type=\"wp-page\" data-elementor-id=\"6472\" class=\"elementor elementor-6472\" data-elementor-post-type=\"page\">\n\t\t\t\t\t\t<section class=\"elementor-section elementor-top-section elementor-element elementor-element-3979563 elementor-section-height-min-height elementor-section-boxed elementor-section-height-default elementor-section-items-middle qodef-elementor-content-no\" data-id=\"3979563\" data-element_type=\"section\" data-e-type=\"section\" data-settings=\"{&quot;background_background&quot;:&quot;classic&quot;}\">\n\t\t\t\t\t\t<div class=\"elementor-container elementor-column-gap-default\">\n\t\t\t\t\t<div class=\"elementor-column elementor-col-100 elementor-top-column elementor-element elementor-element-708b482\" data-id=\"708b482\" data-element_type=\"column\" data-e-type=\"column\">\n\t\t\t<div class=\"elementor-widget-wrap elementor-element-populated\">\n\t\t\t\t\t\t<div class=\"elementor-element elementor-element-176055c elementor-hidden-desktop elementor-hidden-tablet elementor-hidden-mobile elementor-widget elementor-widget-eael-breadcrumbs\" data-id=\"176055c\" data-element_type=\"widget\" data-e-type=\"widget\" data-widget_type=\"eael-breadcrumbs.default\">\n\t\t\t\t<div class=\"elementor-widget-container\">\n\t\t\t\t\t\t\t<div class=\"eael-breadcrumbs\">\n\t\t\t<div class=\"eael-breadcrumbs__content\"><a href=\"https:\/\/d-t-musikakademie.de\/tr\">Home<\/a> <span class=\"eael-breadcrumb-separator\">\/ Kontakt \/<\/span> <span class = \"eael-current\">Sayfa<\/span><\/div>\t\t<\/div>\n\t\t\t\t\t\t<\/div>\n\t\t\t\t<\/div>\n\t\t\t\t<div class=\"elementor-element elementor-element-b953d08 elementor-widget elementor-widget-heading\" data-id=\"b953d08\" data-element_type=\"widget\" data-e-type=\"widget\" data-widget_type=\"heading.default\">\n\t\t\t\t\t<h2 class=\"elementor-heading-title elementor-size-default\">Veri Koruma<\/h2>\t\t\t\t<\/div>\n\t\t\t\t\t<\/div>\n\t\t<\/div>\n\t\t\t\t\t<\/div>\n\t\t<\/section>\n\t\t\t\t<section class=\"elementor-section elementor-top-section elementor-element elementor-element-d5669b3 qodef-elementor-content-grid elementor-section-boxed elementor-section-height-default elementor-section-height-default\" data-id=\"d5669b3\" data-element_type=\"section\" data-e-type=\"section\">\n\t\t\t\t\t\t<div class=\"elementor-container elementor-column-gap-default\">\n\t\t\t\t\t<div class=\"elementor-column elementor-col-100 elementor-top-column elementor-element elementor-element-933bca1\" data-id=\"933bca1\" data-element_type=\"column\" data-e-type=\"column\" data-settings=\"{&quot;background_background&quot;:&quot;classic&quot;}\">\n\t\t\t<div class=\"elementor-widget-wrap elementor-element-populated\">\n\t\t\t\t\t\t<div class=\"elementor-element elementor-element-4eb0319 elementor-widget__width-initial elementor-widget elementor-widget-text-editor\" data-id=\"4eb0319\" data-element_type=\"widget\" data-e-type=\"widget\" data-widget_type=\"text-editor.default\">\n\t\t\t\t\t\t\t\t\t<div><strong>1. Genel<\/strong><\/div><div>Bu web sitesi, kullan\u0131c\u0131lar\u0131n\u0131n ki\u015fisel verilerinin korunmas\u0131na en y\u00fcksek \u00f6nemi vermektedir. Ki\u015fisel veriler yaln\u0131zca sunulan hizmetlerin sa\u011flanmas\u0131, kullan\u0131c\u0131larla ileti\u015fim kurulmas\u0131 veya yasal y\u00fck\u00fcml\u00fcl\u00fcklerin yerine getirilmesi ama\u00e7lar\u0131yla toplan\u0131r ve i\u015flenir.<\/div><div>\u00a0<\/div><div><strong>2. Veri Toplama ve Kullan\u0131m\u0131<\/strong><\/div><div>Kullan\u0131c\u0131lar kay\u0131t olduklar\u0131nda, b\u00fclten aboneli\u011fi yapt\u0131klar\u0131nda veya ki\u015fisel veri sa\u011flad\u0131klar\u0131nda, veri toplaman\u0131n t\u00fcr\u00fc, kapsam\u0131 ve amac\u0131 hakk\u0131nda a\u00e7\u0131k ve \u015feffaf bir \u015fekilde bilgilendirilirler.<\/div><div>\u00a0<\/div><div><strong>3. \u00dc\u00e7\u00fcnc\u00fc Taraflarla Payla\u015f\u0131m<\/strong><\/div><div>Ki\u015fisel veriler, yaln\u0131zca kullan\u0131c\u0131n\u0131n a\u00e7\u0131k r\u0131zas\u0131yla veya yasal gereklilikler \u00e7er\u00e7evesinde \u00fc\u00e7\u00fcnc\u00fc taraflarla payla\u015f\u0131l\u0131r. Ki\u015fisel verilerin \u00fc\u00e7\u00fcnc\u00fc taraflara sat\u0131\u015f\u0131 yap\u0131lmaz.<\/div><div>\u00a0<\/div><div><strong>4. \u00c7erezler ve Benzer Teknolojiler<\/strong><\/div><div>Web sitesi, i\u015flevsellik ve kullan\u0131c\u0131 deneyimini optimize etmek amac\u0131yla \u00e7erezler ve benzer teknolojiler kullanmaktad\u0131r. Kullan\u0131c\u0131lar, \u00e7erezlerin kullan\u0131m\u0131na her zaman itiraz edebilir veya bunlar\u0131 devre d\u0131\u015f\u0131 b\u0131rakabilir.<\/div><div>\u00a0<\/div><div><strong>5. Veri G\u00fcvenli\u011fi ve Hukuki Dayanak<\/strong><\/div><div>Veri ihlalleri veya di\u011fer g\u00fcvenlik olaylar\u0131 durumunda, derhal uygun \u00f6nlemler al\u0131nacakt\u0131r. Ki\u015fisel verilerin i\u015flenmesi, Avrupa Birli\u011fi Genel Veri Koruma Y\u00f6netmeli\u011fi (GDPR) ve ilgili Alman veri koruma mevzuat\u0131na tam uyumlu \u015fekilde ger\u00e7ekle\u015ftirilmektedir.<\/div>\t\t\t\t\t\t\t\t<\/div>\n\t\t\t\t\t<\/div>\n\t\t<\/div>\n\t\t\t\t\t<\/div>\n\t\t<\/section>\n\t\t\t\t<\/div>","protected":false},"excerpt":{"rendered":"<p>Home \/ Kontakt \/ Page Datenschutz 1. AllgemeinesDiese Website legt gr\u00f6\u00dften Wert auf den Schutz der personenbezogenen Daten ihrer Nutzer. Personenbezogene Daten werden ausschlie\u00dflich zu den Zwecken der Bereitstellung der angebotenen Dienste, der Kontaktaufnahme oder der Erf\u00fcllung gesetzlicher Pflichten erhoben und verarbeitet.\u00a02. Erhebung und Verwendung von DatenBei Registrierung, Newsletter-Anmeldung oder sonstiger \u00dcbermittlung personenbezogener Daten wird [&hellip;]<\/p>\n","protected":false},"author":1,"featured_media":0,"parent":0,"menu_order":0,"comment_status":"closed","ping_status":"closed","template":"page-full-width.php","meta":{"footnotes":""},"class_list":["post-6472","page","type-page","status-publish","hentry"],"_links":{"self":[{"href":"https:\/\/d-t-musikakademie.de\/tr\/wp-json\/wp\/v2\/pages\/6472","targetHints":{"allow":["GET"]}}],"collection":[{"href":"https:\/\/d-t-musikakademie.de\/tr\/wp-json\/wp\/v2\/pages"}],"about":[{"href":"https:\/\/d-t-musikakademie.de\/tr\/wp-json\/wp\/v2\/types\/page"}],"author":[{"embeddable":true,"href":"https:\/\/d-t-musikakademie.de\/tr\/wp-json\/wp\/v2\/users\/1"}],"replies":[{"embeddable":true,"href":"https:\/\/d-t-musikakademie.de\/tr\/wp-json\/wp\/v2\/comments?post=6472"}],"version-history":[{"count":15,"href":"https:\/\/d-t-musikakademie.de\/tr\/wp-json\/wp\/v2\/pages\/6472\/revisions"}],"predecessor-version":[{"id":7739,"href":"https:\/\/d-t-musikakademie.de\/tr\/wp-json\/wp\/v2\/pages\/6472\/revisions\/7739"}],"wp:attachment":[{"href":"https:\/\/d-t-musikakademie.de\/tr\/wp-json\/wp\/v2\/media?parent=6472"}],"curies":[{"name":"wp","href":"https:\/\/api.w.org\/{rel}","templated":true}]}}