{"id":6595,"date":"2026-02-16T14:29:17","date_gmt":"2026-02-16T14:29:17","guid":{"rendered":"https:\/\/hwb.thetechvillehub.com\/?page_id=6595"},"modified":"2026-02-16T17:05:16","modified_gmt":"2026-02-16T17:05:16","slug":"dozenten-zelal-aktas","status":"publish","type":"page","link":"https:\/\/d-t-musikakademie.de\/tr\/dozenten-zelal-aktas\/","title":{"rendered":"dozenten-Zelal Akta\u015f"},"content":{"rendered":"<div data-elementor-type=\"wp-page\" data-elementor-id=\"6595\" class=\"elementor elementor-6595\" data-elementor-post-type=\"page\">\n\t\t\t\t\t\t<section class=\"elementor-section elementor-top-section elementor-element elementor-element-d62c380 elementor-section-full_width elementor-section-height-default elementor-section-height-default qodef-elementor-content-no\" data-id=\"d62c380\" data-element_type=\"section\" data-e-type=\"section\">\n\t\t\t\t\t\t<div class=\"elementor-container elementor-column-gap-default\">\n\t\t\t\t\t<div class=\"elementor-column elementor-col-33 elementor-top-column elementor-element elementor-element-f88c9a4 elementor-hidden-tablet elementor-hidden-mobile\" data-id=\"f88c9a4\" data-element_type=\"column\" data-e-type=\"column\" data-settings=\"{&quot;background_background&quot;:&quot;classic&quot;}\">\n\t\t\t<div class=\"elementor-widget-wrap elementor-element-populated\">\n\t\t\t\t\t<div class=\"elementor-background-overlay\"><\/div>\n\t\t\t\t\t\t<div class=\"elementor-element elementor-element-34d7b5e elementor-widget elementor-widget-spacer\" data-id=\"34d7b5e\" data-element_type=\"widget\" data-e-type=\"widget\" data-widget_type=\"spacer.default\">\n\t\t\t\t\t\t\t<div class=\"elementor-spacer\">\n\t\t\t<div class=\"elementor-spacer-inner\"><\/div>\n\t\t<\/div>\n\t\t\t\t\t\t<\/div>\n\t\t\t\t\t<\/div>\n\t\t<\/div>\n\t\t\t\t<div class=\"elementor-column elementor-col-33 elementor-top-column elementor-element elementor-element-8b496a6\" data-id=\"8b496a6\" data-element_type=\"column\" data-e-type=\"column\">\n\t\t\t<div class=\"elementor-widget-wrap elementor-element-populated\">\n\t\t\t\t\t\t<div class=\"elementor-element elementor-element-77ec771 elementor-widget elementor-widget-songbook_core_section_title\" data-id=\"77ec771\" data-element_type=\"widget\" data-e-type=\"widget\" data-widget_type=\"songbook_core_section_title.default\">\n\t\t\t\t<div class=\"elementor-widget-container\">\n\t\t\t\t\t<div class=\"qodef-shortcode qodef-m  qodef-section-title qodef-alignment--left\">\n\t\t\t<h1 class=\"qodef-m-title\" style=\"margin-top: 11px\">\n\t\t\t\t\tZelal Akta\u015f<br \/>\t\t\t<\/h1>\n\t\t<\/div>\t\t\t\t<\/div>\n\t\t\t\t<\/div>\n\t\t\t\t<div class=\"elementor-element elementor-element-f9f9f8a elementor-widget elementor-widget-text-editor\" data-id=\"f9f9f8a\" data-element_type=\"widget\" data-e-type=\"widget\" data-widget_type=\"text-editor.default\">\n\t\t\t\t\t\t\t\t\t<p class=\"p1\">Almanya\u2019da Ekim 2020\u2019de d\u00fczenlenen \u201cGrand Prize Virtuoso\u201d uluslararas\u0131 m\u00fczik yar\u0131\u015fmas\u0131nda birincilik \u00f6d\u00fcl\u00fcn\u00fc kazanan Akta\u015f, A\u011fustos 2021\u2019de Almanya\u2019n\u0131n Bonn kentindeki Beethoven Evi\u2019nde ger\u00e7ekle\u015ftirilen gala konserinde sahne almaya davet edildi. Aral\u0131k 2020\u2019de ABD\u2019nin New York kentinde d\u00fczenlenen \u201cGolden Classical Music Awards\u201d\nyar\u0131\u015fmas\u0131nda birincilik \u00f6d\u00fcl\u00fcn\u00fc ald\u0131 ve 2022 y\u0131l\u0131nda Carnegie Hall \u2013 Weill Resital Salonu\u2019nda konser vermeye davet edildi. David Fray ve Prof. Adiba Sharipova\u2019n\u0131n piyano ustal\u0131k s\u0131n\u0131flar\u0131na, Klaus Lang\u2019\u0131n beste ustal\u0131k s\u0131n\u0131f\u0131na kat\u0131ld\u0131. Prof. Craig Vear taraf\u0131ndan d\u00fczenlenen \u201cDigital Scoring\u201d at\u00f6lyesine aktif \u00fcye olarak kat\u0131ld\u0131.<\/p><p class=\"p1 translation-block\">2\u201330 Mart tarihleri aras\u0131nda ger\u00e7ekle\u015ftirilen VI. Bilkent M\u00fczik G\u00fcnleri kapsam\u0131nda, 30 Mart\u2019ta \u201cQuartet Quattro e Mezzo\u201d \u00fcyesi olarak \u201cGen\u00e7 Ustalar\u201d ba\u015fl\u0131kl\u0131 konserde Ludwig van Beethoven\u2019\u0131n Mi bemol Maj\u00f6r Piyano D\u00f6rtl\u00fcs\u00fc, WoO 36 No.1 eserini seslendirdi. 24 Mart 2023\u2019te Bilkent Konser Salonu\u2019nda d\u00fczenlenen Bilkent Bestecilerinden Yeni M\u00fczik konserine, \u015fef Kerem Tun\u00e7er y\u00f6netiminde Bilkent New Music Ensemble \u00fcyesi olarak kat\u0131ld\u0131.<\/p><p class=\"p1 translation-block\">Akta\u015f\u2019\u0131n Solo Fl\u00fct i\u00e7in D\u00f6rt Minyat\u00fcr adl\u0131 eseri, 25 May\u0131s\u2019ta \u0130zmir\u2019de d\u00fczenlenen 2022 \u0130zmir Yeni M\u00fczik G\u00fcnleri kapsam\u0131nda Almanya\u2019dan \u201cEnsemble Handwerk\u201d taraf\u0131ndan seslendirilmek \u00fczere se\u00e7ildi. Eserin pr\u00f6miyeri, 25 May\u0131s 2022\u2019de \u201cEnsemble Handwerk\u201d fl\u00fctisti Daniel Agi taraf\u0131ndan ger\u00e7ekle\u015ftirildi. Solo Fl\u00fct i\u00e7in D\u00f6rt Minyat\u00fcr eseriyle, Nisan ay\u0131nda Avusturya\u2019da d\u00fczenlenen Academia Musica Uluslararas\u0131 Beste Yar\u0131\u015fmas\u0131\u2019nda, \u201cGen\u00e7 Besteciler\u201d kategorisinde ve t\u00fcm kategoriler aras\u0131nda en y\u00fcksek puanla ikincilik \u00f6d\u00fcl\u00fcn\u00fc kazand\u0131.<\/p><p class=\"p1 translation-block\">Zelal Akta\u015f, Ankara\u2019da do\u011fdu. On \u00fc\u00e7 ya\u015f\u0131nda piyano \u00e7almaya ba\u015flad\u0131. 2019 y\u0131l\u0131nda Bilkent \u00dcniversitesi M\u00fczik Haz\u0131rl\u0131k Lisesi B\u00f6l\u00fcm\u00fc\u2019ne kabul edildi ve Oliver Jia ile piyano \u00e7al\u0131\u015fmalar\u0131na ba\u015flad\u0131. H\u00e2len Barenboim\u2013Said Akademie\u2019de birinci s\u0131n\u0131f lisans \u00f6\u011frencisi olarak \u00f6\u011frenimine devam etmekte ve piyano \u00e7al\u0131\u015fmalar\u0131n\u0131 Michael Wendeberg ile s\u00fcrd\u00fcrmektedir.<\/p>\t\t\t\t\t\t\t\t<\/div>\n\t\t\t\t\t<\/div>\n\t\t<\/div>\n\t\t\t\t<div class=\"elementor-column elementor-col-33 elementor-top-column elementor-element elementor-element-60d3430\" data-id=\"60d3430\" data-element_type=\"column\" data-e-type=\"column\" data-settings=\"{&quot;background_background&quot;:&quot;classic&quot;}\">\n\t\t\t<div class=\"elementor-widget-wrap elementor-element-populated\">\n\t\t\t\t\t\t<div class=\"elementor-element elementor-element-1d24f0a elementor-widget elementor-widget-spacer\" data-id=\"1d24f0a\" data-element_type=\"widget\" data-e-type=\"widget\" data-widget_type=\"spacer.default\">\n\t\t\t\t\t\t\t<div class=\"elementor-spacer\">\n\t\t\t<div class=\"elementor-spacer-inner\"><\/div>\n\t\t<\/div>\n\t\t\t\t\t\t<\/div>\n\t\t\t\t\t<\/div>\n\t\t<\/div>\n\t\t\t\t\t<\/div>\n\t\t<\/section>\n\t\t\t\t<\/div>","protected":false},"excerpt":{"rendered":"<p>Zelal Akta\u015f Nachdem sie beim internationalen Musikwettbewerb \u201eGrand Prize Virtuoso\u201c, der im Oktober 2020 in Deutschland stattfand, den ersten Preis gewonnen hatte, wurde Akta\u015f eingeladen, im August 2021 beim Galakonzert im Beethoven-Haus in Bonn, Deutschland, aufzutreten. Im Dezember 2020 erhielt sie den ersten Preis beim Wettbewerb \u201eGolden Classical Music Awards\u201c in New York, USA, und [&hellip;]<\/p>\n","protected":false},"author":1,"featured_media":0,"parent":0,"menu_order":0,"comment_status":"closed","ping_status":"closed","template":"page-full-width.php","meta":{"footnotes":""},"class_list":["post-6595","page","type-page","status-publish","hentry"],"_links":{"self":[{"href":"https:\/\/d-t-musikakademie.de\/tr\/wp-json\/wp\/v2\/pages\/6595","targetHints":{"allow":["GET"]}}],"collection":[{"href":"https:\/\/d-t-musikakademie.de\/tr\/wp-json\/wp\/v2\/pages"}],"about":[{"href":"https:\/\/d-t-musikakademie.de\/tr\/wp-json\/wp\/v2\/types\/page"}],"author":[{"embeddable":true,"href":"https:\/\/d-t-musikakademie.de\/tr\/wp-json\/wp\/v2\/users\/1"}],"replies":[{"embeddable":true,"href":"https:\/\/d-t-musikakademie.de\/tr\/wp-json\/wp\/v2\/comments?post=6595"}],"version-history":[{"count":6,"href":"https:\/\/d-t-musikakademie.de\/tr\/wp-json\/wp\/v2\/pages\/6595\/revisions"}],"predecessor-version":[{"id":6662,"href":"https:\/\/d-t-musikakademie.de\/tr\/wp-json\/wp\/v2\/pages\/6595\/revisions\/6662"}],"wp:attachment":[{"href":"https:\/\/d-t-musikakademie.de\/tr\/wp-json\/wp\/v2\/media?parent=6595"}],"curies":[{"name":"wp","href":"https:\/\/api.w.org\/{rel}","templated":true}]}}