{"id":6606,"date":"2026-02-16T14:41:58","date_gmt":"2026-02-16T14:41:58","guid":{"rendered":"https:\/\/hwb.thetechvillehub.com\/?page_id=6606"},"modified":"2026-02-16T16:23:44","modified_gmt":"2026-02-16T16:23:44","slug":"dozenten-tilman-ritter","status":"publish","type":"page","link":"https:\/\/d-t-musikakademie.de\/tr\/dozenten-tilman-ritter\/","title":{"rendered":"dozenten-Tilman Ritter"},"content":{"rendered":"<div data-elementor-type=\"wp-page\" data-elementor-id=\"6606\" class=\"elementor elementor-6606\" data-elementor-post-type=\"page\">\n\t\t\t\t\t\t<section class=\"elementor-section elementor-top-section elementor-element elementor-element-d62c380 elementor-section-full_width elementor-section-height-default elementor-section-height-default qodef-elementor-content-no\" data-id=\"d62c380\" data-element_type=\"section\" data-e-type=\"section\">\n\t\t\t\t\t\t<div class=\"elementor-container elementor-column-gap-default\">\n\t\t\t\t\t<div class=\"elementor-column elementor-col-33 elementor-top-column elementor-element elementor-element-22dda0d elementor-hidden-tablet elementor-hidden-mobile\" data-id=\"22dda0d\" data-element_type=\"column\" data-e-type=\"column\" data-settings=\"{&quot;background_background&quot;:&quot;classic&quot;}\">\n\t\t\t<div class=\"elementor-widget-wrap elementor-element-populated\">\n\t\t\t\t\t<div class=\"elementor-background-overlay\"><\/div>\n\t\t\t\t\t\t<div class=\"elementor-element elementor-element-46c5219 elementor-widget elementor-widget-spacer\" data-id=\"46c5219\" data-element_type=\"widget\" data-e-type=\"widget\" data-widget_type=\"spacer.default\">\n\t\t\t\t\t\t\t<div class=\"elementor-spacer\">\n\t\t\t<div class=\"elementor-spacer-inner\"><\/div>\n\t\t<\/div>\n\t\t\t\t\t\t<\/div>\n\t\t\t\t\t<\/div>\n\t\t<\/div>\n\t\t\t\t<div class=\"elementor-column elementor-col-33 elementor-top-column elementor-element elementor-element-8b496a6\" data-id=\"8b496a6\" data-element_type=\"column\" data-e-type=\"column\">\n\t\t\t<div class=\"elementor-widget-wrap elementor-element-populated\">\n\t\t\t\t\t\t<div class=\"elementor-element elementor-element-77ec771 elementor-widget elementor-widget-songbook_core_section_title\" data-id=\"77ec771\" data-element_type=\"widget\" data-e-type=\"widget\" data-widget_type=\"songbook_core_section_title.default\">\n\t\t\t\t<div class=\"elementor-widget-container\">\n\t\t\t\t\t<div class=\"qodef-shortcode qodef-m  qodef-section-title qodef-alignment--left\">\n\t\t\t<h1 class=\"qodef-m-title\" style=\"margin-top: 11px\">\n\t\t\t\t\tTILMAN RITTER<br \/>\t\t\t<\/h1>\n\t\t<\/div>\t\t\t\t<\/div>\n\t\t\t\t<\/div>\n\t\t\t\t<div class=\"elementor-element elementor-element-f9f9f8a elementor-widget elementor-widget-text-editor\" data-id=\"f9f9f8a\" data-element_type=\"widget\" data-e-type=\"widget\" data-widget_type=\"text-editor.default\">\n\t\t\t\t\t\t\t\t\t<p class=\"p1 translation-block\">Tilman Ritter, 1976 y\u0131l\u0131nda Berlin\u2019de do\u011fdu. Los Angeles\u2019taki Musicians Institute\u2019te (Klavye \u2013 Caz \/\nPop \/ Rock) ve Berlin\u2019deki \u201cHanns Eisler\u201d M\u00fczik Y\u00fcksekokulu\u2019nda (Medya M\u00fczi\u011fi Kompozisyonu)\nald\u0131\u011f\u0131 e\u011fitimin ard\u0131ndan, sahne yap\u0131mlar\u0131 ile sinema ve televizyon prod\u00fcksiyonlar\u0131 ve ayr\u0131ca\nKanada\u2019l\u0131 sanat\u00e7\u0131 \u00e7ifti Janet Cardi\ufb00 ve George Bures Miller\u2019\u0131n \u00e7al\u0131\u015fmalar\u0131 gibi g\u00f6rsel-i\u015fitsel sanat\nenstalasyonlar\u0131 i\u00e7in besteler yapmakta, d\u00fczenlemeler ve prod\u00fcksiyonlar ger\u00e7ekle\u015ftirmektedir. Bunun yan\u0131 s\u0131ra m\u00fczikal direkt\u00f6r, piyanist ve klavyeci olarak canl\u0131 performanslarla da sahne almaktad\u0131r. \u00c7ok say\u0131da tiyatro m\u00fczi\u011fine imza atm\u0131\u015f olan Ritter; Deutsches Theater Berlin, Maxim Gorki Theater, Grips Theater, Hebbel am Ufer (HAU), Hans Otto Theater Potsdam, Anhaltisches Theater Dessau, Theater Bonn, Staatstheater Stuttgart, Konzert Theater Bern, Neues Globe Theater Potsdam, Deutsches Theater G\u00f6ttingen, Vorarlberger Landestheater Bregenz ve Staatstheater Mainz gibi kurumlarda \u00e7al\u0131\u015fm\u0131\u015ft\u0131r. Son olarak Berlin\u2019deki Kabarett Tiyatrosu \u00bbDistel\u00ab\u2019de 2010\ny\u0131l\u0131ndan bu yana \u00e7e\u015fitli programlar\u0131n bestelerini ve m\u00fczik direkt\u00f6rl\u00fc\u011f\u00fcn\u00fc aral\u0131ks\u0131z olarak \u00fcstlenmektedir.<\/p><p class=\"p1\"><span class=\"s1\"><b>E\u011fitim:<\/b><\/span><\/p><ul><li class=\"p2\">1993: Hollywood, Los Angeles\u2019taki Musicians Institute\u2019te Yaz D\u00f6nemi E\u011fitimi<\/li><li class=\"p2\">1996: Abitur (Almanya lise bitirme diplomas\u0131)<\/li><li class=\"p2\">1996\/97: Hollywood, Los Angeles\u2019taki Musicians Institute\u2019te \u00f6\u011frenim<\/li><li class=\"p2\">1999\u20132005: Berlin \u201cHanns Eisler\u201d M\u00fczik Y\u00fcksekokulu\u2019nda Prof. Bernd Wefelmeyer\nile Kompozisyon (Medya M\u00fczi\u011fi) e\u011fitimi<\/li><li class=\"p2\">O tarihten bu yana serbest \u00e7al\u0131\u015fan besteci, aranj\u00f6r, orkestrat\u00f6r, m\u00fczikal direkt\u00f6r, piyanist ve klavyeci olarak \u00e7al\u0131\u015fmalar\u0131n\u0131 s\u00fcrd\u00fcrmektedir<\/li><\/ul><p class=\"p1\"><span class=\"s1\"><b>\u00d6d\u00fcller:<\/b><\/span><\/p><ul><li class=\"p2\">\u201cSing, Sing, Sing\u201d adl\u0131 k\u0131sa film i\u00e7in Avrupa Film Enstit\u00fcs\u00fc Karlsruhe taraf\u0131ndan verilen En \u0130yi K\u0131sa Film M\u00fczi\u011fi \u00d6d\u00fcl\u00fc (2002)<\/li><li class=\"p2\">Gen\u00e7 Film Bestecileri i\u00e7in Franz-Grothe \u00d6d\u00fcl\u00fc (2004)<\/li><li class=\"p2\">Yayl\u0131lar ve nefesli \u00e7alg\u0131lar d\u00f6rtl\u00fcs\u00fc i\u00e7in bestelenen In the Woods adl\u0131 kay\u0131t ile Alt\u0131n Bobby \u00d6d\u00fcl\u00fc (2006)<\/li><li class=\"p2\">2008 y\u0131l\u0131nda Los Angeles\u2019ta d\u00fczenlenen ASCAP Film Bestecileri At\u00f6lyesi\u2019ne (Richard Bellis ile) davet Newman Scoring Stage\u2019de Hollywood Studio Symphony ile bir bestesinin kaydedilmesi<\/li><\/ul><p class=\"p1\"><span class=\"s1\"><b>E\u011fitmenlik Faaliyetleri:<\/b><\/span><\/p><ul><li class=\"p2\">Babelsberg\u2019deki HFF \u201cKonrad Wol\ufb00\u201d b\u00fcnyesinde Ses B\u00f6l\u00fcm\u00fc\u2019nde armoni\/i\u015fitme e\u011fitimi ve piyano dersleri \u00f6\u011fretim g\u00f6revlisi<\/li><li class=\"p2\">Oyunculuk B\u00f6l\u00fcm\u00fc\u2019nde korepetisyon (e\u015flik) dersleri i\u00e7in \u00f6\u011fretim g\u00f6revlisi<\/li><li class=\"p2\">Berlinale Talent Campus kapsam\u0131nda d\u00fczenlenen Score Competition\u2019da kat\u0131l\u0131mc\u0131lar i\u00e7in orkestrasyon ko\u00e7u<\/li><li class=\"p1\">\u00dcniversiteye haz\u0131rl\u0131k dahil olmak \u00fczere \u00f6zel kompozisyon, m\u00fczik teorisi ve piyano dersleri<\/li><\/ul>\t\t\t\t\t\t\t\t<\/div>\n\t\t\t\t\t<\/div>\n\t\t<\/div>\n\t\t\t\t<div class=\"elementor-column elementor-col-33 elementor-top-column elementor-element elementor-element-60d3430\" data-id=\"60d3430\" data-element_type=\"column\" data-e-type=\"column\" data-settings=\"{&quot;background_background&quot;:&quot;classic&quot;}\">\n\t\t\t<div class=\"elementor-widget-wrap elementor-element-populated\">\n\t\t\t\t\t\t<div class=\"elementor-element elementor-element-1d24f0a elementor-widget elementor-widget-spacer\" data-id=\"1d24f0a\" data-element_type=\"widget\" data-e-type=\"widget\" data-widget_type=\"spacer.default\">\n\t\t\t\t\t\t\t<div class=\"elementor-spacer\">\n\t\t\t<div class=\"elementor-spacer-inner\"><\/div>\n\t\t<\/div>\n\t\t\t\t\t\t<\/div>\n\t\t\t\t\t<\/div>\n\t\t<\/div>\n\t\t\t\t\t<\/div>\n\t\t<\/section>\n\t\t\t\t<\/div>","protected":false},"excerpt":{"rendered":"<p>Tilman Ritter Tilman Ritter wurde 1976 in Berlin geboren. Seit seinem Studium am Musicians Institute in Los Angeles (Keyboard\u00a0Jazz\/Pop\/Rock) und der Hochschule f\u00fcr Musik \u201eHanns Eisler\u201c Berlin (Komposition Medienmusik), komponiert, arrangiert\u00a0und produziert er sowohl f\u00fcr die B\u00fchne, als auch f\u00fcr Film- und Fernsehproduktionen und audiovisuelle Kunstinstallationen, wie z. B. des kanadischen K\u00fcnstlerpaares Janet Cardiff und [&hellip;]<\/p>\n","protected":false},"author":1,"featured_media":0,"parent":0,"menu_order":0,"comment_status":"closed","ping_status":"closed","template":"page-full-width.php","meta":{"footnotes":""},"class_list":["post-6606","page","type-page","status-publish","hentry"],"_links":{"self":[{"href":"https:\/\/d-t-musikakademie.de\/tr\/wp-json\/wp\/v2\/pages\/6606","targetHints":{"allow":["GET"]}}],"collection":[{"href":"https:\/\/d-t-musikakademie.de\/tr\/wp-json\/wp\/v2\/pages"}],"about":[{"href":"https:\/\/d-t-musikakademie.de\/tr\/wp-json\/wp\/v2\/types\/page"}],"author":[{"embeddable":true,"href":"https:\/\/d-t-musikakademie.de\/tr\/wp-json\/wp\/v2\/users\/1"}],"replies":[{"embeddable":true,"href":"https:\/\/d-t-musikakademie.de\/tr\/wp-json\/wp\/v2\/comments?post=6606"}],"version-history":[{"count":12,"href":"https:\/\/d-t-musikakademie.de\/tr\/wp-json\/wp\/v2\/pages\/6606\/revisions"}],"predecessor-version":[{"id":6647,"href":"https:\/\/d-t-musikakademie.de\/tr\/wp-json\/wp\/v2\/pages\/6606\/revisions\/6647"}],"wp:attachment":[{"href":"https:\/\/d-t-musikakademie.de\/tr\/wp-json\/wp\/v2\/media?parent=6606"}],"curies":[{"name":"wp","href":"https:\/\/api.w.org\/{rel}","templated":true}]}}