{"id":6622,"date":"2026-02-16T15:00:50","date_gmt":"2026-02-16T15:00:50","guid":{"rendered":"https:\/\/hwb.thetechvillehub.com\/?page_id=6622"},"modified":"2026-02-16T15:38:45","modified_gmt":"2026-02-16T15:38:45","slug":"dozenten-carlo-domeniconi","status":"publish","type":"page","link":"https:\/\/d-t-musikakademie.de\/tr\/dozenten-carlo-domeniconi\/","title":{"rendered":"dozenten-Carlo Domeniconi"},"content":{"rendered":"<div data-elementor-type=\"wp-page\" data-elementor-id=\"6622\" class=\"elementor elementor-6622\" data-elementor-post-type=\"page\">\n\t\t\t\t\t\t<section class=\"elementor-section elementor-top-section elementor-element elementor-element-d62c380 elementor-section-full_width elementor-section-height-default elementor-section-height-default qodef-elementor-content-no\" data-id=\"d62c380\" data-element_type=\"section\" data-e-type=\"section\">\n\t\t\t\t\t\t<div class=\"elementor-container elementor-column-gap-default\">\n\t\t\t\t\t<div class=\"elementor-column elementor-col-33 elementor-top-column elementor-element elementor-element-f88c9a4 elementor-hidden-tablet elementor-hidden-mobile\" data-id=\"f88c9a4\" data-element_type=\"column\" data-e-type=\"column\" data-settings=\"{&quot;background_background&quot;:&quot;classic&quot;}\">\n\t\t\t<div class=\"elementor-widget-wrap elementor-element-populated\">\n\t\t\t\t\t<div class=\"elementor-background-overlay\"><\/div>\n\t\t\t\t\t\t<div class=\"elementor-element elementor-element-34d7b5e elementor-widget elementor-widget-spacer\" data-id=\"34d7b5e\" data-element_type=\"widget\" data-e-type=\"widget\" data-widget_type=\"spacer.default\">\n\t\t\t\t\t\t\t<div class=\"elementor-spacer\">\n\t\t\t<div class=\"elementor-spacer-inner\"><\/div>\n\t\t<\/div>\n\t\t\t\t\t\t<\/div>\n\t\t\t\t\t<\/div>\n\t\t<\/div>\n\t\t\t\t<div class=\"elementor-column elementor-col-33 elementor-top-column elementor-element elementor-element-8b496a6\" data-id=\"8b496a6\" data-element_type=\"column\" data-e-type=\"column\">\n\t\t\t<div class=\"elementor-widget-wrap elementor-element-populated\">\n\t\t\t\t\t\t<div class=\"elementor-element elementor-element-77ec771 elementor-widget elementor-widget-songbook_core_section_title\" data-id=\"77ec771\" data-element_type=\"widget\" data-e-type=\"widget\" data-widget_type=\"songbook_core_section_title.default\">\n\t\t\t\t<div class=\"elementor-widget-container\">\n\t\t\t\t\t<div class=\"qodef-shortcode qodef-m  qodef-section-title qodef-alignment--left\">\n\t\t\t<h1 class=\"qodef-m-title\" style=\"margin-top: 11px\">\n\t\t\t\t\tCARLO DOMENICONI<br \/>\t\t\t<\/h1>\n\t\t<\/div>\t\t\t\t<\/div>\n\t\t\t\t<\/div>\n\t\t\t\t<div class=\"elementor-element elementor-element-f9f9f8a elementor-widget elementor-widget-text-editor\" data-id=\"f9f9f8a\" data-element_type=\"widget\" data-e-type=\"widget\" data-widget_type=\"text-editor.default\">\n\t\t\t\t\t\t\t\t\t<p>Carlo Domeniconi (20 \u015eubat 1947, Cesena) \u00e7a\u011fda\u015f gitar d\u00fcnyas\u0131n\u0131n en \u00f6nemli gitarist ve bestecilerinden biri olarak kabul edilir. Sanatsal geli\u015fimi, Avrupa gelene\u011fine derin bir ba\u011fl\u0131l\u0131k ile Avrupa d\u0131\u015f\u0131 m\u00fczik k\u00fclt\u00fcrlerine a\u00e7\u0131k bir yakla\u015f\u0131m\u0131n birle\u015fimiyle \u015fekillenmi\u015ftir.<\/p><p>M\u00fczik e\u011fitimine Pesaro Konservatuvar\u0131\u2019nda, Luigi Mozzani\u2019nin k\u0131z\u0131 Carmen Lenzi-Mozzani ile ba\u015flam\u0131\u015ft\u0131r. Daha sonra e\u011fitimine Bat\u0131 Berlin\u2019de, Bruno Henze\u2019nin \u00f6\u011frencisi olan Erich B\u00fcrger ile devam etmi\u015ftir. Ayn\u0131 d\u00f6nemde bug\u00fcnk\u00fc Universit\u00e4t der K\u00fcnste Berlin\u2019de Heinz Friedrich Hartig ile kompozisyon \u00e7al\u0131\u015fm\u0131\u015f ve 1969\u20131992 y\u0131llar\u0131 aras\u0131nda burada gitar profes\u00f6r\u00fc olarak g\u00f6rev yapm\u0131\u015ft\u0131r. Ayr\u0131ca 1977\u20131980 y\u0131llar\u0131 aras\u0131nda \u0130stanbul Devlet Konservatuvar\u0131\u2019nda ders vermi\u015ftir.<\/p><p>1987 y\u0131l\u0131nda besteledi\u011fi ba\u011flama, gitar ve oda orkestras\u0131 i\u00e7in yaz\u0131lm\u0131\u015f \u201cConcerto di Berlinbul\u201d adl\u0131 eseri kariyerinin d\u00f6n\u00fcm noktalar\u0131ndan biridir. Eserin d\u00fcnya pr\u00f6miyeri 1987 y\u0131l\u0131nda Berliner Philharmonie\u2019de, ba\u011flama virt\u00fc\u00f6z\u00fc Adil Arslan ile birlikte ger\u00e7ekle\u015ftirilmi\u015ftir.<\/p><p>Yirmiden fazla gitar kon\u00e7ertosu bestelemi\u015f olan Domeniconi\u2019nin eserlerinin yakla\u015f\u0131k yar\u0131s\u0131 solo gitar i\u00e7in, di\u011fer yar\u0131s\u0131 ise gitar\u0131n yer ald\u0131\u011f\u0131 \u00e7e\u015fitli topluluklar i\u00e7in yaz\u0131lm\u0131\u015ft\u0131r. Besteleri T\u00fcrk, Arap ve Hint m\u00fczi\u011finden etkiler ta\u015f\u0131r. David Russell, John Williams, Dale Kavanagh, Shin\u2019ichi Fukuda, \u00c1lvaro Pierri, Pavel Steidl ve Los Angeles Guitar Quartet gibi uluslararas\u0131 sanat\u00e7\u0131lar eserlerini d\u00fcnya \u00e7ap\u0131nda seslendirmi\u015ftir.<\/p>\t\t\t\t\t\t\t\t<\/div>\n\t\t\t\t\t<\/div>\n\t\t<\/div>\n\t\t\t\t<div class=\"elementor-column elementor-col-33 elementor-top-column elementor-element elementor-element-60d3430\" data-id=\"60d3430\" data-element_type=\"column\" data-e-type=\"column\" data-settings=\"{&quot;background_background&quot;:&quot;classic&quot;}\">\n\t\t\t<div class=\"elementor-widget-wrap elementor-element-populated\">\n\t\t\t\t\t\t<div class=\"elementor-element elementor-element-1d24f0a elementor-widget elementor-widget-spacer\" data-id=\"1d24f0a\" data-element_type=\"widget\" data-e-type=\"widget\" data-widget_type=\"spacer.default\">\n\t\t\t\t\t\t\t<div class=\"elementor-spacer\">\n\t\t\t<div class=\"elementor-spacer-inner\"><\/div>\n\t\t<\/div>\n\t\t\t\t\t\t<\/div>\n\t\t\t\t\t<\/div>\n\t\t<\/div>\n\t\t\t\t\t<\/div>\n\t\t<\/section>\n\t\t\t\t<\/div>","protected":false},"excerpt":{"rendered":"<p>Carlo Domeniconi Carlo Domeniconi (20. Februar 1947 in Cesena) z\u00e4hlt zu den bedeutendsten Gitarristen und Komponisten der Gegenwart. Sein k\u00fcnstlerischer Werdegang ist gepr\u00e4gt von einer tiefen Verwurzelung in der europ\u00e4ischen Tradition sowie einer au\u00dfergew\u00f6hnlichen Offenheit gegen\u00fcber au\u00dfereurop\u00e4ischen Klangwelten. Seine musikalische Ausbildung begann er am Konservatorium in Pesaro bei Carmen Lenzi-Mozzani, der Tochter von Luigi Mozzani. [&hellip;]<\/p>\n","protected":false},"author":1,"featured_media":0,"parent":0,"menu_order":0,"comment_status":"closed","ping_status":"closed","template":"page-full-width.php","meta":{"footnotes":""},"class_list":["post-6622","page","type-page","status-publish","hentry"],"_links":{"self":[{"href":"https:\/\/d-t-musikakademie.de\/tr\/wp-json\/wp\/v2\/pages\/6622","targetHints":{"allow":["GET"]}}],"collection":[{"href":"https:\/\/d-t-musikakademie.de\/tr\/wp-json\/wp\/v2\/pages"}],"about":[{"href":"https:\/\/d-t-musikakademie.de\/tr\/wp-json\/wp\/v2\/types\/page"}],"author":[{"embeddable":true,"href":"https:\/\/d-t-musikakademie.de\/tr\/wp-json\/wp\/v2\/users\/1"}],"replies":[{"embeddable":true,"href":"https:\/\/d-t-musikakademie.de\/tr\/wp-json\/wp\/v2\/comments?post=6622"}],"version-history":[{"count":9,"href":"https:\/\/d-t-musikakademie.de\/tr\/wp-json\/wp\/v2\/pages\/6622\/revisions"}],"predecessor-version":[{"id":6634,"href":"https:\/\/d-t-musikakademie.de\/tr\/wp-json\/wp\/v2\/pages\/6622\/revisions\/6634"}],"wp:attachment":[{"href":"https:\/\/d-t-musikakademie.de\/tr\/wp-json\/wp\/v2\/media?parent=6622"}],"curies":[{"name":"wp","href":"https:\/\/api.w.org\/{rel}","templated":true}]}}