{"id":6663,"date":"2026-02-23T14:03:35","date_gmt":"2026-02-23T14:03:35","guid":{"rendered":"https:\/\/hwb.thetechvillehub.com\/?page_id=6663"},"modified":"2026-02-23T15:47:12","modified_gmt":"2026-02-23T15:47:12","slug":"dozenten-prof-dr-erol-parlak","status":"publish","type":"page","link":"https:\/\/d-t-musikakademie.de\/tr\/dozenten-prof-dr-erol-parlak\/","title":{"rendered":"dozenten-Prof. Dr. EROL PARLAK"},"content":{"rendered":"<div data-elementor-type=\"wp-page\" data-elementor-id=\"6663\" class=\"elementor elementor-6663\" data-elementor-post-type=\"page\">\n\t\t\t\t\t\t<section class=\"elementor-section elementor-top-section elementor-element elementor-element-d62c380 elementor-section-full_width elementor-section-height-default elementor-section-height-default qodef-elementor-content-no\" data-id=\"d62c380\" data-element_type=\"section\" data-e-type=\"section\">\n\t\t\t\t\t\t<div class=\"elementor-container elementor-column-gap-default\">\n\t\t\t\t\t<div class=\"elementor-column elementor-col-33 elementor-top-column elementor-element elementor-element-f88c9a4 elementor-hidden-tablet elementor-hidden-mobile\" data-id=\"f88c9a4\" data-element_type=\"column\" data-e-type=\"column\" data-settings=\"{&quot;background_background&quot;:&quot;classic&quot;}\">\n\t\t\t<div class=\"elementor-widget-wrap elementor-element-populated\">\n\t\t\t\t\t<div class=\"elementor-background-overlay\"><\/div>\n\t\t\t\t\t\t<div class=\"elementor-element elementor-element-34d7b5e elementor-widget elementor-widget-spacer\" data-id=\"34d7b5e\" data-element_type=\"widget\" data-e-type=\"widget\" data-widget_type=\"spacer.default\">\n\t\t\t\t\t\t\t<div class=\"elementor-spacer\">\n\t\t\t<div class=\"elementor-spacer-inner\"><\/div>\n\t\t<\/div>\n\t\t\t\t\t\t<\/div>\n\t\t\t\t\t<\/div>\n\t\t<\/div>\n\t\t\t\t<div class=\"elementor-column elementor-col-33 elementor-top-column elementor-element elementor-element-8b496a6\" data-id=\"8b496a6\" data-element_type=\"column\" data-e-type=\"column\">\n\t\t\t<div class=\"elementor-widget-wrap elementor-element-populated\">\n\t\t\t\t\t\t<div class=\"elementor-element elementor-element-77ec771 elementor-widget elementor-widget-songbook_core_section_title\" data-id=\"77ec771\" data-element_type=\"widget\" data-e-type=\"widget\" data-widget_type=\"songbook_core_section_title.default\">\n\t\t\t\t<div class=\"elementor-widget-container\">\n\t\t\t\t\t<div class=\"qodef-shortcode qodef-m  qodef-section-title qodef-alignment--left\">\n\t\t\t<h1 class=\"qodef-m-title\" style=\"margin-top: 11px\">\n\t\t\t\t\tProf. Dr.<br \/> EROL PARLAK\t\t\t<\/h1>\n\t\t<\/div>\t\t\t\t<\/div>\n\t\t\t\t<\/div>\n\t\t\t\t<div class=\"elementor-element elementor-element-f9f9f8a elementor-widget elementor-widget-text-editor\" data-id=\"f9f9f8a\" data-element_type=\"widget\" data-e-type=\"widget\" data-widget_type=\"text-editor.default\">\n\t\t\t\t\t\t\t\t\t<p>\u00a0<\/p><div class=\"translation-block\">1982-1986 y\u0131llar\u0131nda \u0130T\u00dc T\u00fcrk Musikisi Devlet Konservatuar\u0131 Temel Bilimler B\u00f6l\u00fcm\u00fc\u2019nde lisans e\u011fitimini tamamlad\u0131. \n<p>\n1986-1990 y\u0131llar\u0131nda \u0130T\u00dc T\u00fcrk Musikisi Devlet Konservatuar\u0131\u2019na \u00f6\u011fretim g\u00f6revlisi olarak \u00e7al\u0131\u015ft\u0131. \n<p>\n1986 y\u0131l\u0131nda TRT \u0130zmir Radyosu\u2019na s\u0131navla \u201cyeti\u015fmi\u015f sanat\u00e7\u0131\u201d olarak girdi, ayn\u0131 y\u0131l bu g\u00f6revden istifa ederek ayr\u0131ld\u0131. \n<p>\n1987-1990 y\u0131llar\u0131nda \u0130T\u00dc Sosyal Bilimler Enstit\u00fcs\u00fc\u2019nde y\u00fcksek lisans e\u011fitimini \u201cBozlaklar\u201d konulu tezi ile tamamlad\u0131. \n<p>\n1988 y\u0131l\u0131nda TRT \u0130stanbul Radyosu\u2019na s\u0131navla \u201cyeti\u015fmi\u015f sanat\u00e7\u0131\u201d olarak girdi. On y\u0131l s\u00fcrd\u00fcrd\u00fc\u011f\u00fc bu g\u00f6revden 1998 de istifa ederek ayr\u0131ld\u0131. \n<p>\n1992-1998 y\u0131llar\u0131nda \u0130T\u00dc Sosyal Bilimler Enstit\u00fcs\u00fc\u2019nde Sanatta Yeterlik (Sanat Doktoras\u0131) e\u011fitimini \u201cT\u00fcrkiye\u2019de El \u0130le (Tezenesiz) Ba\u011flama \u00c7alma Gelene\u011fi ve \u00c7al\u0131\u015f Teknikleri\u201d adl\u0131 tez \u00e7al\u0131\u015fmas\u0131 ile tamamlad\u0131. \n<p>\nYakla\u015f\u0131k on y\u0131l boyunca ba\u015fta Orta, Do\u011fu ve G\u00fcneydo\u011fu Anadolu ile Teke Y\u00f6resi olmak \u00fczere Anadolu\u2019nun \u00e7e\u015fitli y\u00f6relerinde alan ara\u015ft\u0131rmalar\u0131nda bulundu. \u00d6zellikle saz \u00e7al\u0131\u015f teknikleri, saz ve ses \u00fcsluplar\u0131 konusunda ara\u015ft\u0131rmalar, incelemeler yapt\u0131, bin civar\u0131nda ezgi derledi. \n<p>\n1990\u2019l\u0131 y\u0131llardan itibaren ba\u015fta Avrupa olmak \u00fczere d\u00fcnyan\u0131n \u00e7e\u015fitli yerlerinde gerek \u00f6zel okullar gerekse \u00fcniversite, akademi ve konservatuarlarda halen s\u00fcrmekte olan \u00e7ok say\u0131da konser, konferans, seminer, at\u00f6lye vb. \u00e7al\u0131\u015fmalar\u0131 yapt\u0131 sempozyumlara, kongrelere kat\u0131ld\u0131, bildiriler sundu, makaleler yay\u0131mlad\u0131.\n<p>\n1995 y\u0131l\u0131ndan itibaren yakla\u015f\u0131k be\u015f y\u0131l boyunca \u201cArif Sa\u011f Trio\u201d i\u00e7inde yer alarak yurt i\u00e7i ve yurt d\u0131\u015f\u0131nda konserlere kat\u0131ld\u0131. 1996 y\u0131l\u0131nda Alman Cumhurba\u015fkan\u0131 Roman Herzog himayesinde K\u00f6ln Filarmoni Orkestras\u0131 e\u015fli\u011finde K\u00f6ln Filarmoni salonunda, daha sonra Berlin ve Strazburg Flarmoni salonlar\u0131nda verilen \u201cConcerto for Baglama\u201d konserleri ile T\u00fcrkiye\u2019nin \u00e7e\u015fitli yerlerinde yap\u0131lan \u00e7ok say\u0131da konser bunlardand\u0131r. Ayn\u0131 d\u00f6nemde \u201cM\u0131zrapl\u0131 Sazlar Festivali\u201d kapsam\u0131nda Hollanda ve Bel\u00e7ika\u2019n\u0131n \u00f6nemli salonlar\u0131nda sahne ald\u0131. 2000 y\u0131l\u0131 ba\u015flar\u0131nda \u00f6\u011frencileriyle olu\u015fturdu\u011fu \u201cErol Parlak Ba\u011flama Be\u015flisi\u201d ile yurti\u00e7i ve yurtd\u0131\u015f\u0131nda \u00e7ok say\u0131da konser verdi, TV ve radyo program\u0131na kat\u0131ld\u0131. 2008 y\u0131l\u0131nda Essen Flarmoni salonunda yap\u0131lan konser bunlardand\u0131r. Grubun \u201cE\u015fik\u201d adl\u0131 alb\u00fcm \u00e7al\u0131\u015fmas\u0131 2004 y\u0131l\u0131nda T\u00fcrkiye\u2019de Arda M\u00fczik, 2010 y\u0131l\u0131nda Almanya\u2019da Acoustic Music Records etiketleriyle yay\u0131mland\u0131. 10 haziran 2003\u2019te Fransa Amiens Ulusal Sahnede, 12 haziran 2003\u2019te d\u00fcnyan\u0131n en \u00f6nemli etnik m\u00fczik konser salonlar\u0131ndan Paris \u201cTheatre de La Ville\u201dde solo konserler verdi. Haziran-Temmuz 2013\u2019te \u201cT\u00fcrk M\u00fczi\u011fi Ustalar\u0131 Konseri-Yol\u201d adl\u0131 proje kapsam\u0131nda Kutsi Erguner ve Pierre Rigopoulos ile Almanya Franz List M\u00fczik Akademisi vb. \u00e7e\u015fitli konser salonlar\u0131nda \u201cNefesler\u201d konulu konserlere kat\u0131ld\u0131. 2016 y\u0131l\u0131nda anonim \u015fiirlerden besteledi\u011fi \u201cBitmeyen A\u011f\u0131t \u00c7anakkale\u201d adl\u0131 bir alb\u00fcm yay\u0131mlad\u0131, konserler verdi. 2018 y\u0131l\u0131nda Yunus Emre \u015fiirlerinden besteledi\u011fi \u201cYunus Dilinden\u201d adl\u0131 bir alb\u00fcm yay\u0131mlad\u0131, konserler verdi. T.C. Cumhurba\u015fkanl\u0131\u011f\u0131 K\u00fclliyesi Kongre ve K\u00fclt\u00fcr Merkezi ile Cemal Re\u015fit Rey Salonu konseri bunlardand\u0131r. \n<p>\n2002-2006 y\u0131llar\u0131 aras\u0131nda YT\u00dc Sanat Tasar\u0131m Fak\u00fcltesinde \u00d6\u011fretim G\u00f6revlisi olarak g\u00f6rev yapt\u0131. \n<p>\n2006 y\u0131l\u0131nda \u0130T\u00dc T\u00fcrk Musikisi Devlet Konservatuar\u0131 M\u00fczikoloji B\u00f6l\u00fcm\u00fc\u2019ne Yrd. Do\u00e7ent olarak atand\u0131. 2008 y\u0131l\u0131nda Do\u00e7ent, 2014 y\u0131l\u0131nda Profes\u00f6r unvan\u0131 ald\u0131. \n<p>\n2005 y\u0131l\u0131nda ba\u015flay\u0131p halen s\u00fcrmekte olan \u201c\u0130T\u00dc Ba\u011flama G\u00fcnleri\u201d, 2012 y\u0131l\u0131 Nisan ay\u0131nda yap\u0131lan \u201cNida T\u00fcfek\u00e7i 1. Uluslararas\u0131 Ba\u011flama Sempozyumu\u201d gibi alan\u0131nda ilk olan bir\u00e7ok projeyi tasarlayarak ger\u00e7ekle\u015fmesine \u00f6nc\u00fcl\u00fck etti.\n<p>\nAnadolu Geleneksel M\u00fczik K\u00fclt\u00fcr\u00fc ve Saz(Ba\u011flama)\u2019\u0131n ba\u015fta Avrupa olmak \u00fczere d\u00fcnyan\u0131n \u00e7e\u015fitli yerlerinde \u00fcniversiteler vb. b\u00fcnyesinde yer almas\u0131 \u00e7al\u0131\u015fmalar\u0131na aktif katk\u0131 sa\u011flad\u0131.  \n<p>\nEkim 2015-Temmuz 2016 tarihleri aras\u0131nda \u0130stanbul Teknik \u00dcniversitesi ve Kings College i\u015f birli\u011fi kapsam\u0131nda Prof. Dr. Martin Stokes ile \u201c\u0130ngiltere\u2019de ya\u015fayan T\u00fcrkler aras\u0131nda \u201cAnadolu Geleneksel M\u00fczik K\u00fclt\u00fcr\u00fc ve Saz\/Ba\u011flama\u201d konulu alan ara\u015ft\u0131rmas\u0131 yapt\u0131, konserler verdi.\n<p>\nTRT M\u00fczik Kanal\u0131nda 2011-2013 y\u0131llar\u0131 aras\u0131nda \u201cUsta \u0130zler\u201d (39 b\u00f6l\u00fcm) ve 2020-2021 y\u0131llar\u0131 aras\u0131nda \u201cErol Parlak M\u00fczik At\u00f6lyesi\u201d (26 b\u00f6l\u00fcm) adl\u0131 k\u00fclt\u00fcr-sanat programlar\u0131 yapt\u0131. \n<p>\nDokuz solo, \u00fc\u00e7 enstr\u00fcmantal, dokuz karma olmak \u00fczere yirmi bir alb\u00fcm \u00e7al\u0131\u015fmas\u0131 yapt\u0131. \n<p>\n\u201cT\u00fcrkiye\u2019de El \u0130le (tezenesiz) Ba\u011flama \u00c7alma Gelene\u011fi ve \u00c7al\u0131\u015f Teknikleri\u201d adl\u0131 kitab\u0131 T.C. K\u00fclt\u00fcr Bakanl\u0131\u011f\u0131 (2000), \u201c\u015eelpe Tekni\u011fi Metodu 1\u201d adl\u0131 kitab\u0131 Ekin Yay\u0131nlar\u0131 (2001),  \u201c\u015eelpe Tekni\u011fi Metodu 2\u201d adl\u0131 kitab\u0131 Akt\u00fcel Yay\u0131nlar\u0131 (2005), \u201cErol Parlak Ba\u011flama Okulu-Parmak Tekni\u011fi (\u015eelpe) \u0130\u00e7in Sistematik K\u0131lavuz\u201d adl\u0131 kitab\u0131 Acoustic Music Books (Almanya\/ 2010) ve \u201cGarip B\u00fclb\u00fcl Ne\u015fet Erta\u015f\u201d adl\u0131 kitab\u0131 2013 y\u0131l\u0131nda Demos Yay\u0131nlar\u0131, 2019 y\u0131l\u0131nda T.C. K\u00fclt\u00fcr Bakanl\u0131\u011f\u0131 Yay\u0131nlar\u0131 taraf\u0131ndan yay\u0131mland\u0131. \n<p>\nT\u00fcrk Halk \u015eiiri ve Ozanl\u0131k gelene\u011fi do\u011frultusunda \u201cPerv\u00e2ne\u201d mahlas\u0131 ile \u00e7ok say\u0131da \u015fiir ve t\u00fcrk\u00fc \u00fcretti. Bir k\u0131sm\u0131n\u0131 sosyal medya arac\u0131l\u0131\u011f\u0131 ile payla\u015ft\u0131\u011f\u0131 bu eserler \u00e7ok say\u0131da sanat\u00e7\u0131n\u0131n alb\u00fcm\u00fcnde yer ald\u0131.  \n<p>\n1 Temmuz 2017 tarihinde Ankara\u2019da kurulan \u201cAnkara M\u00fczik ve G\u00fczel Sanatlar \u00dcniversitesi\u201dnin kurulu\u015funa \u00f6nc\u00fcl\u00fck yapt\u0131. 16 Ekim 2017 tarihinde bu \u00fcniversiteye rekt\u00f6r olarak atand\u0131. \n<p>\n2019 y\u0131l\u0131 Mart ay\u0131nda A\u011fr\u0131\u2019da bir G\u00fczel Sanatlar Lisesine ad\u0131 verildi. \n<p>\nGerek sanatsal gerekse bilimsel alana yapt\u0131\u011f\u0131 katk\u0131lar nedeni ile \u00e7e\u015fitli makam, kurum ve kurulu\u015flar taraf\u0131ndan verilen \u00f6d\u00fcller ald\u0131. T.C. Cumhurba\u015fkanl\u0131\u011f\u0131 \u201cK\u00fclt\u00fcr Sanat B\u00fcy\u00fck \u00d6d\u00fcl\u00fc\u201d (2016), T.C. K\u00fclt\u00fcr Bakanl\u0131\u011f\u0131 \u201cNe\u015fet Erta\u015f Alt\u0131n Ba\u011flama \u00d6d\u00fcl\u00fc\u201d (2013), T\u00fcrkiye Radyo Televizyon Kurumu \u201cT\u00fcrk Halk  M\u00fczi\u011fi Derleme \u00d6d\u00fcl\u00fc\u201d (1989), Milli E\u011fitim Vakf\u0131 \u201cT\u00fcrk Halk M\u00fczi\u011fine Hizmet \u00d6d\u00fcl\u00fc\u201d (1999), RADEV \u201cY\u0131l\u0131n Pozitif Bilim \u0130nsan\u0131 \u00d6d\u00fcl\u00fc\u201d (2018), Samsun Ondokuz May\u0131s \u00dcniversitesi \u201cT\u00fcrk Halk M\u00fczi\u011fi Hizmet \u00d6d\u00fcl\u00fc\u201d (2008), Uluslararas\u0131 Motif Halk Oyunlar\u0131 E\u011fitim ve \u00d6\u011fretim Vakf\u0131 \u201cT\u00fcrk Halk M\u00fczi\u011fine Hizmet \u00d6d\u00fcl\u00fc\u201d (2006), T\u00fcrk M\u00fczi\u011fi Konsey ve Dernekleri \u201cT\u00fcrk Halk M\u00fczi\u011fine Hizmet \u00d6d\u00fcl\u00fc\u201d (2005), Truva K\u00fclt\u00fcr Sanat Derne\u011fi \u201cY\u0131l\u0131n Sanat\u00e7\u0131s\u0131 \u00d6d\u00fcl\u00fc\u201d (2004) bunlardand\u0131r. \n<p>\n2022 y\u0131l\u0131nda \u00fcniversitedeki g\u00f6revinden emekli olan Erol Parlak, \u00e7al\u0131\u015fmalar\u0131nda hep Anadolu'nun k\u00fclt\u00fcrel zenginli\u011fini vurgulam\u0131\u015f, insan\u0131 esas alan ve k\u00fclt\u00fcrel \u00e7e\u015fitlilikleri ifade etmeye y\u00f6nelik bir tutum sergilemi\u015ftir. Anadolu ruhunu ve k\u00fclt\u00fcr zenginli\u011fini yorulmadan, usanmadan d\u00fcnya insanl\u0131\u011f\u0131na aktarma ad\u0131na sanatsal ve bilimsel \u00e7al\u0131\u015fmalar\u0131n\u0131 s\u00fcrd\u00fcrmektedir.<\/div><p><br \/>\u00a0<\/p>\t\t\t\t\t\t\t\t<\/div>\n\t\t\t\t\t<\/div>\n\t\t<\/div>\n\t\t\t\t<div class=\"elementor-column elementor-col-33 elementor-top-column elementor-element elementor-element-60d3430\" data-id=\"60d3430\" data-element_type=\"column\" data-e-type=\"column\" data-settings=\"{&quot;background_background&quot;:&quot;classic&quot;}\">\n\t\t\t<div class=\"elementor-widget-wrap elementor-element-populated\">\n\t\t\t\t\t\t<div class=\"elementor-element elementor-element-1d24f0a elementor-widget elementor-widget-spacer\" data-id=\"1d24f0a\" data-element_type=\"widget\" data-e-type=\"widget\" data-widget_type=\"spacer.default\">\n\t\t\t\t\t\t\t<div class=\"elementor-spacer\">\n\t\t\t<div class=\"elementor-spacer-inner\"><\/div>\n\t\t<\/div>\n\t\t\t\t\t\t<\/div>\n\t\t\t\t\t<\/div>\n\t\t<\/div>\n\t\t\t\t\t<\/div>\n\t\t<\/section>\n\t\t\t\t<\/div>","protected":false},"excerpt":{"rendered":"<p>Prof. Dr. EROL PARLAK \u00a0 Prof. Dr. Erol Parlak wurde 1964 in Ele\u015fkirt geboren. Zwischen 1982 und 1986 absolvierte er sein Bachelorstudium im Fachbereich Grundlagenwissenschaften am Staatlichen Konservatorium f\u00fcr T\u00fcrkische Musik der \u0130stanbul Teknik \u00dcniversitesi (\u0130T\u00dc).Von 1986 bis 1990 war er dort als Lehrbeauftragter t\u00e4tig.1986 bestand er die Aufnahmepr\u00fcfung beim TRT \u0130zmir Radyosu und wurde [&hellip;]<\/p>\n","protected":false},"author":1,"featured_media":0,"parent":0,"menu_order":0,"comment_status":"closed","ping_status":"closed","template":"page-full-width.php","meta":{"footnotes":""},"class_list":["post-6663","page","type-page","status-publish","hentry"],"_links":{"self":[{"href":"https:\/\/d-t-musikakademie.de\/tr\/wp-json\/wp\/v2\/pages\/6663","targetHints":{"allow":["GET"]}}],"collection":[{"href":"https:\/\/d-t-musikakademie.de\/tr\/wp-json\/wp\/v2\/pages"}],"about":[{"href":"https:\/\/d-t-musikakademie.de\/tr\/wp-json\/wp\/v2\/types\/page"}],"author":[{"embeddable":true,"href":"https:\/\/d-t-musikakademie.de\/tr\/wp-json\/wp\/v2\/users\/1"}],"replies":[{"embeddable":true,"href":"https:\/\/d-t-musikakademie.de\/tr\/wp-json\/wp\/v2\/comments?post=6663"}],"version-history":[{"count":48,"href":"https:\/\/d-t-musikakademie.de\/tr\/wp-json\/wp\/v2\/pages\/6663\/revisions"}],"predecessor-version":[{"id":6722,"href":"https:\/\/d-t-musikakademie.de\/tr\/wp-json\/wp\/v2\/pages\/6663\/revisions\/6722"}],"wp:attachment":[{"href":"https:\/\/d-t-musikakademie.de\/tr\/wp-json\/wp\/v2\/media?parent=6663"}],"curies":[{"name":"wp","href":"https:\/\/api.w.org\/{rel}","templated":true}]}}