{"id":830,"date":"2020-05-04T11:55:53","date_gmt":"2020-05-04T11:55:53","guid":{"rendered":"https:\/\/songbook.qodeinteractive.com\/?page_id=830"},"modified":"2026-05-15T09:02:32","modified_gmt":"2026-05-15T09:02:32","slug":"projekte","status":"publish","type":"page","link":"https:\/\/d-t-musikakademie.de\/tr\/projekte\/","title":{"rendered":"DTM Projeleri"},"content":{"rendered":"<div data-elementor-type=\"wp-page\" data-elementor-id=\"830\" class=\"elementor elementor-830\" data-elementor-post-type=\"page\">\n\t\t\t\t\t\t<section class=\"elementor-section elementor-top-section elementor-element elementor-element-236ab60 elementor-section-height-min-height elementor-section-boxed elementor-section-height-default elementor-section-items-middle qodef-elementor-content-no\" data-id=\"236ab60\" data-element_type=\"section\" data-e-type=\"section\" data-settings=\"{&quot;background_background&quot;:&quot;classic&quot;}\">\n\t\t\t\t\t\t<div class=\"elementor-container elementor-column-gap-default\">\n\t\t\t\t\t<div class=\"elementor-column elementor-col-100 elementor-top-column elementor-element elementor-element-9c904f5\" data-id=\"9c904f5\" data-element_type=\"column\" data-e-type=\"column\">\n\t\t\t<div class=\"elementor-widget-wrap elementor-element-populated\">\n\t\t\t\t\t\t<div class=\"elementor-element elementor-element-72b535f elementor-hidden-desktop elementor-hidden-tablet elementor-hidden-mobile elementor-widget elementor-widget-eael-breadcrumbs\" data-id=\"72b535f\" data-element_type=\"widget\" data-e-type=\"widget\" data-widget_type=\"eael-breadcrumbs.default\">\n\t\t\t\t<div class=\"elementor-widget-container\">\n\t\t\t\t\t\t\t<div class=\"eael-breadcrumbs\">\n\t\t\t<div class=\"eael-breadcrumbs__content\"><a href=\"https:\/\/d-t-musikakademie.de\/tr\">Home<\/a> <span class=\"eael-breadcrumb-separator\">\/<\/span> <span class = \"eael-current\">Sayfa<\/span><\/div>\t\t<\/div>\n\t\t\t\t\t\t<\/div>\n\t\t\t\t<\/div>\n\t\t\t\t<div class=\"elementor-element elementor-element-b28229b elementor-icon-list--layout-inline elementor-align-center elementor-list-item-link-full_width elementor-widget elementor-widget-icon-list\" data-id=\"b28229b\" data-element_type=\"widget\" data-e-type=\"widget\" data-widget_type=\"icon-list.default\">\n\t\t\t\t\t\t\t<ul class=\"elementor-icon-list-items elementor-inline-items\">\n\t\t\t\t\t\t\t<li class=\"elementor-icon-list-item elementor-inline-item\">\n\t\t\t\t\t\t\t\t\t\t\t<a href=\"https:\/\/d-t-musikakademie.de\/tr\/\">\n\n\t\t\t\t\t\t\t\t\t\t\t<span class=\"elementor-icon-list-text\">Ana Sayfa<\/span>\n\t\t\t\t\t\t\t\t\t\t\t<\/a>\n\t\t\t\t\t\t\t\t\t<\/li>\n\t\t\t\t\t\t\t\t<li class=\"elementor-icon-list-item elementor-inline-item\">\n\t\t\t\t\t\t\t\t\t\t<span class=\"elementor-icon-list-text\">Etkinlikler  <\/span>\n\t\t\t\t\t\t\t\t\t<\/li>\n\t\t\t\t\t\t<\/ul>\n\t\t\t\t\t\t<\/div>\n\t\t\t\t<div class=\"elementor-element elementor-element-455753c elementor-widget elementor-widget-heading\" data-id=\"455753c\" data-element_type=\"widget\" data-e-type=\"widget\" data-widget_type=\"heading.default\">\n\t\t\t\t\t<h2 class=\"elementor-heading-title elementor-size-default\">Projeler<\/h2>\t\t\t\t<\/div>\n\t\t\t\t\t<\/div>\n\t\t<\/div>\n\t\t\t\t\t<\/div>\n\t\t<\/section>\n\t\t\t\t<section class=\"elementor-section elementor-top-section elementor-element elementor-element-d5669b3 qodef-elementor-content-grid elementor-section-boxed elementor-section-height-default elementor-section-height-default\" data-id=\"d5669b3\" data-element_type=\"section\" data-e-type=\"section\">\n\t\t\t\t\t\t<div class=\"elementor-container elementor-column-gap-default\">\n\t\t\t\t\t<div class=\"elementor-column elementor-col-50 elementor-top-column elementor-element elementor-element-933bca1\" data-id=\"933bca1\" data-element_type=\"column\" data-e-type=\"column\" data-settings=\"{&quot;background_background&quot;:&quot;classic&quot;}\">\n\t\t\t<div class=\"elementor-widget-wrap elementor-element-populated\">\n\t\t\t\t\t\t<div class=\"elementor-element elementor-element-4f79742 elementor-widget elementor-widget-heading\" data-id=\"4f79742\" data-element_type=\"widget\" data-e-type=\"widget\" data-widget_type=\"heading.default\">\n\t\t\t\t\t<h2 class=\"elementor-heading-title elementor-size-default\">Seminerler ve Etkinlikler<\/h2>\t\t\t\t<\/div>\n\t\t\t\t<div class=\"elementor-element elementor-element-e8ec7db elementor-widget elementor-widget-text-editor\" data-id=\"e8ec7db\" data-element_type=\"widget\" data-e-type=\"widget\" data-widget_type=\"text-editor.default\">\n\t\t\t\t\t\t\t\t\t<p class=\"translation-block\"><i>Deutsch-T\u00fcrkische Musikakademie<\/i> klasik T\u00fcrk ve Avrupa m\u00fczi\u011finin \u00f6nde gelen isimlerinin yer ald\u0131\u011f\u0131 konserlere Berlin\u2019in sayg\u0131n konser salonlar\u0131nda ev sahipli\u011fi yapm\u0131\u015ft\u0131r. Entegratif m\u00fczik projelerinde tan\u0131nm\u0131\u015f besteciler, T\u00fcrk ve Avrupa m\u00fczik geleneklerini birle\u015ftirerek kendine \u00f6zg\u00fc bir m\u00fczikal tarz\nyaratm\u0131\u015flard\u0131r. DTM korolar\u0131, topluluklar\u0131 ve dans grubu geli\u015ftirdikleri repertuarlar\u0131n\u0131 y\u0131lda birka\u00e7 kez\nBerlin\u2019in b\u00fcy\u00fck konser salonlar\u0131nda sunmaktad\u0131r. Bir\u00e7ok DTM \u00f6\u011frencisi \u201cJugend musiziert\u201d\nyar\u0131\u015fmas\u0131nda \u00f6d\u00fcller kazanm\u0131\u015ft\u0131r. DTM dans grubu, Berlin\u2019deki K\u00fclt\u00fcrler Karnaval\u0131\u2019nda ikinci \u00f6d\u00fcl\u00fc alm\u0131\u015ft\u0131r. Tan\u0131nm\u0131\u015f T\u00fcrk ve Avrupal\u0131 m\u00fczik temsilcilerinin verdi\u011fi seminer ve konuk derslerde, her iki m\u00fczik k\u00fclt\u00fcr\u00fcn\u00fcn teorik ve k\u00fclt\u00fcrel arka plan\u0131 ele al\u0131nmaktad\u0131r.<\/p>\t\t\t\t\t\t\t\t<\/div>\n\t\t\t\t\t<\/div>\n\t\t<\/div>\n\t\t\t\t<div class=\"elementor-column elementor-col-50 elementor-top-column elementor-element elementor-element-b5a208e\" data-id=\"b5a208e\" data-element_type=\"column\" data-e-type=\"column\" data-settings=\"{&quot;background_background&quot;:&quot;classic&quot;}\">\n\t\t\t<div class=\"elementor-widget-wrap elementor-element-populated\">\n\t\t\t\t\t\t<div class=\"elementor-element elementor-element-1521dce elementor-widget elementor-widget-image\" data-id=\"1521dce\" data-element_type=\"widget\" data-e-type=\"widget\" data-widget_type=\"image.default\">\n\t\t\t\t\t\t\t\t\t\t\t\t<figure class=\"wp-caption\">\n\t\t\t\t\t\t\t\t\t\t<img decoding=\"async\" src=\"https:\/\/d-t-musikakademie.de\/wp-content\/uploads\/elementor\/thumbs\/unnamed-3-scaled-rkgufbd2e7oq95ahp39ck60f4wewa30jevawmj6w5o.jpg\" title=\"unnamed-3\" alt=\"Arif Sa\u011f, Yavuz Top, Ali Ekber \u00c7i\u00e7ek und Musa Ero\u011flu in der Berliner Philharmonie\" loading=\"lazy\" \/>\t\t\t\t\t\t\t\t\t\t\t<figcaption class=\"widget-image-caption wp-caption-text\">Arif Sa\u011f, Yavuz Top, Ali Ekber \u00c7i\u00e7ek ve Musa Ero\u011flu Berliner Philharmonie\u2019de<\/figcaption>\n\t\t\t\t\t\t\t\t\t\t<\/figure>\n\t\t\t\t\t\t\t\t\t<\/div>\n\t\t\t\t<div class=\"elementor-element elementor-element-15b4b43 elementor-widget elementor-widget-image\" data-id=\"15b4b43\" data-element_type=\"widget\" data-e-type=\"widget\" data-widget_type=\"image.default\">\n\t\t\t\t\t\t\t\t\t\t\t\t<figure class=\"wp-caption\">\n\t\t\t\t\t\t\t\t\t\t<img decoding=\"async\" src=\"https:\/\/d-t-musikakademie.de\/wp-content\/uploads\/elementor\/thumbs\/Seminar-Bild-Scan-1-rkzlkllgoxse7yicwolo2b9v8orer4b42uv09zi5ho.jpeg\" title=\"Seminar Bild Scan\" alt=\"Mehmet G\u00fclda\u011f, Dr. Martin Greve, Tahsin \u0130ncirci, Ursula Reinhard und Kemal Z\u00fclal\" loading=\"lazy\" \/>\t\t\t\t\t\t\t\t\t\t\t<figcaption class=\"widget-image-caption wp-caption-text\">Mehmet G\u00fclda\u011f, Dr. Martin Greve, Tahsin \u0130ncirci, Ursula Reinhard ve Kemal Z\u00fclal<\/figcaption>\n\t\t\t\t\t\t\t\t\t\t<\/figure>\n\t\t\t\t\t\t\t\t\t<\/div>\n\t\t\t\t\t<\/div>\n\t\t<\/div>\n\t\t\t\t\t<\/div>\n\t\t<\/section>\n\t\t\t\t<section class=\"elementor-section elementor-top-section elementor-element elementor-element-b8b9547 elementor-section-boxed elementor-section-height-default elementor-section-height-default qodef-elementor-content-no\" data-id=\"b8b9547\" data-element_type=\"section\" data-e-type=\"section\">\n\t\t\t\t\t\t<div class=\"elementor-container elementor-column-gap-default\">\n\t\t\t\t\t<div class=\"elementor-column elementor-col-100 elementor-top-column elementor-element elementor-element-ebde39c\" data-id=\"ebde39c\" data-element_type=\"column\" data-e-type=\"column\">\n\t\t\t<div class=\"elementor-widget-wrap\">\n\t\t\t\t\t\t\t<\/div>\n\t\t<\/div>\n\t\t\t\t\t<\/div>\n\t\t<\/section>\n\t\t\t\t<\/div>","protected":false},"excerpt":{"rendered":"<p>Home \/ Page Startseite Veranstaltungen Projekte Seminare und Veranstaltungen Die Deutsch-T\u00fcrkische Musikakademie hat in renommierten Berliner Konzerts\u00e4len Auff\u00fchrungen veranstaltet, bei denen herausragende Pers\u00f6nlichkeiten der klassischen t\u00fcrkischen und europ\u00e4ischen Musik aufgetreten sind. In integrativen Musikprojekten haben renommierte Komponisten die t\u00fcrkische und europ\u00e4ische Musiktradition zu einem einzigartigen Musikstil vereint. Die Ch\u00f6re, Ensembles und die Tanzgruppe der DTM [&hellip;]<\/p>\n","protected":false},"author":1,"featured_media":0,"parent":0,"menu_order":0,"comment_status":"closed","ping_status":"closed","template":"page-full-width.php","meta":{"footnotes":""},"class_list":["post-830","page","type-page","status-publish","hentry"],"_links":{"self":[{"href":"https:\/\/d-t-musikakademie.de\/tr\/wp-json\/wp\/v2\/pages\/830","targetHints":{"allow":["GET"]}}],"collection":[{"href":"https:\/\/d-t-musikakademie.de\/tr\/wp-json\/wp\/v2\/pages"}],"about":[{"href":"https:\/\/d-t-musikakademie.de\/tr\/wp-json\/wp\/v2\/types\/page"}],"author":[{"embeddable":true,"href":"https:\/\/d-t-musikakademie.de\/tr\/wp-json\/wp\/v2\/users\/1"}],"replies":[{"embeddable":true,"href":"https:\/\/d-t-musikakademie.de\/tr\/wp-json\/wp\/v2\/comments?post=830"}],"version-history":[{"count":93,"href":"https:\/\/d-t-musikakademie.de\/tr\/wp-json\/wp\/v2\/pages\/830\/revisions"}],"predecessor-version":[{"id":7860,"href":"https:\/\/d-t-musikakademie.de\/tr\/wp-json\/wp\/v2\/pages\/830\/revisions\/7860"}],"wp:attachment":[{"href":"https:\/\/d-t-musikakademie.de\/tr\/wp-json\/wp\/v2\/media?parent=830"}],"curies":[{"name":"wp","href":"https:\/\/api.w.org\/{rel}","templated":true}]}}